{"id":6719,"date":"2022-11-23T10:07:13","date_gmt":"2022-11-23T09:07:13","guid":{"rendered":"https:\/\/interzero.hr\/test-2\/"},"modified":"2023-09-21T10:10:37","modified_gmt":"2023-09-21T08:10:37","slug":"test-2","status":"publish","type":"page","link":"https:\/\/interzero.hr\/en\/test-2\/","title":{"rendered":"Test"},"content":{"rendered":"<div class=\"wpb-content-wrapper\"><p>[vc_row unlock_row_content=&#8221;yes&#8221; row_height_percent=&#8221;0&#8243; override_padding=&#8221;yes&#8221; h_padding=&#8221;0&#8243; top_padding=&#8221;3&#8243; bottom_padding=&#8221;3&#8243; overlay_alpha=&#8221;50&#8243; gutter_size=&#8221;3&#8243; column_width_percent=&#8221;100&#8243; shift_y=&#8221;0&#8243; z_index=&#8221;0&#8243; uncode_shortcode_id=&#8221;180233&#8243;][vc_column width=&#8221;1\/1&#8243;][vc_tabs][vc_tab title=&#8221;Table 2&#8243; tab_id=&#8221;1669192743-2-18&#8243;][vc_row_inner row_inner_height_percent=&#8221;0&#8243; back_color=&#8221;color-263416&#8243; overlay_alpha=&#8221;50&#8243; gutter_size=&#8221;3&#8243; shift_y=&#8221;0&#8243; z_index=&#8221;0&#8243; uncode_shortcode_id=&#8221;131240&#8243; back_color_type=&#8221;uncode-palette&#8221;][vc_column_inner width=&#8221;1\/2&#8243;][vc_empty_space empty_h=&#8221;2&#8243;][vc_column_text uncode_shortcode_id=&#8221;157944&#8243;]<\/p>\n<h1>TAB CONTENT<\/h1>\n<p>[\/vc_column_text][vc_empty_space empty_h=&#8221;2&#8243;][\/vc_column_inner][vc_column_inner width=&#8221;1\/2&#8243;][\/vc_column_inner][\/vc_row_inner][\/vc_tab][vc_tab title=&#8221;Tab&#8221; tab_id=&#8221;1669194277559-1-8&#8243;][vc_row_inner row_inner_height_percent=&#8221;0&#8243; back_color=&#8221;color-870240&#8243; overlay_alpha=&#8221;50&#8243; gutter_size=&#8221;3&#8243; shift_y=&#8221;0&#8243; z_index=&#8221;0&#8243; uncode_shortcode_id=&#8221;183430&#8243; back_color_type=&#8221;uncode-palette&#8221;][vc_column_inner width=&#8221;1\/1&#8243;][vc_empty_space empty_h=&#8221;2&#8243;][\/vc_column_inner][\/vc_row_inner][\/vc_tab][vc_tab title=&#8221;Tab&#8221; tab_id=&#8221;1669194278362-2-6&#8243;][vc_row_inner row_inner_height_percent=&#8221;0&#8243; back_color=&#8221;color-184177&#8243; overlay_alpha=&#8221;50&#8243; gutter_size=&#8221;3&#8243; shift_y=&#8221;0&#8243; z_index=&#8221;0&#8243; uncode_shortcode_id=&#8221;706548&#8243; back_color_type=&#8221;uncode-palette&#8221;][vc_column_inner width=&#8221;1\/1&#8243;][vc_empty_space empty_h=&#8221;2&#8243;][\/vc_column_inner][\/vc_row_inner][\/vc_tab][\/vc_tabs][\/vc_column][\/vc_row]<\/p>\n<\/div>","protected":false},"excerpt":{"rendered":"<p>[vc_row unlock_row_content=&#8221;yes&#8221; row_height_percent=&#8221;0&#8243; override_padding=&#8221;yes&#8221; h_padding=&#8221;0&#8243; top_padding=&#8221;3&#8243; bottom_padding=&#8221;3&#8243; overlay_alpha=&#8221;50&#8243; gutter_size=&#8221;3&#8243; column_width_percent=&#8221;100&#8243; shift_y=&#8221;0&#8243; z_index=&#8221;0&#8243; uncode_shortcode_id=&#8221;180233&#8243;][vc_column width=&#8221;1\/1&#8243;][vc_tabs][vc_tab title=&#8221;Table 2&#8243; tab_id=&#8221;1669192743-2-18&#8243;][vc_row_inner row_inner_height_percent=&#8221;0&#8243; back_color=&#8221;color-263416&#8243; overlay_alpha=&#8221;50&#8243; [&hellip;]<\/p>\n","protected":false},"author":4,"featured_media":0,"parent":0,"menu_order":0,"comment_status":"closed","ping_status":"closed","template":"","meta":{"_acf_changed":false,"inline_featured_image":false,"footnotes":""},"wf_page_folders":[],"class_list":["post-6719","page","type-page","status-publish","hentry"],"acf":[],"yoast_head":"<!-- This site is optimized with the Yoast SEO plugin v26.4 - https:\/\/yoast.com\/wordpress\/plugins\/seo\/ -->\n<title>Test - Interzero HR<\/title>\n<meta name=\"robots\" content=\"index, follow, max-snippet:-1, max-image-preview:large, max-video-preview:-1\" \/>\n<link rel=\"canonical\" href=\"https:\/\/interzero.hr\/en\/test-2\/\" \/>\n<meta property=\"og:locale\" content=\"en_US\" \/>\n<meta property=\"og:type\" content=\"article\" \/>\n<meta property=\"og:title\" content=\"Test - Interzero HR\" \/>\n<meta property=\"og:description\" content=\"[vc_row unlock_row_content=&#8221;yes&#8221; row_height_percent=&#8221;0&#8243; override_padding=&#8221;yes&#8221; h_padding=&#8221;0&#8243; top_padding=&#8221;3&#8243; bottom_padding=&#8221;3&#8243; overlay_alpha=&#8221;50&#8243; gutter_size=&#8221;3&#8243; column_width_percent=&#8221;100&#8243; shift_y=&#8221;0&#8243; z_index=&#8221;0&#8243; uncode_shortcode_id=&#8221;180233&#8243;][vc_column width=&#8221;1\/1&#8243;][vc_tabs][vc_tab title=&#8221;Table 2&#8243; tab_id=&#8221;1669192743-2-18&#8243;][vc_row_inner row_inner_height_percent=&#8221;0&#8243; back_color=&#8221;color-263416&#8243; overlay_alpha=&#8221;50&#8243; [&hellip;]\" \/>\n<meta property=\"og:url\" content=\"https:\/\/interzero.hr\/en\/test-2\/\" \/>\n<meta property=\"og:site_name\" content=\"Interzero HR\" \/>\n<meta property=\"article:publisher\" content=\"https:\/\/www.facebook.com\/interzero.hr\" \/>\n<meta property=\"article:modified_time\" content=\"2023-09-21T08:10:37+00:00\" \/>\n<meta name=\"twitter:card\" content=\"summary_large_image\" \/>\n<meta name=\"twitter:label1\" content=\"Est. reading time\" \/>\n\t<meta name=\"twitter:data1\" content=\"1 minute\" \/>\n<script type=\"application\/ld+json\" class=\"yoast-schema-graph\">{\"@context\":\"https:\/\/schema.org\",\"@graph\":[{\"@type\":\"WebPage\",\"@id\":\"https:\/\/interzero.hr\/en\/test-2\/\",\"url\":\"https:\/\/interzero.hr\/en\/test-2\/\",\"name\":\"Test - Interzero HR\",\"isPartOf\":{\"@id\":\"https:\/\/interzero.hr\/en\/#website\"},\"datePublished\":\"2022-11-23T09:07:13+00:00\",\"dateModified\":\"2023-09-21T08:10:37+00:00\",\"breadcrumb\":{\"@id\":\"https:\/\/interzero.hr\/en\/test-2\/#breadcrumb\"},\"inLanguage\":\"en-US\",\"potentialAction\":[{\"@type\":\"ReadAction\",\"target\":[\"https:\/\/interzero.hr\/en\/test-2\/\"]}]},{\"@type\":\"BreadcrumbList\",\"@id\":\"https:\/\/interzero.hr\/en\/test-2\/#breadcrumb\",\"itemListElement\":[{\"@type\":\"ListItem\",\"position\":1,\"name\":\"Home\",\"item\":\"https:\/\/interzero.hr\/en\/interzero-croatia\/\"},{\"@type\":\"ListItem\",\"position\":2,\"name\":\"Test\"}]},{\"@type\":\"WebSite\",\"@id\":\"https:\/\/interzero.hr\/en\/#website\",\"url\":\"https:\/\/interzero.hr\/en\/\",\"name\":\"Interzero HR\",\"description\":\"Interzero - Va\u0161 jak partner za usluge za\u0161tite okoli\u0161a\",\"publisher\":{\"@id\":\"https:\/\/interzero.hr\/en\/#organization\"},\"potentialAction\":[{\"@type\":\"SearchAction\",\"target\":{\"@type\":\"EntryPoint\",\"urlTemplate\":\"https:\/\/interzero.hr\/en\/?s={search_term_string}\"},\"query-input\":{\"@type\":\"PropertyValueSpecification\",\"valueRequired\":true,\"valueName\":\"search_term_string\"}}],\"inLanguage\":\"en-US\"},{\"@type\":\"Organization\",\"@id\":\"https:\/\/interzero.hr\/en\/#organization\",\"name\":\"Interzero Hrvatska\",\"alternateName\":\"Interzero Croatia\",\"url\":\"https:\/\/interzero.hr\/en\/\",\"logo\":{\"@type\":\"ImageObject\",\"inLanguage\":\"en-US\",\"@id\":\"https:\/\/interzero.hr\/en\/#\/schema\/logo\/image\/\",\"url\":\"https:\/\/interzero.hr\/wp-content\/uploads\/sites\/11\/2022\/10\/IZ-Logo-BG.png\",\"contentUrl\":\"https:\/\/interzero.hr\/wp-content\/uploads\/sites\/11\/2022\/10\/IZ-Logo-BG.png\",\"width\":585,\"height\":365,\"caption\":\"Interzero Hrvatska\"},\"image\":{\"@id\":\"https:\/\/interzero.hr\/en\/#\/schema\/logo\/image\/\"},\"sameAs\":[\"https:\/\/www.facebook.com\/interzero.hr\",\"https:\/\/www.linkedin.com\/company\/interzero-hrvatska\/\"]}]}<\/script>\n<!-- \/ Yoast SEO plugin. -->","yoast_head_json":{"title":"Test - Interzero HR","robots":{"index":"index","follow":"follow","max-snippet":"max-snippet:-1","max-image-preview":"max-image-preview:large","max-video-preview":"max-video-preview:-1"},"canonical":"https:\/\/interzero.hr\/en\/test-2\/","og_locale":"en_US","og_type":"article","og_title":"Test - Interzero HR","og_description":"[vc_row unlock_row_content=&#8221;yes&#8221; row_height_percent=&#8221;0&#8243; override_padding=&#8221;yes&#8221; h_padding=&#8221;0&#8243; top_padding=&#8221;3&#8243; bottom_padding=&#8221;3&#8243; overlay_alpha=&#8221;50&#8243; gutter_size=&#8221;3&#8243; column_width_percent=&#8221;100&#8243; shift_y=&#8221;0&#8243; z_index=&#8221;0&#8243; uncode_shortcode_id=&#8221;180233&#8243;][vc_column width=&#8221;1\/1&#8243;][vc_tabs][vc_tab title=&#8221;Table 2&#8243; tab_id=&#8221;1669192743-2-18&#8243;][vc_row_inner row_inner_height_percent=&#8221;0&#8243; back_color=&#8221;color-263416&#8243; overlay_alpha=&#8221;50&#8243; [&hellip;]","og_url":"https:\/\/interzero.hr\/en\/test-2\/","og_site_name":"Interzero HR","article_publisher":"https:\/\/www.facebook.com\/interzero.hr","article_modified_time":"2023-09-21T08:10:37+00:00","twitter_card":"summary_large_image","twitter_misc":{"Est. reading time":"1 minute"},"schema":{"@context":"https:\/\/schema.org","@graph":[{"@type":"WebPage","@id":"https:\/\/interzero.hr\/en\/test-2\/","url":"https:\/\/interzero.hr\/en\/test-2\/","name":"Test - Interzero HR","isPartOf":{"@id":"https:\/\/interzero.hr\/en\/#website"},"datePublished":"2022-11-23T09:07:13+00:00","dateModified":"2023-09-21T08:10:37+00:00","breadcrumb":{"@id":"https:\/\/interzero.hr\/en\/test-2\/#breadcrumb"},"inLanguage":"en-US","potentialAction":[{"@type":"ReadAction","target":["https:\/\/interzero.hr\/en\/test-2\/"]}]},{"@type":"BreadcrumbList","@id":"https:\/\/interzero.hr\/en\/test-2\/#breadcrumb","itemListElement":[{"@type":"ListItem","position":1,"name":"Home","item":"https:\/\/interzero.hr\/en\/interzero-croatia\/"},{"@type":"ListItem","position":2,"name":"Test"}]},{"@type":"WebSite","@id":"https:\/\/interzero.hr\/en\/#website","url":"https:\/\/interzero.hr\/en\/","name":"Interzero HR","description":"Interzero - Va\u0161 jak partner za usluge za\u0161tite okoli\u0161a","publisher":{"@id":"https:\/\/interzero.hr\/en\/#organization"},"potentialAction":[{"@type":"SearchAction","target":{"@type":"EntryPoint","urlTemplate":"https:\/\/interzero.hr\/en\/?s={search_term_string}"},"query-input":{"@type":"PropertyValueSpecification","valueRequired":true,"valueName":"search_term_string"}}],"inLanguage":"en-US"},{"@type":"Organization","@id":"https:\/\/interzero.hr\/en\/#organization","name":"Interzero Hrvatska","alternateName":"Interzero Croatia","url":"https:\/\/interzero.hr\/en\/","logo":{"@type":"ImageObject","inLanguage":"en-US","@id":"https:\/\/interzero.hr\/en\/#\/schema\/logo\/image\/","url":"https:\/\/interzero.hr\/wp-content\/uploads\/sites\/11\/2022\/10\/IZ-Logo-BG.png","contentUrl":"https:\/\/interzero.hr\/wp-content\/uploads\/sites\/11\/2022\/10\/IZ-Logo-BG.png","width":585,"height":365,"caption":"Interzero Hrvatska"},"image":{"@id":"https:\/\/interzero.hr\/en\/#\/schema\/logo\/image\/"},"sameAs":["https:\/\/www.facebook.com\/interzero.hr","https:\/\/www.linkedin.com\/company\/interzero-hrvatska\/"]}]}},"_links":{"self":[{"href":"https:\/\/interzero.hr\/en\/wp-json\/wp\/v2\/pages\/6719","targetHints":{"allow":["GET"]}}],"collection":[{"href":"https:\/\/interzero.hr\/en\/wp-json\/wp\/v2\/pages"}],"about":[{"href":"https:\/\/interzero.hr\/en\/wp-json\/wp\/v2\/types\/page"}],"author":[{"embeddable":true,"href":"https:\/\/interzero.hr\/en\/wp-json\/wp\/v2\/users\/4"}],"replies":[{"embeddable":true,"href":"https:\/\/interzero.hr\/en\/wp-json\/wp\/v2\/comments?post=6719"}],"version-history":[{"count":2,"href":"https:\/\/interzero.hr\/en\/wp-json\/wp\/v2\/pages\/6719\/revisions"}],"predecessor-version":[{"id":6723,"href":"https:\/\/interzero.hr\/en\/wp-json\/wp\/v2\/pages\/6719\/revisions\/6723"}],"wp:attachment":[{"href":"https:\/\/interzero.hr\/en\/wp-json\/wp\/v2\/media?parent=6719"}],"wp:term":[{"taxonomy":"wf_page_folders","embeddable":true,"href":"https:\/\/interzero.hr\/en\/wp-json\/wp\/v2\/wf_page_folders?post=6719"}],"curies":[{"name":"wp","href":"https:\/\/api.w.org\/{rel}","templated":true}]}}