{"id":6725,"date":"2023-01-31T10:26:52","date_gmt":"2023-01-31T09:26:52","guid":{"rendered":"https:\/\/interzero.hr\/services\/trading-in-raw-materials\/"},"modified":"2023-10-02T16:09:07","modified_gmt":"2023-10-02T14:09:07","slug":"trading-in-raw-materials","status":"publish","type":"page","link":"https:\/\/interzero.hr\/en\/services\/trading-in-raw-materials\/","title":{"rendered":"Trading in raw materials"},"content":{"rendered":"<div class=\"wpb-content-wrapper\"><p>[vc_row][vc_column column_width_percent=&#8221;100&#8243; align_horizontal=&#8221;align_center&#8221; gutter_size=&#8221;3&#8243; overlay_alpha=&#8221;50&#8243; shift_x=&#8221;0&#8243; shift_y=&#8221;0&#8243; shift_y_down=&#8221;0&#8243; z_index=&#8221;0&#8243; medium_width=&#8221;0&#8243; mobile_width=&#8221;0&#8243; width=&#8221;1\/1&#8243; uncode_shortcode_id=&#8221;156107&#8243;][vc_custom_heading uncode_shortcode_id=&#8221;574929&#8243;]<\/p>\n<h1><strong>Trading in raw materials<\/strong><\/h1>\n<p>[\/vc_custom_heading][vc_column_text uncode_shortcode_id=&#8221;190837&#8243;]<\/p>\n<h3>Interzero buys recycled materials, processes them and supplies the industry with high-quality recycled raw materials for new products. In this way, we maximally contribute to an efficient circular economy, which is one of the key pillars of Interzero.<\/h3>\n<p>[\/vc_column_text][\/vc_column][\/vc_row][vc_row][vc_column width=&#8221;1\/2&#8243;][vc_single_image media=&#8221;4827&#8243; media_width_percent=&#8221;100&#8243; uncode_shortcode_id=&#8221;111519&#8243; media_link=&#8221;title:https%3A%2F%2Finterzero.hr%2Fusluge%2Ftrgovanje-sirovinama%2Ftrgovina-sirovinama%2F&#8221;][\/vc_column][vc_column width=&#8221;1\/2&#8243;][vc_column_text uncode_shortcode_id=&#8221;865609&#8243;]<\/p>\n<h3><strong>Trade of raw materials<\/strong><\/h3>\n<p>At Interzero, we want a world without waste, so we make sure that waste materials are correctly and efficiently recycled and returned to the economy as important secondary raw materials.[\/vc_column_text][vc_button border_width=&#8221;0&#8243; uncode_shortcode_id=&#8221;129331&#8243; link=&#8221;url:https%3A%2F%2Finterzero.hr%2Fusluge%2Ftrgovanje-sirovinama%2Ftrgovina-sirovinama%2F|title:Trade%20in%20raw%20materials|&#8221;]find out more[\/vc_button][\/vc_column][\/vc_row][vc_row][vc_column width=&#8221;1\/2&#8243;][vc_column_text uncode_shortcode_id=&#8221;196604&#8243;]<\/p>\n<h3><strong>Sorting of raw materials<\/strong><\/h3>\n<p>Properly sorted waste materials have a significantly higher value and are the basis for obtaining secondary raw materials of the highest quality.[\/vc_column_text][vc_button border_width=&#8221;0&#8243; uncode_shortcode_id=&#8221;860977&#8243; link=&#8221;url:https%3A%2F%2Finterzero.hr%2Finterzero-solutions%2Fkupovina-sirovina%2Fsortiranje-sirovina%2F|title:Sorting%20of%20raw%20materials|&#8221;]find out more[\/vc_button][\/vc_column][vc_column width=&#8221;1\/2&#8243;][vc_single_image media=&#8221;2582&#8243; media_width_percent=&#8221;100&#8243; uncode_shortcode_id=&#8221;121317&#8243;][\/vc_column][\/vc_row][vc_row][vc_column width=&#8221;1\/1&#8243;][vc_row_inner][vc_column_inner column_width_percent=&#8221;100&#8243; align_horizontal=&#8221;align_center&#8221; gutter_size=&#8221;3&#8243; overlay_alpha=&#8221;50&#8243; shift_x=&#8221;0&#8243; shift_y=&#8221;0&#8243; shift_y_down=&#8221;0&#8243; z_index=&#8221;0&#8243; medium_width=&#8221;0&#8243; mobile_width=&#8221;0&#8243; width=&#8221;1\/1&#8243; uncode_shortcode_id=&#8221;828106&#8243;][vc_empty_space empty_h=&#8221;3&#8243;][vc_custom_heading uncode_shortcode_id=&#8221;123966&#8243;]<\/p>\n<h2><strong>Materials that are most often encountered in the trade of raw materials<\/strong><\/h2>\n<p>[\/vc_custom_heading][vc_empty_space empty_h=&#8221;2&#8243;][\/vc_column_inner][\/vc_row_inner][vc_row_inner][vc_column_inner column_width_percent=&#8221;100&#8243; gutter_size=&#8221;3&#8243; overlay_alpha=&#8221;50&#8243; shift_x=&#8221;0&#8243; shift_y=&#8221;0&#8243; shift_y_down=&#8221;0&#8243; z_index=&#8221;0&#8243; medium_width=&#8221;0&#8243; mobile_width=&#8221;0&#8243; width=&#8221;1\/2&#8243; uncode_shortcode_id=&#8221;512418&#8243;][vc_column_text uncode_shortcode_id=&#8221;144233&#8243;]<\/p>\n<h3><strong>Plastic polymers<\/strong><\/h3>\n<p>[\/vc_column_text][vc_single_image media=&#8221;5055&#8243; media_width_percent=&#8221;71&#8243; uncode_shortcode_id=&#8221;663444&#8243; media_link=&#8221;url:https%3A%2F%2Finterzero.hr%2Fusluge%2Ftrgovanje-sirovinama%2Fpolimeri%2F|title:Polimeri&#8221;][vc_button button_color=&#8221;color-263416&#8243; size=&#8221;btn-link&#8221; link=&#8221;url:https%3A%2F%2Finterzero.hr%2Fusluge%2Ftrgovanje-sirovinama%2Fpolimeri%2F|title:Polymers|&#8221; button_color_type=&#8221;uncode-palette&#8221; icon=&#8221;fa fa-arrow-right2&#8243; uncode_shortcode_id=&#8221;219701&#8243;]find out more[\/vc_button][\/vc_column_inner][vc_column_inner width=&#8221;1\/2&#8243;][vc_column_text uncode_shortcode_id=&#8221;560903&#8243;]<\/p>\n<h3><strong>Paper and cardboard<\/strong><\/h3>\n<p>[\/vc_column_text][vc_single_image media=&#8221;5057&#8243; media_width_percent=&#8221;71&#8243; uncode_shortcode_id=&#8221;141100&#8243;][vc_button button_color=&#8221;color-263416&#8243; size=&#8221;btn-link&#8221; link=&#8221;url:https%3A%2F%2Finterzero.hr%2Fusluge%2Ftrgovanje-sirovinama%2Fpapir-i-karton%2F|title:Polymers|&#8221; button_color_type=&#8221;uncode-palette&#8221; icon=&#8221;fa fa-arrow-right2&#8243; uncode_shortcode_id=&#8221;989975&#8243;]find out more[\/vc_button][\/vc_column_inner][\/vc_row_inner][\/vc_column][\/vc_row][vc_row][vc_column width=&#8221;1\/1&#8243;][uncode_block id=&#8221;4510&#8243;][\/vc_column][\/vc_row]<\/p>\n<\/div>","protected":false},"excerpt":{"rendered":"<p>[vc_row][vc_column column_width_percent=&#8221;100&#8243; align_horizontal=&#8221;align_center&#8221; gutter_size=&#8221;3&#8243; overlay_alpha=&#8221;50&#8243; shift_x=&#8221;0&#8243; shift_y=&#8221;0&#8243; shift_y_down=&#8221;0&#8243; z_index=&#8221;0&#8243; medium_width=&#8221;0&#8243; mobile_width=&#8221;0&#8243; width=&#8221;1\/1&#8243; uncode_shortcode_id=&#8221;156107&#8243;][vc_custom_heading uncode_shortcode_id=&#8221;574929&#8243;] Trading in raw materials [\/vc_custom_heading][vc_column_text uncode_shortcode_id=&#8221;190837&#8243;] [&hellip;]<\/p>\n","protected":false},"author":16,"featured_media":5554,"parent":6720,"menu_order":5,"comment_status":"closed","ping_status":"closed","template":"","meta":{"_acf_changed":false,"inline_featured_image":false,"footnotes":""},"wf_page_folders":[72],"class_list":["post-6725","page","type-page","status-publish","has-post-thumbnail","hentry","page_category-croatia-en"],"acf":[],"yoast_head":"<!-- This site is optimized with the Yoast SEO plugin v26.4 - https:\/\/yoast.com\/wordpress\/plugins\/seo\/ -->\n<title>Trading in raw materials - Interzero HR<\/title>\n<meta name=\"description\" content=\"We trade raw materials of the future. Interzero buys recycled materials, processes them and supplies the industry with high-quality recycled raw materials for new products.\" \/>\n<meta name=\"robots\" content=\"index, follow, max-snippet:-1, max-image-preview:large, max-video-preview:-1\" \/>\n<link rel=\"canonical\" href=\"https:\/\/interzero.hr\/en\/services\/trading-in-raw-materials\/\" \/>\n<meta property=\"og:locale\" content=\"en_US\" \/>\n<meta property=\"og:type\" content=\"article\" \/>\n<meta property=\"og:title\" content=\"Trading in raw materials - Interzero HR\" \/>\n<meta property=\"og:description\" content=\"We trade raw materials of the future. Interzero buys recycled materials, processes them and supplies the industry with high-quality recycled raw materials for new products.\" \/>\n<meta property=\"og:url\" content=\"https:\/\/interzero.hr\/en\/services\/trading-in-raw-materials\/\" \/>\n<meta property=\"og:site_name\" content=\"Interzero HR\" \/>\n<meta property=\"article:publisher\" content=\"https:\/\/www.facebook.com\/interzero.hr\" \/>\n<meta property=\"article:modified_time\" content=\"2023-10-02T14:09:07+00:00\" \/>\n<meta property=\"og:image\" content=\"https:\/\/interzero.hr\/wp-content\/uploads\/sites\/11\/2022\/06\/interzero-kunststoffrecycling-1870x555-1.jpg\" \/>\n\t<meta property=\"og:image:width\" content=\"1870\" \/>\n\t<meta property=\"og:image:height\" content=\"556\" \/>\n\t<meta property=\"og:image:type\" content=\"image\/jpeg\" \/>\n<meta name=\"twitter:card\" content=\"summary_large_image\" \/>\n<meta name=\"twitter:label1\" content=\"Est. reading time\" \/>\n\t<meta name=\"twitter:data1\" content=\"3 minutes\" \/>\n<script type=\"application\/ld+json\" class=\"yoast-schema-graph\">{\"@context\":\"https:\/\/schema.org\",\"@graph\":[{\"@type\":\"WebPage\",\"@id\":\"https:\/\/interzero.hr\/en\/services\/trading-in-raw-materials\/\",\"url\":\"https:\/\/interzero.hr\/en\/services\/trading-in-raw-materials\/\",\"name\":\"Trading in raw materials - Interzero HR\",\"isPartOf\":{\"@id\":\"https:\/\/interzero.hr\/en\/#website\"},\"primaryImageOfPage\":{\"@id\":\"https:\/\/interzero.hr\/en\/services\/trading-in-raw-materials\/#primaryimage\"},\"image\":{\"@id\":\"https:\/\/interzero.hr\/en\/services\/trading-in-raw-materials\/#primaryimage\"},\"thumbnailUrl\":\"https:\/\/interzero.hr\/wp-content\/uploads\/sites\/11\/2022\/06\/interzero-kunststoffrecycling-1870x555-1.jpg\",\"datePublished\":\"2023-01-31T09:26:52+00:00\",\"dateModified\":\"2023-10-02T14:09:07+00:00\",\"description\":\"We trade raw materials of the future. Interzero buys recycled materials, processes them and supplies the industry with high-quality recycled raw materials for new products.\",\"breadcrumb\":{\"@id\":\"https:\/\/interzero.hr\/en\/services\/trading-in-raw-materials\/#breadcrumb\"},\"inLanguage\":\"en-US\",\"potentialAction\":[{\"@type\":\"ReadAction\",\"target\":[\"https:\/\/interzero.hr\/en\/services\/trading-in-raw-materials\/\"]}]},{\"@type\":\"ImageObject\",\"inLanguage\":\"en-US\",\"@id\":\"https:\/\/interzero.hr\/en\/services\/trading-in-raw-materials\/#primaryimage\",\"url\":\"https:\/\/interzero.hr\/wp-content\/uploads\/sites\/11\/2022\/06\/interzero-kunststoffrecycling-1870x555-1.jpg\",\"contentUrl\":\"https:\/\/interzero.hr\/wp-content\/uploads\/sites\/11\/2022\/06\/interzero-kunststoffrecycling-1870x555-1.jpg\",\"width\":1870,\"height\":556},{\"@type\":\"BreadcrumbList\",\"@id\":\"https:\/\/interzero.hr\/en\/services\/trading-in-raw-materials\/#breadcrumb\",\"itemListElement\":[{\"@type\":\"ListItem\",\"position\":1,\"name\":\"Home\",\"item\":\"https:\/\/interzero.hr\/en\/interzero-croatia\/\"},{\"@type\":\"ListItem\",\"position\":2,\"name\":\"Services\",\"item\":\"https:\/\/interzero.hr\/en\/services\/\"},{\"@type\":\"ListItem\",\"position\":3,\"name\":\"Trading in raw materials\"}]},{\"@type\":\"WebSite\",\"@id\":\"https:\/\/interzero.hr\/en\/#website\",\"url\":\"https:\/\/interzero.hr\/en\/\",\"name\":\"Interzero HR\",\"description\":\"Interzero - Va\u0161 jak partner za usluge za\u0161tite okoli\u0161a\",\"publisher\":{\"@id\":\"https:\/\/interzero.hr\/en\/#organization\"},\"potentialAction\":[{\"@type\":\"SearchAction\",\"target\":{\"@type\":\"EntryPoint\",\"urlTemplate\":\"https:\/\/interzero.hr\/en\/?s={search_term_string}\"},\"query-input\":{\"@type\":\"PropertyValueSpecification\",\"valueRequired\":true,\"valueName\":\"search_term_string\"}}],\"inLanguage\":\"en-US\"},{\"@type\":\"Organization\",\"@id\":\"https:\/\/interzero.hr\/en\/#organization\",\"name\":\"Interzero Hrvatska\",\"alternateName\":\"Interzero Croatia\",\"url\":\"https:\/\/interzero.hr\/en\/\",\"logo\":{\"@type\":\"ImageObject\",\"inLanguage\":\"en-US\",\"@id\":\"https:\/\/interzero.hr\/en\/#\/schema\/logo\/image\/\",\"url\":\"https:\/\/interzero.hr\/wp-content\/uploads\/sites\/11\/2022\/10\/IZ-Logo-BG.png\",\"contentUrl\":\"https:\/\/interzero.hr\/wp-content\/uploads\/sites\/11\/2022\/10\/IZ-Logo-BG.png\",\"width\":585,\"height\":365,\"caption\":\"Interzero Hrvatska\"},\"image\":{\"@id\":\"https:\/\/interzero.hr\/en\/#\/schema\/logo\/image\/\"},\"sameAs\":[\"https:\/\/www.facebook.com\/interzero.hr\",\"https:\/\/www.linkedin.com\/company\/interzero-hrvatska\/\"]}]}<\/script>\n<!-- \/ Yoast SEO plugin. -->","yoast_head_json":{"title":"Trading in raw materials - Interzero HR","description":"We trade raw materials of the future. Interzero buys recycled materials, processes them and supplies the industry with high-quality recycled raw materials for new products.","robots":{"index":"index","follow":"follow","max-snippet":"max-snippet:-1","max-image-preview":"max-image-preview:large","max-video-preview":"max-video-preview:-1"},"canonical":"https:\/\/interzero.hr\/en\/services\/trading-in-raw-materials\/","og_locale":"en_US","og_type":"article","og_title":"Trading in raw materials - Interzero HR","og_description":"We trade raw materials of the future. Interzero buys recycled materials, processes them and supplies the industry with high-quality recycled raw materials for new products.","og_url":"https:\/\/interzero.hr\/en\/services\/trading-in-raw-materials\/","og_site_name":"Interzero HR","article_publisher":"https:\/\/www.facebook.com\/interzero.hr","article_modified_time":"2023-10-02T14:09:07+00:00","og_image":[{"width":1870,"height":556,"url":"https:\/\/interzero.hr\/wp-content\/uploads\/sites\/11\/2022\/06\/interzero-kunststoffrecycling-1870x555-1.jpg","type":"image\/jpeg"}],"twitter_card":"summary_large_image","twitter_misc":{"Est. reading time":"3 minutes"},"schema":{"@context":"https:\/\/schema.org","@graph":[{"@type":"WebPage","@id":"https:\/\/interzero.hr\/en\/services\/trading-in-raw-materials\/","url":"https:\/\/interzero.hr\/en\/services\/trading-in-raw-materials\/","name":"Trading in raw materials - Interzero HR","isPartOf":{"@id":"https:\/\/interzero.hr\/en\/#website"},"primaryImageOfPage":{"@id":"https:\/\/interzero.hr\/en\/services\/trading-in-raw-materials\/#primaryimage"},"image":{"@id":"https:\/\/interzero.hr\/en\/services\/trading-in-raw-materials\/#primaryimage"},"thumbnailUrl":"https:\/\/interzero.hr\/wp-content\/uploads\/sites\/11\/2022\/06\/interzero-kunststoffrecycling-1870x555-1.jpg","datePublished":"2023-01-31T09:26:52+00:00","dateModified":"2023-10-02T14:09:07+00:00","description":"We trade raw materials of the future. Interzero buys recycled materials, processes them and supplies the industry with high-quality recycled raw materials for new products.","breadcrumb":{"@id":"https:\/\/interzero.hr\/en\/services\/trading-in-raw-materials\/#breadcrumb"},"inLanguage":"en-US","potentialAction":[{"@type":"ReadAction","target":["https:\/\/interzero.hr\/en\/services\/trading-in-raw-materials\/"]}]},{"@type":"ImageObject","inLanguage":"en-US","@id":"https:\/\/interzero.hr\/en\/services\/trading-in-raw-materials\/#primaryimage","url":"https:\/\/interzero.hr\/wp-content\/uploads\/sites\/11\/2022\/06\/interzero-kunststoffrecycling-1870x555-1.jpg","contentUrl":"https:\/\/interzero.hr\/wp-content\/uploads\/sites\/11\/2022\/06\/interzero-kunststoffrecycling-1870x555-1.jpg","width":1870,"height":556},{"@type":"BreadcrumbList","@id":"https:\/\/interzero.hr\/en\/services\/trading-in-raw-materials\/#breadcrumb","itemListElement":[{"@type":"ListItem","position":1,"name":"Home","item":"https:\/\/interzero.hr\/en\/interzero-croatia\/"},{"@type":"ListItem","position":2,"name":"Services","item":"https:\/\/interzero.hr\/en\/services\/"},{"@type":"ListItem","position":3,"name":"Trading in raw materials"}]},{"@type":"WebSite","@id":"https:\/\/interzero.hr\/en\/#website","url":"https:\/\/interzero.hr\/en\/","name":"Interzero HR","description":"Interzero - Va\u0161 jak partner za usluge za\u0161tite okoli\u0161a","publisher":{"@id":"https:\/\/interzero.hr\/en\/#organization"},"potentialAction":[{"@type":"SearchAction","target":{"@type":"EntryPoint","urlTemplate":"https:\/\/interzero.hr\/en\/?s={search_term_string}"},"query-input":{"@type":"PropertyValueSpecification","valueRequired":true,"valueName":"search_term_string"}}],"inLanguage":"en-US"},{"@type":"Organization","@id":"https:\/\/interzero.hr\/en\/#organization","name":"Interzero Hrvatska","alternateName":"Interzero Croatia","url":"https:\/\/interzero.hr\/en\/","logo":{"@type":"ImageObject","inLanguage":"en-US","@id":"https:\/\/interzero.hr\/en\/#\/schema\/logo\/image\/","url":"https:\/\/interzero.hr\/wp-content\/uploads\/sites\/11\/2022\/10\/IZ-Logo-BG.png","contentUrl":"https:\/\/interzero.hr\/wp-content\/uploads\/sites\/11\/2022\/10\/IZ-Logo-BG.png","width":585,"height":365,"caption":"Interzero Hrvatska"},"image":{"@id":"https:\/\/interzero.hr\/en\/#\/schema\/logo\/image\/"},"sameAs":["https:\/\/www.facebook.com\/interzero.hr","https:\/\/www.linkedin.com\/company\/interzero-hrvatska\/"]}]}},"_links":{"self":[{"href":"https:\/\/interzero.hr\/en\/wp-json\/wp\/v2\/pages\/6725","targetHints":{"allow":["GET"]}}],"collection":[{"href":"https:\/\/interzero.hr\/en\/wp-json\/wp\/v2\/pages"}],"about":[{"href":"https:\/\/interzero.hr\/en\/wp-json\/wp\/v2\/types\/page"}],"author":[{"embeddable":true,"href":"https:\/\/interzero.hr\/en\/wp-json\/wp\/v2\/users\/16"}],"replies":[{"embeddable":true,"href":"https:\/\/interzero.hr\/en\/wp-json\/wp\/v2\/comments?post=6725"}],"version-history":[{"count":16,"href":"https:\/\/interzero.hr\/en\/wp-json\/wp\/v2\/pages\/6725\/revisions"}],"predecessor-version":[{"id":7760,"href":"https:\/\/interzero.hr\/en\/wp-json\/wp\/v2\/pages\/6725\/revisions\/7760"}],"up":[{"embeddable":true,"href":"https:\/\/interzero.hr\/en\/wp-json\/wp\/v2\/pages\/6720"}],"wp:featuredmedia":[{"embeddable":true,"href":"https:\/\/interzero.hr\/en\/wp-json\/wp\/v2\/media\/5554"}],"wp:attachment":[{"href":"https:\/\/interzero.hr\/en\/wp-json\/wp\/v2\/media?parent=6725"}],"wp:term":[{"taxonomy":"wf_page_folders","embeddable":true,"href":"https:\/\/interzero.hr\/en\/wp-json\/wp\/v2\/wf_page_folders?post=6725"}],"curies":[{"name":"wp","href":"https:\/\/api.w.org\/{rel}","templated":true}]}}