{"id":6728,"date":"2023-01-30T13:38:03","date_gmt":"2023-01-30T12:38:03","guid":{"rendered":"https:\/\/interzero.hr\/services\/consultation\/"},"modified":"2023-11-20T08:49:22","modified_gmt":"2023-11-20T07:49:22","slug":"consultation","status":"publish","type":"page","link":"https:\/\/interzero.hr\/en\/services\/consultation\/","title":{"rendered":"Consultation"},"content":{"rendered":"<div class=\"wpb-content-wrapper\"><p>[vc_row][vc_column][vc_column_text uncode_shortcode_id=&#8221;598722&#8243;]<\/p>\n<h1 style=\"text-align: center\"><strong>Consultation<\/strong><\/h1>\n<p>[\/vc_column_text][\/vc_column][\/vc_row][vc_row row_height_percent=&#8221;0&#8243; override_padding=&#8221;yes&#8221; h_padding=&#8221;2&#8243; top_padding=&#8221;3&#8243; bottom_padding=&#8221;2&#8243; overlay_alpha=&#8221;50&#8243; gutter_size=&#8221;3&#8243; column_width_percent=&#8221;100&#8243; shift_y=&#8221;0&#8243; z_index=&#8221;0&#8243; uncode_shortcode_id=&#8221;786478&#8243;][vc_column column_width_percent=&#8221;100&#8243; align_horizontal=&#8221;align_center&#8221; gutter_size=&#8221;3&#8243; overlay_alpha=&#8221;50&#8243; shift_x=&#8221;0&#8243; shift_y=&#8221;0&#8243; shift_y_down=&#8221;0&#8243; z_index=&#8221;0&#8243; medium_width=&#8221;0&#8243; mobile_width=&#8221;0&#8243; width=&#8221;1\/1&#8243; uncode_shortcode_id=&#8221;654767&#8243;][vc_custom_heading heading_semantic=&#8221;h1&#8243; text_size=&#8221;h1&#8243; uncode_shortcode_id=&#8221;801388&#8243;]<\/p>\n<h2><strong>We help our clients to meet legal requirements, optimize packaging and reduce costs related to waste management.<\/strong><\/h2>\n<p>[\/vc_custom_heading][vc_column_text text_lead=&#8221;yes&#8221; uncode_shortcode_id=&#8221;435923&#8243;]<span class=\"jCAhz ChMk0b\"><span class=\"ryNqvb\">From waste prevention to recycling and reuse: we develop individual solutions for the benefit of environmental protection according to your requirements.<\/span><\/span> <span class=\"jCAhz ChMk0b\"><span class=\"ryNqvb\">Leverage our expertise in integrated service delivery for an intelligent circular economy, improve your efficiency and increase your competitiveness.<\/span><\/span><\/p>\n<p>We advise you on waste prevention, keeping documentation for e-ONTO, extended producer responsibility &#8211; POP (EPR), to achieve an intelligent circular economy together.[\/vc_column_text][\/vc_column][\/vc_row][vc_row row_height_percent=&#8221;0&#8243; override_padding=&#8221;yes&#8221; h_padding=&#8221;2&#8243; top_padding=&#8221;4&#8243; bottom_padding=&#8221;4&#8243; overlay_alpha=&#8221;50&#8243; gutter_size=&#8221;3&#8243; column_width_percent=&#8221;100&#8243; shift_y=&#8221;0&#8243; z_index=&#8221;0&#8243; uncode_shortcode_id=&#8221;918822&#8243; el_class=&#8221;iz-red-v-vol-img-row&#8221;][vc_column column_width_percent=&#8221;100&#8243; gutter_size=&#8221;2&#8243; overlay_alpha=&#8221;50&#8243; shift_x=&#8221;0&#8243; shift_y=&#8221;0&#8243; shift_y_down=&#8221;0&#8243; z_index=&#8221;0&#8243; medium_width=&#8221;0&#8243; mobile_width=&#8221;0&#8243; width=&#8221;1\/4&#8243; uncode_shortcode_id=&#8221;138888&#8243;][vc_single_image media=&#8221;4641&#8243; media_width_percent=&#8221;100&#8243; media_ratio=&#8221;three-two&#8221; advanced=&#8221;yes&#8221; media_overlay_opacity=&#8221;50&#8243; media_overlay_anim=&#8221;no&#8221; media_padding=&#8221;2&#8243; uncode_shortcode_id=&#8221;548762&#8243; media_link=&#8221;url:https%3A%2F%2Finterzero.hr%2Fprevencija-otpada%2Fsavjetovanje%2Fprosirena-odgovornost-proizvodaca-weee-ambalaza-bamp-a%2F|title:Pro%C5%A1irena%20odgovornost%20proizvo%C4%91a%C4%8Da%20%E2%80%93%20WEEE%2C%20ambala%C5%BEa%2C%20B%26A&#8221;][vc_custom_heading text_color=&#8221;color-263416&#8243; heading_semantic=&#8221;h5&#8243; text_size=&#8221;h5&#8243; uncode_shortcode_id=&#8221;299289&#8243; text_color_type=&#8221;uncode-palette&#8221;]<strong>Extended producer responsibility (EPR) &#8211; WEEE, packaging and B&amp;A <\/strong>[\/vc_custom_heading][vc_custom_heading heading_semantic=&#8221;h3&#8243; text_font=&#8221;font-212005&#8243; text_size=&#8221;h3&#8243; uncode_shortcode_id=&#8221;173032&#8243;]We ensure EPR compliance for WEEE, packaging and B&amp;A in Croatia.[\/vc_custom_heading][vc_button button_color=&#8221;color-184177&#8243; border_width=&#8221;0&#8243; icon=&#8221;fa fa-arrow-right2&#8243; uncode_shortcode_id=&#8221;151453&#8243; button_color_type=&#8221;uncode-palette&#8221; link=&#8221;url:https%3A%2F%2Finterzero.hr%2Fen%2Fservices%2Fconsultation%2Fextended-producer-responsibility-weee-packaging-bamp-a%2F|title:Extended%20producer%20responsibility%20%E2%80%93%20WEEE%2C%20packaging%2C%20B%26amp%3BA|&#8221;]More information[\/vc_button][\/vc_column][vc_column column_width_percent=&#8221;100&#8243; gutter_size=&#8221;2&#8243; overlay_alpha=&#8221;50&#8243; shift_x=&#8221;0&#8243; shift_y=&#8221;0&#8243; shift_y_down=&#8221;0&#8243; z_index=&#8221;0&#8243; medium_width=&#8221;0&#8243; mobile_width=&#8221;0&#8243; width=&#8221;1\/4&#8243; uncode_shortcode_id=&#8221;545621&#8243;][vc_single_image media=&#8221;4850&#8243; media_width_percent=&#8221;100&#8243; media_ratio=&#8221;three-two&#8221; advanced=&#8221;yes&#8221; media_overlay_opacity=&#8221;50&#8243; media_overlay_anim=&#8221;no&#8221; media_padding=&#8221;2&#8243; uncode_shortcode_id=&#8221;207394&#8243; media_link=&#8221;url:https%3A%2F%2Finterzero.hr%2Fprevencija-otpada%2Fsavjetovanje%2Fvodenje-dokumentacije-o-otpadu-e-onto%2F|title:Vo%C4%91enje%20dokumentacije%20o%20otpadu%20%E2%80%93%20e-ONTO&#8221;][vc_custom_heading text_color=&#8221;color-263416&#8243; heading_semantic=&#8221;h5&#8243; text_size=&#8221;h5&#8243; uncode_shortcode_id=&#8221;586635&#8243; text_color_type=&#8221;uncode-palette&#8221;]<strong>Management of waste documentation &#8211; e-ONTO<\/strong>[\/vc_custom_heading][vc_custom_heading heading_semantic=&#8221;h3&#8243; text_font=&#8221;font-212005&#8243; text_size=&#8221;h3&#8243; uncode_shortcode_id=&#8221;203433&#8243;]With the waste documentation service, you can go about your core business unhindered.[\/vc_custom_heading][vc_button button_color=&#8221;color-184177&#8243; border_width=&#8221;0&#8243; icon=&#8221;fa fa-arrow-right2&#8243; uncode_shortcode_id=&#8221;898467&#8243; button_color_type=&#8221;uncode-palette&#8221; link=&#8221;url:https%3A%2F%2Finterzero.hr%2Fprevencija-otpada%2Fsavjetovanje%2Fvodenje-dokumentacije-o-otpadu-e-onto%2F|title:Extended%20producer%20responsibility%20%E2%80%93%20WEEE%2C%20packaging%2C%20B%26amp%3BA|&#8221;]More information[\/vc_button][\/vc_column][vc_column column_width_percent=&#8221;100&#8243; gutter_size=&#8221;2&#8243; overlay_alpha=&#8221;50&#8243; shift_x=&#8221;0&#8243; shift_y=&#8221;0&#8243; shift_y_down=&#8221;0&#8243; z_index=&#8221;0&#8243; medium_width=&#8221;0&#8243; mobile_width=&#8221;0&#8243; width=&#8221;1\/4&#8243; uncode_shortcode_id=&#8221;449859&#8243;][vc_single_image media=&#8221;4854&#8243; media_width_percent=&#8221;100&#8243; media_ratio=&#8221;three-two&#8221; advanced=&#8221;yes&#8221; media_overlay_opacity=&#8221;50&#8243; media_overlay_anim=&#8221;no&#8221; media_padding=&#8221;2&#8243; uncode_shortcode_id=&#8221;769895&#8243; media_link=&#8221;url:https%3A%2F%2Finterzero.hr%2Fprevencija-otpada%2Fsavjetovanje%2Fsavjetovanje-o-gospodarenju-otpadom%2F|title:Savjetovanje%20o%20gospodarenju%20otpadom&#8221;][vc_custom_heading text_color=&#8221;color-263416&#8243; heading_semantic=&#8221;h5&#8243; text_size=&#8221;h5&#8243; uncode_shortcode_id=&#8221;126490&#8243; text_color_type=&#8221;uncode-palette&#8221;]<strong>Consulting on waste management<\/strong>[\/vc_custom_heading][vc_custom_heading heading_semantic=&#8221;h3&#8243; text_font=&#8221;font-212005&#8243; text_size=&#8221;h3&#8243; uncode_shortcode_id=&#8221;381259&#8243;]We provide consulting services for the establishment of a complete and sustainable waste management system.[\/vc_custom_heading][vc_button button_color=&#8221;color-184177&#8243; border_width=&#8221;0&#8243; icon=&#8221;fa fa-arrow-right2&#8243; uncode_shortcode_id=&#8221;821847&#8243; button_color_type=&#8221;uncode-palette&#8221; link=&#8221;url:https%3A%2F%2Finterzero.hr%2Fprevencija-otpada%2Fsavjetovanje%2Fsavjetovanje-o-gospodarenju-otpadom%2F|title:Extended%20producer%20responsibility%20%E2%80%93%20WEEE%2C%20packaging%2C%20B%26amp%3BA|&#8221;]More information[\/vc_button][\/vc_column][vc_column width=&#8221;1\/4&#8243;][vc_single_image media=&#8221;2407&#8243; media_width_percent=&#8221;100&#8243; uncode_shortcode_id=&#8221;381479&#8243; media_link=&#8221;url:https%3A%2F%2Finterzero.hr%2Fprevencija-otpada%2Fsavjetovanje%2Fizvoz-ambalaziranih-proizvoda%2F|title:Izvoz%20ambala%C5%BEiranih%20proizvoda&#8221;][vc_custom_heading text_color=&#8221;color-263416&#8243; heading_semantic=&#8221;h5&#8243; text_size=&#8221;h5&#8243; uncode_shortcode_id=&#8221;182220&#8243; text_color_type=&#8221;uncode-palette&#8221;]<strong>Export of packaged products<\/strong>[\/vc_custom_heading][vc_custom_heading text_size=&#8221;h3&#8243; uncode_shortcode_id=&#8221;162778&#8243;]<strong>Does your export to European Union countries comply with the legislation of those countries regarding packaging waste?<\/strong>[\/vc_custom_heading][vc_button button_color=&#8221;color-184177&#8243; border_width=&#8221;0&#8243; icon=&#8221;fa fa-arrow-right2&#8243; uncode_shortcode_id=&#8221;185001&#8243; button_color_type=&#8221;uncode-palette&#8221; link=&#8221;url:https%3A%2F%2Finterzero.hr%2Fprevencija-otpada%2Fsavjetovanje%2Fizvoz-ambalaziranih-proizvoda%2F|title:Extended%20producer%20responsibility%20%E2%80%93%20WEEE%2C%20packaging%2C%20B%26amp%3BA|&#8221;]More information[\/vc_button][\/vc_column][\/vc_row][vc_row row_height_percent=&#8221;0&#8243; override_padding=&#8221;yes&#8221; h_padding=&#8221;2&#8243; top_padding=&#8221;3&#8243; bottom_padding=&#8221;3&#8243; back_image=&#8221;2035&#8243; overlay_color=&#8221;color-184177&#8243; overlay_alpha=&#8221;35&#8243; gutter_size=&#8221;3&#8243; column_width_percent=&#8221;100&#8243; shift_y=&#8221;0&#8243; z_index=&#8221;0&#8243; uncode_shortcode_id=&#8221;443759&#8243; row_height_pixel=&#8221;400&#8243; overlay_color_type=&#8221;uncode-palette&#8221; el_class=&#8221;iz-related-link-row&#8221;][vc_column column_width_percent=&#8221;100&#8243; position_vertical=&#8221;middle&#8221; align_horizontal=&#8221;align_center&#8221; gutter_size=&#8221;3&#8243; style=&#8221;dark&#8221; overlay_alpha=&#8221;0&#8243; shift_x=&#8221;0&#8243; shift_y=&#8221;0&#8243; shift_y_down=&#8221;0&#8243; z_index=&#8221;0&#8243; medium_width=&#8221;0&#8243; mobile_width=&#8221;0&#8243; width=&#8221;1\/1&#8243; uncode_shortcode_id=&#8221;204882&#8243;][vc_row_inner][vc_column_inner width=&#8221;1\/1&#8243;][\/vc_column_inner][\/vc_row_inner][vc_custom_heading heading_semantic=&#8221;h1&#8243; text_size=&#8221;h1&#8243; uncode_shortcode_id=&#8221;307131&#8243;]<strong>Our company<\/strong>[\/vc_custom_heading][vc_custom_heading heading_semantic=&#8221;h3&#8243; text_size=&#8221;h3&#8243; uncode_shortcode_id=&#8221;863862&#8243;]Help shape the circular economy of the future.[\/vc_custom_heading][vc_button button_color=&#8221;color-263416&#8243; size=&#8221;btn-lg&#8221; border_width=&#8221;0&#8243; button_color_type=&#8221;uncode-palette&#8221; uncode_shortcode_id=&#8221;103902&#8243; link=&#8221;url:https%3A%2F%2Finterzero.hr%2Fen%2Fcompany%2Fabout-us-interzero%2F|title:About%20us%20%E2%80%93%20INTERZERO|&#8221;]Get to know us[\/vc_button][\/vc_column][\/vc_row][vc_row][vc_column width=&#8221;1\/1&#8243;][uncode_block id=&#8221;4510&#8243;][\/vc_column][\/vc_row]<\/p>\n<\/div>","protected":false},"excerpt":{"rendered":"<p>[vc_row][vc_column][vc_column_text uncode_shortcode_id=&#8221;598722&#8243;] Consultation [\/vc_column_text][\/vc_column][\/vc_row][vc_row row_height_percent=&#8221;0&#8243; override_padding=&#8221;yes&#8221; h_padding=&#8221;2&#8243; top_padding=&#8221;3&#8243; bottom_padding=&#8221;2&#8243; overlay_alpha=&#8221;50&#8243; gutter_size=&#8221;3&#8243; column_width_percent=&#8221;100&#8243; shift_y=&#8221;0&#8243; z_index=&#8221;0&#8243; uncode_shortcode_id=&#8221;786478&#8243;][vc_column column_width_percent=&#8221;100&#8243; align_horizontal=&#8221;align_center&#8221; gutter_size=&#8221;3&#8243; overlay_alpha=&#8221;50&#8243; shift_x=&#8221;0&#8243; [&hellip;]<\/p>\n","protected":false},"author":84,"featured_media":5719,"parent":6720,"menu_order":2,"comment_status":"closed","ping_status":"closed","template":"","meta":{"_acf_changed":false,"inline_featured_image":false,"footnotes":""},"wf_page_folders":[72],"class_list":["post-6728","page","type-page","status-publish","has-post-thumbnail","hentry","page_category-croatia-en"],"acf":[],"yoast_head":"<!-- This site is optimized with the Yoast SEO plugin v26.4 - https:\/\/yoast.com\/wordpress\/plugins\/seo\/ -->\n<title>Consultation - Interzero HR<\/title>\n<meta name=\"description\" content=\"Consulting on POP, e-ONTO, waste management and export to other countries. Use our expertise and let us support you.\" \/>\n<meta name=\"robots\" content=\"index, follow, max-snippet:-1, max-image-preview:large, max-video-preview:-1\" \/>\n<link rel=\"canonical\" href=\"https:\/\/interzero.hr\/en\/services\/consultation\/\" \/>\n<meta property=\"og:locale\" content=\"en_US\" \/>\n<meta property=\"og:type\" content=\"article\" \/>\n<meta property=\"og:title\" content=\"Consultation - Interzero HR\" \/>\n<meta property=\"og:description\" content=\"Consulting on POP, e-ONTO, waste management and export to other countries. Use our expertise and let us support you.\" \/>\n<meta property=\"og:url\" content=\"https:\/\/interzero.hr\/en\/services\/consultation\/\" \/>\n<meta property=\"og:site_name\" content=\"Interzero HR\" \/>\n<meta property=\"article:publisher\" content=\"https:\/\/www.facebook.com\/interzero.hr\" \/>\n<meta property=\"article:modified_time\" content=\"2023-11-20T07:49:22+00:00\" \/>\n<meta property=\"og:image\" content=\"https:\/\/interzero.hr\/wp-content\/uploads\/sites\/11\/2022\/10\/Konsulting.jpg\" \/>\n\t<meta property=\"og:image:width\" content=\"977\" \/>\n\t<meta property=\"og:image:height\" content=\"442\" \/>\n\t<meta property=\"og:image:type\" content=\"image\/jpeg\" \/>\n<meta name=\"twitter:card\" content=\"summary_large_image\" \/>\n<meta name=\"twitter:label1\" content=\"Est. reading time\" \/>\n\t<meta name=\"twitter:data1\" content=\"5 minutes\" \/>\n<script type=\"application\/ld+json\" class=\"yoast-schema-graph\">{\"@context\":\"https:\/\/schema.org\",\"@graph\":[{\"@type\":\"WebPage\",\"@id\":\"https:\/\/interzero.hr\/en\/services\/consultation\/\",\"url\":\"https:\/\/interzero.hr\/en\/services\/consultation\/\",\"name\":\"Consultation - Interzero HR\",\"isPartOf\":{\"@id\":\"https:\/\/interzero.hr\/en\/#website\"},\"primaryImageOfPage\":{\"@id\":\"https:\/\/interzero.hr\/en\/services\/consultation\/#primaryimage\"},\"image\":{\"@id\":\"https:\/\/interzero.hr\/en\/services\/consultation\/#primaryimage\"},\"thumbnailUrl\":\"https:\/\/interzero.hr\/wp-content\/uploads\/sites\/11\/2022\/10\/Konsulting.jpg\",\"datePublished\":\"2023-01-30T12:38:03+00:00\",\"dateModified\":\"2023-11-20T07:49:22+00:00\",\"description\":\"Consulting on POP, e-ONTO, waste management and export to other countries. Use our expertise and let us support you.\",\"breadcrumb\":{\"@id\":\"https:\/\/interzero.hr\/en\/services\/consultation\/#breadcrumb\"},\"inLanguage\":\"en-US\",\"potentialAction\":[{\"@type\":\"ReadAction\",\"target\":[\"https:\/\/interzero.hr\/en\/services\/consultation\/\"]}]},{\"@type\":\"ImageObject\",\"inLanguage\":\"en-US\",\"@id\":\"https:\/\/interzero.hr\/en\/services\/consultation\/#primaryimage\",\"url\":\"https:\/\/interzero.hr\/wp-content\/uploads\/sites\/11\/2022\/10\/Konsulting.jpg\",\"contentUrl\":\"https:\/\/interzero.hr\/wp-content\/uploads\/sites\/11\/2022\/10\/Konsulting.jpg\",\"width\":977,\"height\":442},{\"@type\":\"BreadcrumbList\",\"@id\":\"https:\/\/interzero.hr\/en\/services\/consultation\/#breadcrumb\",\"itemListElement\":[{\"@type\":\"ListItem\",\"position\":1,\"name\":\"Home\",\"item\":\"https:\/\/interzero.hr\/en\/interzero-croatia\/\"},{\"@type\":\"ListItem\",\"position\":2,\"name\":\"Services\",\"item\":\"https:\/\/interzero.hr\/en\/services\/\"},{\"@type\":\"ListItem\",\"position\":3,\"name\":\"Consultation\"}]},{\"@type\":\"WebSite\",\"@id\":\"https:\/\/interzero.hr\/en\/#website\",\"url\":\"https:\/\/interzero.hr\/en\/\",\"name\":\"Interzero HR\",\"description\":\"Interzero - Va\u0161 jak partner za usluge za\u0161tite okoli\u0161a\",\"publisher\":{\"@id\":\"https:\/\/interzero.hr\/en\/#organization\"},\"potentialAction\":[{\"@type\":\"SearchAction\",\"target\":{\"@type\":\"EntryPoint\",\"urlTemplate\":\"https:\/\/interzero.hr\/en\/?s={search_term_string}\"},\"query-input\":{\"@type\":\"PropertyValueSpecification\",\"valueRequired\":true,\"valueName\":\"search_term_string\"}}],\"inLanguage\":\"en-US\"},{\"@type\":\"Organization\",\"@id\":\"https:\/\/interzero.hr\/en\/#organization\",\"name\":\"Interzero Hrvatska\",\"alternateName\":\"Interzero Croatia\",\"url\":\"https:\/\/interzero.hr\/en\/\",\"logo\":{\"@type\":\"ImageObject\",\"inLanguage\":\"en-US\",\"@id\":\"https:\/\/interzero.hr\/en\/#\/schema\/logo\/image\/\",\"url\":\"https:\/\/interzero.hr\/wp-content\/uploads\/sites\/11\/2022\/10\/IZ-Logo-BG.png\",\"contentUrl\":\"https:\/\/interzero.hr\/wp-content\/uploads\/sites\/11\/2022\/10\/IZ-Logo-BG.png\",\"width\":585,\"height\":365,\"caption\":\"Interzero Hrvatska\"},\"image\":{\"@id\":\"https:\/\/interzero.hr\/en\/#\/schema\/logo\/image\/\"},\"sameAs\":[\"https:\/\/www.facebook.com\/interzero.hr\",\"https:\/\/www.linkedin.com\/company\/interzero-hrvatska\/\"]}]}<\/script>\n<!-- \/ Yoast SEO plugin. -->","yoast_head_json":{"title":"Consultation - Interzero HR","description":"Consulting on POP, e-ONTO, waste management and export to other countries. Use our expertise and let us support you.","robots":{"index":"index","follow":"follow","max-snippet":"max-snippet:-1","max-image-preview":"max-image-preview:large","max-video-preview":"max-video-preview:-1"},"canonical":"https:\/\/interzero.hr\/en\/services\/consultation\/","og_locale":"en_US","og_type":"article","og_title":"Consultation - Interzero HR","og_description":"Consulting on POP, e-ONTO, waste management and export to other countries. Use our expertise and let us support you.","og_url":"https:\/\/interzero.hr\/en\/services\/consultation\/","og_site_name":"Interzero HR","article_publisher":"https:\/\/www.facebook.com\/interzero.hr","article_modified_time":"2023-11-20T07:49:22+00:00","og_image":[{"width":977,"height":442,"url":"https:\/\/interzero.hr\/wp-content\/uploads\/sites\/11\/2022\/10\/Konsulting.jpg","type":"image\/jpeg"}],"twitter_card":"summary_large_image","twitter_misc":{"Est. reading time":"5 minutes"},"schema":{"@context":"https:\/\/schema.org","@graph":[{"@type":"WebPage","@id":"https:\/\/interzero.hr\/en\/services\/consultation\/","url":"https:\/\/interzero.hr\/en\/services\/consultation\/","name":"Consultation - Interzero HR","isPartOf":{"@id":"https:\/\/interzero.hr\/en\/#website"},"primaryImageOfPage":{"@id":"https:\/\/interzero.hr\/en\/services\/consultation\/#primaryimage"},"image":{"@id":"https:\/\/interzero.hr\/en\/services\/consultation\/#primaryimage"},"thumbnailUrl":"https:\/\/interzero.hr\/wp-content\/uploads\/sites\/11\/2022\/10\/Konsulting.jpg","datePublished":"2023-01-30T12:38:03+00:00","dateModified":"2023-11-20T07:49:22+00:00","description":"Consulting on POP, e-ONTO, waste management and export to other countries. Use our expertise and let us support you.","breadcrumb":{"@id":"https:\/\/interzero.hr\/en\/services\/consultation\/#breadcrumb"},"inLanguage":"en-US","potentialAction":[{"@type":"ReadAction","target":["https:\/\/interzero.hr\/en\/services\/consultation\/"]}]},{"@type":"ImageObject","inLanguage":"en-US","@id":"https:\/\/interzero.hr\/en\/services\/consultation\/#primaryimage","url":"https:\/\/interzero.hr\/wp-content\/uploads\/sites\/11\/2022\/10\/Konsulting.jpg","contentUrl":"https:\/\/interzero.hr\/wp-content\/uploads\/sites\/11\/2022\/10\/Konsulting.jpg","width":977,"height":442},{"@type":"BreadcrumbList","@id":"https:\/\/interzero.hr\/en\/services\/consultation\/#breadcrumb","itemListElement":[{"@type":"ListItem","position":1,"name":"Home","item":"https:\/\/interzero.hr\/en\/interzero-croatia\/"},{"@type":"ListItem","position":2,"name":"Services","item":"https:\/\/interzero.hr\/en\/services\/"},{"@type":"ListItem","position":3,"name":"Consultation"}]},{"@type":"WebSite","@id":"https:\/\/interzero.hr\/en\/#website","url":"https:\/\/interzero.hr\/en\/","name":"Interzero HR","description":"Interzero - Va\u0161 jak partner za usluge za\u0161tite okoli\u0161a","publisher":{"@id":"https:\/\/interzero.hr\/en\/#organization"},"potentialAction":[{"@type":"SearchAction","target":{"@type":"EntryPoint","urlTemplate":"https:\/\/interzero.hr\/en\/?s={search_term_string}"},"query-input":{"@type":"PropertyValueSpecification","valueRequired":true,"valueName":"search_term_string"}}],"inLanguage":"en-US"},{"@type":"Organization","@id":"https:\/\/interzero.hr\/en\/#organization","name":"Interzero Hrvatska","alternateName":"Interzero Croatia","url":"https:\/\/interzero.hr\/en\/","logo":{"@type":"ImageObject","inLanguage":"en-US","@id":"https:\/\/interzero.hr\/en\/#\/schema\/logo\/image\/","url":"https:\/\/interzero.hr\/wp-content\/uploads\/sites\/11\/2022\/10\/IZ-Logo-BG.png","contentUrl":"https:\/\/interzero.hr\/wp-content\/uploads\/sites\/11\/2022\/10\/IZ-Logo-BG.png","width":585,"height":365,"caption":"Interzero Hrvatska"},"image":{"@id":"https:\/\/interzero.hr\/en\/#\/schema\/logo\/image\/"},"sameAs":["https:\/\/www.facebook.com\/interzero.hr","https:\/\/www.linkedin.com\/company\/interzero-hrvatska\/"]}]}},"_links":{"self":[{"href":"https:\/\/interzero.hr\/en\/wp-json\/wp\/v2\/pages\/6728","targetHints":{"allow":["GET"]}}],"collection":[{"href":"https:\/\/interzero.hr\/en\/wp-json\/wp\/v2\/pages"}],"about":[{"href":"https:\/\/interzero.hr\/en\/wp-json\/wp\/v2\/types\/page"}],"author":[{"embeddable":true,"href":"https:\/\/interzero.hr\/en\/wp-json\/wp\/v2\/users\/84"}],"replies":[{"embeddable":true,"href":"https:\/\/interzero.hr\/en\/wp-json\/wp\/v2\/comments?post=6728"}],"version-history":[{"count":49,"href":"https:\/\/interzero.hr\/en\/wp-json\/wp\/v2\/pages\/6728\/revisions"}],"predecessor-version":[{"id":8184,"href":"https:\/\/interzero.hr\/en\/wp-json\/wp\/v2\/pages\/6728\/revisions\/8184"}],"up":[{"embeddable":true,"href":"https:\/\/interzero.hr\/en\/wp-json\/wp\/v2\/pages\/6720"}],"wp:featuredmedia":[{"embeddable":true,"href":"https:\/\/interzero.hr\/en\/wp-json\/wp\/v2\/media\/5719"}],"wp:attachment":[{"href":"https:\/\/interzero.hr\/en\/wp-json\/wp\/v2\/media?parent=6728"}],"wp:term":[{"taxonomy":"wf_page_folders","embeddable":true,"href":"https:\/\/interzero.hr\/en\/wp-json\/wp\/v2\/wf_page_folders?post=6728"}],"curies":[{"name":"wp","href":"https:\/\/api.w.org\/{rel}","templated":true}]}}