{"id":6759,"date":"2023-01-30T14:37:53","date_gmt":"2023-01-30T13:37:53","guid":{"rendered":"https:\/\/interzero.hr\/services\/consultation\/extended-producer-responsibility-weee-packaging-bamp-a\/"},"modified":"2024-09-06T12:40:11","modified_gmt":"2024-09-06T10:40:11","slug":"extended-producer-responsibility-weee-packaging-bamp-a","status":"publish","type":"page","link":"https:\/\/interzero.hr\/en\/services\/consultation\/extended-producer-responsibility-weee-packaging-bamp-a\/","title":{"rendered":"Extended producer responsibility &#8211; WEEE packaging B&amp;amp A"},"content":{"rendered":"<div class=\"wpb-content-wrapper\"><p>[vc_row][vc_column width=&#8221;1\/1&#8243;][vc_custom_heading heading_semantic=&#8221;h1&#8243; text_size=&#8221;h1&#8243; uncode_shortcode_id=&#8221;169153&#8243;]<\/p>\n<h1 style=\"text-align: center\"><b>Extended producer responsibility for packaging, waste electric <\/b><b>&amp; <\/b><b>electronic equipment, waste batteries &amp; accumulators<\/b><\/h1>\n<p>[\/vc_custom_heading][vc_column_text text_lead=&#8221;yes&#8221; uncode_shortcode_id=&#8221;184674&#8243;]<\/p>\n<h2 style=\"text-align: left\"><span class=\"intro\">We ensure compliance with the EPR for WEEE, packaging and B&amp;A in Croatia and according to the Directives on:<\/span><\/h2>\n<ul>\n<li style=\"text-align: left\">\n<h3><strong><span class=\"intro\">Waste &#8211; 2008\/98\/EU<\/span><\/strong><\/h3>\n<\/li>\n<li style=\"text-align: left\">\n<h3><strong><span class=\"intro\">Packaging &#8211; 94\/62\/EC<\/span><\/strong><\/h3>\n<\/li>\n<li style=\"text-align: left\">\n<h3><strong><span class=\"intro\">WEEE &#8211; 2012\/19\/EU<\/span><\/strong><\/h3>\n<\/li>\n<li>\n<h3 style=\"text-align: left\"><strong><span class=\"intro\">Batteries &#8211; 2006\/66\/EC<\/span><\/strong><\/h3>\n<\/li>\n<\/ul>\n<p>[\/vc_column_text][\/vc_column][\/vc_row][vc_row row_height_percent=&#8221;0&#8243; override_padding=&#8221;yes&#8221; h_padding=&#8221;2&#8243; top_padding=&#8221;3&#8243; bottom_padding=&#8221;4&#8243; overlay_alpha=&#8221;50&#8243; gutter_size=&#8221;3&#8243; column_width_percent=&#8221;100&#8243; shift_y=&#8221;0&#8243; z_index=&#8221;0&#8243; uncode_shortcode_id=&#8221;208231&#8243;][vc_column column_width_percent=&#8221;100&#8243; gutter_size=&#8221;3&#8243; overlay_alpha=&#8221;50&#8243; shift_x=&#8221;0&#8243; shift_y=&#8221;0&#8243; shift_y_down=&#8221;0&#8243; z_index=&#8221;0&#8243; medium_width=&#8221;0&#8243; mobile_width=&#8221;0&#8243; width=&#8221;2\/3&#8243; uncode_shortcode_id=&#8221;798831&#8243;][vc_column_text uncode_shortcode_id=&#8221;165929&#8243;]<\/p>\n<h3 style=\"text-align: left\"><strong>YOUR CHALLENGE:<\/strong><\/h3>\n<ul>\n<li>Do you need the service of an authorized representative for: WEEE, packaging or batteries &amp; accumulators?<\/li>\n<li>Are you a manufacturer that puts electric and electronic equiptment, packaging or batteries on the Croatian market?<\/li>\n<li>You don&#8217;t have a Croatian VAT number, but you have legal obligations?<\/li>\n<li>Or is it just difficult for you to keep track of the various changes and additions to a large number of ordinances?<\/li>\n<\/ul>\n<p>[\/vc_column_text][\/vc_column][vc_column width=&#8221;1\/3&#8243;][vc_single_image media=&#8221;5017&#8243; media_width_percent=&#8221;100&#8243; uncode_shortcode_id=&#8221;175659&#8243;][\/vc_column][\/vc_row][vc_row][vc_column width=&#8221;1\/1&#8243;][vc_button border_width=&#8221;0&#8243; link=&#8221;url:https%3A%2F%2Facademy.interzero.si%2Fseminarji%2Fepr-packaging%2F|&#8221; uncode_shortcode_id=&#8221;306124&#8243;]WATCH THE INTERNATIONAL WEBINAR ON EPR RESPONSIBILITY OF MANUFACTURERS[\/vc_button][\/vc_column][\/vc_row][vc_row][vc_column column_width_percent=&#8221;100&#8243; align_horizontal=&#8221;align_center&#8221; gutter_size=&#8221;3&#8243; overlay_alpha=&#8221;50&#8243; shift_x=&#8221;0&#8243; shift_y=&#8221;0&#8243; shift_y_down=&#8221;0&#8243; z_index=&#8221;0&#8243; medium_width=&#8221;0&#8243; mobile_width=&#8221;0&#8243; width=&#8221;1\/1&#8243; uncode_shortcode_id=&#8221;180225&#8243;][vc_custom_heading uncode_shortcode_id=&#8221;674110&#8243;]<\/p>\n<h2 style=\"text-align: center\"><strong>INTERZERO OFFERS YOU<\/strong><\/h2>\n<p>[\/vc_custom_heading][\/vc_column][\/vc_row][vc_row][vc_column width=&#8221;1\/2&#8243;][vc_icon position=&#8221;left&#8221; icon=&#8221;fa fa-user3&#8243; icon_color=&#8221;color-263416&#8243; size=&#8221;fa-3x&#8221; text_size=&#8221;h4&#8243; uncode_shortcode_id=&#8221;599548&#8243; title=&#8221;Individual counseling regarding legal obligations&#8221; icon_color_type=&#8221;uncode-palette&#8221;][\/vc_icon][vc_icon position=&#8221;left&#8221; icon=&#8221;fa fa-document&#8221; icon_color=&#8221;color-263416&#8243; size=&#8221;fa-3x&#8221; text_size=&#8221;h4&#8243; uncode_shortcode_id=&#8221;145470&#8243; title=&#8221;Submission of reports to the Environmental Protection and Energy Efficiency Fund&#8221; icon_color_type=&#8221;uncode-palette&#8221;][\/vc_icon][\/vc_column][vc_column width=&#8221;1\/2&#8243;][vc_icon position=&#8221;left&#8221; icon=&#8221;fa fa-balance-scale&#8221; icon_color=&#8221;color-263416&#8243; size=&#8221;fa-3x&#8221; text_size=&#8221;h4&#8243; uncode_shortcode_id=&#8221;820471&#8243; title=&#8221;WEEE \/ packaging \/ B&amp;A regulatory consulting&#8221; icon_color_type=&#8221;uncode-palette&#8221;][\/vc_icon][vc_icon position=&#8221;left&#8221; icon=&#8221;fa fa-flag&#8221; icon_color=&#8221;color-263416&#8243; size=&#8221;fa-3x&#8221; uncode_shortcode_id=&#8221;151082&#8243; title=&#8221;One contract for EPR in Croatia&#8221; icon_color_type=&#8221;uncode-palette&#8221;][\/vc_icon][\/vc_column][\/vc_row][vc_row row_height_percent=&#8221;0&#8243; back_image=&#8221;2035&#8243; overlay_alpha=&#8221;50&#8243; gutter_size=&#8221;3&#8243; column_width_percent=&#8221;100&#8243; shift_y=&#8221;0&#8243; z_index=&#8221;0&#8243; uncode_shortcode_id=&#8221;161169&#8243;][vc_column column_width_percent=&#8221;100&#8243; align_horizontal=&#8221;align_center&#8221; gutter_size=&#8221;3&#8243; overlay_alpha=&#8221;50&#8243; shift_x=&#8221;0&#8243; shift_y=&#8221;0&#8243; shift_y_down=&#8221;0&#8243; z_index=&#8221;0&#8243; medium_width=&#8221;0&#8243; mobile_width=&#8221;0&#8243; width=&#8221;1\/1&#8243; uncode_shortcode_id=&#8221;133055&#8243;][vc_row_inner limit_content=&#8221;&#8221;][vc_column_inner width=&#8221;1\/1&#8243;][\/vc_column_inner][\/vc_row_inner][vc_custom_heading text_color=&#8221;color-xsdn&#8221; uncode_shortcode_id=&#8221;119647&#8243; text_color_type=&#8221;uncode-palette&#8221;]<strong>Visit our new website on Extended Producer Responsibility!<\/strong>[\/vc_custom_heading][vc_button button_color=&#8221;color-870240&#8243; border_width=&#8221;0&#8243; link=&#8221;url:https%3A%2F%2Fepr.interzero.hr%2F&#8221; uncode_shortcode_id=&#8221;200498&#8243; button_color_type=&#8221;uncode-palette&#8221;]To the page[\/vc_button][\/vc_column][\/vc_row][vc_row][vc_column width=&#8221;1\/1&#8243;][uncode_block id=&#8221;5094&#8243;][\/vc_column][\/vc_row]<\/p>\n<\/div>","protected":false},"excerpt":{"rendered":"<p>[vc_row][vc_column width=&#8221;1\/1&#8243;][vc_custom_heading heading_semantic=&#8221;h1&#8243; text_size=&#8221;h1&#8243; uncode_shortcode_id=&#8221;169153&#8243;] Extended producer responsibility for packaging, waste electric &amp; electronic equipment, waste batteries &amp; accumulators [\/vc_custom_heading][vc_column_text [&hellip;]<\/p>\n","protected":false},"author":84,"featured_media":6157,"parent":6728,"menu_order":0,"comment_status":"closed","ping_status":"closed","template":"","meta":{"_acf_changed":false,"inline_featured_image":false,"footnotes":""},"wf_page_folders":[72],"class_list":["post-6759","page","type-page","status-publish","has-post-thumbnail","hentry","page_category-croatia-en"],"acf":[],"yoast_head":"<!-- This site is optimized with the Yoast SEO plugin v26.4 - https:\/\/yoast.com\/wordpress\/plugins\/seo\/ -->\n<title>Extended producer responsibility - WEEE packaging B&amp;amp A - Interzero HR<\/title>\n<meta name=\"description\" content=\"Are you a manufacturer that puts electric and electronic equiptment, packaging or batteries on the Croatian market? You don&#039;t have a Croatian VAT number, but you have EPR obligations? Interzero is the authorized representative for the Republic of Croatia.\" \/>\n<meta name=\"robots\" content=\"index, follow, max-snippet:-1, max-image-preview:large, max-video-preview:-1\" \/>\n<link rel=\"canonical\" href=\"https:\/\/interzero.hr\/en\/services\/consultation\/extended-producer-responsibility-weee-packaging-bamp-a\/\" \/>\n<meta property=\"og:locale\" content=\"en_US\" \/>\n<meta property=\"og:type\" content=\"article\" \/>\n<meta property=\"og:title\" content=\"Extended producer responsibility - WEEE packaging B&amp;amp A - Interzero HR\" \/>\n<meta property=\"og:description\" content=\"Are you a manufacturer that puts electric and electronic equiptment, packaging or batteries on the Croatian market? You don&#039;t have a Croatian VAT number, but you have EPR obligations? Interzero is the authorized representative for the Republic of Croatia.\" \/>\n<meta property=\"og:url\" content=\"https:\/\/interzero.hr\/en\/services\/consultation\/extended-producer-responsibility-weee-packaging-bamp-a\/\" \/>\n<meta property=\"og:site_name\" content=\"Interzero HR\" \/>\n<meta property=\"article:publisher\" content=\"https:\/\/www.facebook.com\/interzero.hr\" \/>\n<meta property=\"article:modified_time\" content=\"2024-09-06T10:40:11+00:00\" \/>\n<meta property=\"og:image\" content=\"https:\/\/interzero.hr\/wp-content\/uploads\/sites\/11\/2023\/01\/WWW-Header-photo-4.png\" \/>\n\t<meta property=\"og:image:width\" content=\"1920\" \/>\n\t<meta property=\"og:image:height\" content=\"500\" \/>\n\t<meta property=\"og:image:type\" content=\"image\/png\" \/>\n<meta name=\"twitter:card\" content=\"summary_large_image\" \/>\n<meta name=\"twitter:label1\" content=\"Est. reading time\" \/>\n\t<meta name=\"twitter:data1\" content=\"2 minutes\" \/>\n<script type=\"application\/ld+json\" class=\"yoast-schema-graph\">{\"@context\":\"https:\/\/schema.org\",\"@graph\":[{\"@type\":\"WebPage\",\"@id\":\"https:\/\/interzero.hr\/en\/services\/consultation\/extended-producer-responsibility-weee-packaging-bamp-a\/\",\"url\":\"https:\/\/interzero.hr\/en\/services\/consultation\/extended-producer-responsibility-weee-packaging-bamp-a\/\",\"name\":\"Extended producer responsibility - WEEE packaging B&amp;amp A - Interzero HR\",\"isPartOf\":{\"@id\":\"https:\/\/interzero.hr\/en\/#website\"},\"primaryImageOfPage\":{\"@id\":\"https:\/\/interzero.hr\/en\/services\/consultation\/extended-producer-responsibility-weee-packaging-bamp-a\/#primaryimage\"},\"image\":{\"@id\":\"https:\/\/interzero.hr\/en\/services\/consultation\/extended-producer-responsibility-weee-packaging-bamp-a\/#primaryimage\"},\"thumbnailUrl\":\"https:\/\/interzero.hr\/wp-content\/uploads\/sites\/11\/2023\/01\/WWW-Header-photo-4.png\",\"datePublished\":\"2023-01-30T13:37:53+00:00\",\"dateModified\":\"2024-09-06T10:40:11+00:00\",\"description\":\"Are you a manufacturer that puts electric and electronic equiptment, packaging or batteries on the Croatian market? You don't have a Croatian VAT number, but you have EPR obligations? Interzero is the authorized representative for the Republic of Croatia.\",\"breadcrumb\":{\"@id\":\"https:\/\/interzero.hr\/en\/services\/consultation\/extended-producer-responsibility-weee-packaging-bamp-a\/#breadcrumb\"},\"inLanguage\":\"en-US\",\"potentialAction\":[{\"@type\":\"ReadAction\",\"target\":[\"https:\/\/interzero.hr\/en\/services\/consultation\/extended-producer-responsibility-weee-packaging-bamp-a\/\"]}]},{\"@type\":\"ImageObject\",\"inLanguage\":\"en-US\",\"@id\":\"https:\/\/interzero.hr\/en\/services\/consultation\/extended-producer-responsibility-weee-packaging-bamp-a\/#primaryimage\",\"url\":\"https:\/\/interzero.hr\/wp-content\/uploads\/sites\/11\/2023\/01\/WWW-Header-photo-4.png\",\"contentUrl\":\"https:\/\/interzero.hr\/wp-content\/uploads\/sites\/11\/2023\/01\/WWW-Header-photo-4.png\",\"width\":1920,\"height\":500,\"caption\":\"P\"},{\"@type\":\"BreadcrumbList\",\"@id\":\"https:\/\/interzero.hr\/en\/services\/consultation\/extended-producer-responsibility-weee-packaging-bamp-a\/#breadcrumb\",\"itemListElement\":[{\"@type\":\"ListItem\",\"position\":1,\"name\":\"Home\",\"item\":\"https:\/\/interzero.hr\/en\/interzero-croatia\/\"},{\"@type\":\"ListItem\",\"position\":2,\"name\":\"Services\",\"item\":\"https:\/\/interzero.hr\/en\/services\/\"},{\"@type\":\"ListItem\",\"position\":3,\"name\":\"Consultation\",\"item\":\"https:\/\/interzero.hr\/en\/services\/consultation\/\"},{\"@type\":\"ListItem\",\"position\":4,\"name\":\"Extended producer responsibility &#8211; WEEE packaging B&amp;amp A\"}]},{\"@type\":\"WebSite\",\"@id\":\"https:\/\/interzero.hr\/en\/#website\",\"url\":\"https:\/\/interzero.hr\/en\/\",\"name\":\"Interzero HR\",\"description\":\"Interzero - Va\u0161 jak partner za usluge za\u0161tite okoli\u0161a\",\"publisher\":{\"@id\":\"https:\/\/interzero.hr\/en\/#organization\"},\"potentialAction\":[{\"@type\":\"SearchAction\",\"target\":{\"@type\":\"EntryPoint\",\"urlTemplate\":\"https:\/\/interzero.hr\/en\/?s={search_term_string}\"},\"query-input\":{\"@type\":\"PropertyValueSpecification\",\"valueRequired\":true,\"valueName\":\"search_term_string\"}}],\"inLanguage\":\"en-US\"},{\"@type\":\"Organization\",\"@id\":\"https:\/\/interzero.hr\/en\/#organization\",\"name\":\"Interzero Hrvatska\",\"alternateName\":\"Interzero Croatia\",\"url\":\"https:\/\/interzero.hr\/en\/\",\"logo\":{\"@type\":\"ImageObject\",\"inLanguage\":\"en-US\",\"@id\":\"https:\/\/interzero.hr\/en\/#\/schema\/logo\/image\/\",\"url\":\"https:\/\/interzero.hr\/wp-content\/uploads\/sites\/11\/2022\/10\/IZ-Logo-BG.png\",\"contentUrl\":\"https:\/\/interzero.hr\/wp-content\/uploads\/sites\/11\/2022\/10\/IZ-Logo-BG.png\",\"width\":585,\"height\":365,\"caption\":\"Interzero Hrvatska\"},\"image\":{\"@id\":\"https:\/\/interzero.hr\/en\/#\/schema\/logo\/image\/\"},\"sameAs\":[\"https:\/\/www.facebook.com\/interzero.hr\",\"https:\/\/www.linkedin.com\/company\/interzero-hrvatska\/\"]}]}<\/script>\n<!-- \/ Yoast SEO plugin. -->","yoast_head_json":{"title":"Extended producer responsibility - WEEE packaging B&amp;amp A - Interzero HR","description":"Are you a manufacturer that puts electric and electronic equiptment, packaging or batteries on the Croatian market? You don't have a Croatian VAT number, but you have EPR obligations? Interzero is the authorized representative for the Republic of Croatia.","robots":{"index":"index","follow":"follow","max-snippet":"max-snippet:-1","max-image-preview":"max-image-preview:large","max-video-preview":"max-video-preview:-1"},"canonical":"https:\/\/interzero.hr\/en\/services\/consultation\/extended-producer-responsibility-weee-packaging-bamp-a\/","og_locale":"en_US","og_type":"article","og_title":"Extended producer responsibility - WEEE packaging B&amp;amp A - Interzero HR","og_description":"Are you a manufacturer that puts electric and electronic equiptment, packaging or batteries on the Croatian market? You don't have a Croatian VAT number, but you have EPR obligations? Interzero is the authorized representative for the Republic of Croatia.","og_url":"https:\/\/interzero.hr\/en\/services\/consultation\/extended-producer-responsibility-weee-packaging-bamp-a\/","og_site_name":"Interzero HR","article_publisher":"https:\/\/www.facebook.com\/interzero.hr","article_modified_time":"2024-09-06T10:40:11+00:00","og_image":[{"width":1920,"height":500,"url":"https:\/\/interzero.hr\/wp-content\/uploads\/sites\/11\/2023\/01\/WWW-Header-photo-4.png","type":"image\/png"}],"twitter_card":"summary_large_image","twitter_misc":{"Est. reading time":"2 minutes"},"schema":{"@context":"https:\/\/schema.org","@graph":[{"@type":"WebPage","@id":"https:\/\/interzero.hr\/en\/services\/consultation\/extended-producer-responsibility-weee-packaging-bamp-a\/","url":"https:\/\/interzero.hr\/en\/services\/consultation\/extended-producer-responsibility-weee-packaging-bamp-a\/","name":"Extended producer responsibility - WEEE packaging B&amp;amp A - Interzero HR","isPartOf":{"@id":"https:\/\/interzero.hr\/en\/#website"},"primaryImageOfPage":{"@id":"https:\/\/interzero.hr\/en\/services\/consultation\/extended-producer-responsibility-weee-packaging-bamp-a\/#primaryimage"},"image":{"@id":"https:\/\/interzero.hr\/en\/services\/consultation\/extended-producer-responsibility-weee-packaging-bamp-a\/#primaryimage"},"thumbnailUrl":"https:\/\/interzero.hr\/wp-content\/uploads\/sites\/11\/2023\/01\/WWW-Header-photo-4.png","datePublished":"2023-01-30T13:37:53+00:00","dateModified":"2024-09-06T10:40:11+00:00","description":"Are you a manufacturer that puts electric and electronic equiptment, packaging or batteries on the Croatian market? You don't have a Croatian VAT number, but you have EPR obligations? Interzero is the authorized representative for the Republic of Croatia.","breadcrumb":{"@id":"https:\/\/interzero.hr\/en\/services\/consultation\/extended-producer-responsibility-weee-packaging-bamp-a\/#breadcrumb"},"inLanguage":"en-US","potentialAction":[{"@type":"ReadAction","target":["https:\/\/interzero.hr\/en\/services\/consultation\/extended-producer-responsibility-weee-packaging-bamp-a\/"]}]},{"@type":"ImageObject","inLanguage":"en-US","@id":"https:\/\/interzero.hr\/en\/services\/consultation\/extended-producer-responsibility-weee-packaging-bamp-a\/#primaryimage","url":"https:\/\/interzero.hr\/wp-content\/uploads\/sites\/11\/2023\/01\/WWW-Header-photo-4.png","contentUrl":"https:\/\/interzero.hr\/wp-content\/uploads\/sites\/11\/2023\/01\/WWW-Header-photo-4.png","width":1920,"height":500,"caption":"P"},{"@type":"BreadcrumbList","@id":"https:\/\/interzero.hr\/en\/services\/consultation\/extended-producer-responsibility-weee-packaging-bamp-a\/#breadcrumb","itemListElement":[{"@type":"ListItem","position":1,"name":"Home","item":"https:\/\/interzero.hr\/en\/interzero-croatia\/"},{"@type":"ListItem","position":2,"name":"Services","item":"https:\/\/interzero.hr\/en\/services\/"},{"@type":"ListItem","position":3,"name":"Consultation","item":"https:\/\/interzero.hr\/en\/services\/consultation\/"},{"@type":"ListItem","position":4,"name":"Extended producer responsibility &#8211; WEEE packaging B&amp;amp A"}]},{"@type":"WebSite","@id":"https:\/\/interzero.hr\/en\/#website","url":"https:\/\/interzero.hr\/en\/","name":"Interzero HR","description":"Interzero - Va\u0161 jak partner za usluge za\u0161tite okoli\u0161a","publisher":{"@id":"https:\/\/interzero.hr\/en\/#organization"},"potentialAction":[{"@type":"SearchAction","target":{"@type":"EntryPoint","urlTemplate":"https:\/\/interzero.hr\/en\/?s={search_term_string}"},"query-input":{"@type":"PropertyValueSpecification","valueRequired":true,"valueName":"search_term_string"}}],"inLanguage":"en-US"},{"@type":"Organization","@id":"https:\/\/interzero.hr\/en\/#organization","name":"Interzero Hrvatska","alternateName":"Interzero Croatia","url":"https:\/\/interzero.hr\/en\/","logo":{"@type":"ImageObject","inLanguage":"en-US","@id":"https:\/\/interzero.hr\/en\/#\/schema\/logo\/image\/","url":"https:\/\/interzero.hr\/wp-content\/uploads\/sites\/11\/2022\/10\/IZ-Logo-BG.png","contentUrl":"https:\/\/interzero.hr\/wp-content\/uploads\/sites\/11\/2022\/10\/IZ-Logo-BG.png","width":585,"height":365,"caption":"Interzero Hrvatska"},"image":{"@id":"https:\/\/interzero.hr\/en\/#\/schema\/logo\/image\/"},"sameAs":["https:\/\/www.facebook.com\/interzero.hr","https:\/\/www.linkedin.com\/company\/interzero-hrvatska\/"]}]}},"_links":{"self":[{"href":"https:\/\/interzero.hr\/en\/wp-json\/wp\/v2\/pages\/6759","targetHints":{"allow":["GET"]}}],"collection":[{"href":"https:\/\/interzero.hr\/en\/wp-json\/wp\/v2\/pages"}],"about":[{"href":"https:\/\/interzero.hr\/en\/wp-json\/wp\/v2\/types\/page"}],"author":[{"embeddable":true,"href":"https:\/\/interzero.hr\/en\/wp-json\/wp\/v2\/users\/84"}],"replies":[{"embeddable":true,"href":"https:\/\/interzero.hr\/en\/wp-json\/wp\/v2\/comments?post=6759"}],"version-history":[{"count":14,"href":"https:\/\/interzero.hr\/en\/wp-json\/wp\/v2\/pages\/6759\/revisions"}],"predecessor-version":[{"id":8977,"href":"https:\/\/interzero.hr\/en\/wp-json\/wp\/v2\/pages\/6759\/revisions\/8977"}],"up":[{"embeddable":true,"href":"https:\/\/interzero.hr\/en\/wp-json\/wp\/v2\/pages\/6728"}],"wp:featuredmedia":[{"embeddable":true,"href":"https:\/\/interzero.hr\/en\/wp-json\/wp\/v2\/media\/6157"}],"wp:attachment":[{"href":"https:\/\/interzero.hr\/en\/wp-json\/wp\/v2\/media?parent=6759"}],"wp:term":[{"taxonomy":"wf_page_folders","embeddable":true,"href":"https:\/\/interzero.hr\/en\/wp-json\/wp\/v2\/wf_page_folders?post=6759"}],"curies":[{"name":"wp","href":"https:\/\/api.w.org\/{rel}","templated":true}]}}