{"id":6764,"date":"2023-01-31T11:08:18","date_gmt":"2023-01-31T10:08:18","guid":{"rendered":"https:\/\/interzero.hr\/legal-regulations\/institutions\/"},"modified":"2023-09-21T10:11:31","modified_gmt":"2023-09-21T08:11:31","slug":"institutions","status":"publish","type":"page","link":"https:\/\/interzero.hr\/en\/legal-regulations\/institutions\/","title":{"rendered":"Institutions"},"content":{"rendered":"<div class=\"wpb-content-wrapper\"><p>[vc_row][vc_column column_width_percent=&#8221;100&#8243; align_horizontal=&#8221;align_center&#8221; gutter_size=&#8221;3&#8243; overlay_alpha=&#8221;50&#8243; shift_x=&#8221;0&#8243; shift_y=&#8221;0&#8243; shift_y_down=&#8221;0&#8243; z_index=&#8221;0&#8243; medium_width=&#8221;0&#8243; mobile_width=&#8221;0&#8243; width=&#8221;1\/1&#8243; uncode_shortcode_id=&#8221;214488&#8243;][vc_custom_heading uncode_shortcode_id=&#8221;133226&#8243;]<\/p>\n<h1><strong>Institutions for environmental protection<\/strong><\/h1>\n<p>[\/vc_custom_heading][\/vc_column][\/vc_row][vc_row][vc_column width=&#8221;1\/1&#8243;][vc_column_text uncode_shortcode_id=&#8221;118573&#8243;]<\/p>\n<h3>The three main institutions for environmental protection in the Republic of Croatia are:<\/h3>\n<header>\n<ul>\n<li><b>Ministry of Economy and Sustainable Development<\/b><br \/>\n<a href=\"https:\/\/mingor.gov.hr\/\" target=\"_blank\" rel=\"noopener noreferrer\">https:\/\/mingor.gov.hr\/<\/a><\/li>\n<\/ul>\n<p>&nbsp;<\/p>\n<\/header>\n<ul>\n<li><b>The Environmental Protection and Energy Efficiency Fund<\/b><br \/>\n<a href=\"https:\/\/www.fzoeu.hr\/\" target=\"_blank\" rel=\"noopener noreferrer\">https:\/\/www.fzoeu.hr\/<\/a><\/li>\n<\/ul>\n<p>&nbsp;<\/p>\n<ul>\n<li><b>Croatian Agency for the Environment and Nature<\/b><br \/>\n<a href=\"https:\/\/www.haop.hr\/\" target=\"_blank\" rel=\"noopener noreferrer\">https:\/\/www.haop.hr\/<\/a><\/li>\n<\/ul>\n<p>[\/vc_column_text][\/vc_column][\/vc_row][vc_row row_height_percent=&#8221;0&#8243; back_color=&#8221;color-870240&#8243; overlay_alpha=&#8221;50&#8243; gutter_size=&#8221;3&#8243; column_width_percent=&#8221;100&#8243; shift_y=&#8221;0&#8243; z_index=&#8221;0&#8243; uncode_shortcode_id=&#8221;222312&#8243; back_color_type=&#8221;uncode-palette&#8221; shape_dividers=&#8221;&#8221;][vc_column column_width_percent=&#8221;100&#8243; align_horizontal=&#8221;align_center&#8221; gutter_size=&#8221;3&#8243; overlay_alpha=&#8221;50&#8243; shift_x=&#8221;0&#8243; shift_y=&#8221;0&#8243; shift_y_down=&#8221;0&#8243; z_index=&#8221;0&#8243; medium_width=&#8221;0&#8243; mobile_width=&#8221;0&#8243; width=&#8221;1\/1&#8243; uncode_shortcode_id=&#8221;153997&#8243;][vc_column_text uncode_shortcode_id=&#8221;280166&#8243;]<\/p>\n<h3><strong>If you are interested in what obligations you have to fulfill according to the mentioned institutions or if you have other questions, please feel free to contact us<\/strong><\/h3>\n<p>[\/vc_column_text][\/vc_column][\/vc_row][vc_row][vc_column width=&#8221;1\/1&#8243;][uncode_block id=&#8221;4510&#8243;][\/vc_column][\/vc_row]<\/p>\n<\/div>","protected":false},"excerpt":{"rendered":"<p>[vc_row][vc_column column_width_percent=&#8221;100&#8243; align_horizontal=&#8221;align_center&#8221; gutter_size=&#8221;3&#8243; overlay_alpha=&#8221;50&#8243; shift_x=&#8221;0&#8243; shift_y=&#8221;0&#8243; shift_y_down=&#8221;0&#8243; z_index=&#8221;0&#8243; medium_width=&#8221;0&#8243; mobile_width=&#8221;0&#8243; width=&#8221;1\/1&#8243; uncode_shortcode_id=&#8221;214488&#8243;][vc_custom_heading uncode_shortcode_id=&#8221;133226&#8243;] Institutions for environmental protection [\/vc_custom_heading][\/vc_column][\/vc_row][vc_row][vc_column width=&#8221;1\/1&#8243;][vc_column_text [&hellip;]<\/p>\n","protected":false},"author":16,"featured_media":5714,"parent":6758,"menu_order":0,"comment_status":"closed","ping_status":"closed","template":"","meta":{"_acf_changed":false,"inline_featured_image":false,"footnotes":""},"wf_page_folders":[72],"class_list":["post-6764","page","type-page","status-publish","has-post-thumbnail","hentry","page_category-croatia-en"],"acf":[],"yoast_head":"<!-- This site is optimized with the Yoast SEO plugin v26.4 - https:\/\/yoast.com\/wordpress\/plugins\/seo\/ -->\n<title>Institutions - Interzero HR<\/title>\n<meta name=\"robots\" content=\"index, follow, max-snippet:-1, max-image-preview:large, max-video-preview:-1\" \/>\n<link rel=\"canonical\" href=\"https:\/\/interzero.hr\/en\/legal-regulations\/institutions\/\" \/>\n<meta property=\"og:locale\" content=\"en_US\" \/>\n<meta property=\"og:type\" content=\"article\" \/>\n<meta property=\"og:title\" content=\"Institutions - Interzero HR\" \/>\n<meta property=\"og:description\" content=\"[vc_row][vc_column column_width_percent=&#8221;100&#8243; align_horizontal=&#8221;align_center&#8221; gutter_size=&#8221;3&#8243; overlay_alpha=&#8221;50&#8243; shift_x=&#8221;0&#8243; shift_y=&#8221;0&#8243; shift_y_down=&#8221;0&#8243; z_index=&#8221;0&#8243; medium_width=&#8221;0&#8243; mobile_width=&#8221;0&#8243; width=&#8221;1\/1&#8243; uncode_shortcode_id=&#8221;214488&#8243;][vc_custom_heading uncode_shortcode_id=&#8221;133226&#8243;] Institutions for environmental protection [\/vc_custom_heading][\/vc_column][\/vc_row][vc_row][vc_column width=&#8221;1\/1&#8243;][vc_column_text [&hellip;]\" \/>\n<meta property=\"og:url\" content=\"https:\/\/interzero.hr\/en\/legal-regulations\/institutions\/\" \/>\n<meta property=\"og:site_name\" content=\"Interzero HR\" \/>\n<meta property=\"article:publisher\" content=\"https:\/\/www.facebook.com\/interzero.hr\" \/>\n<meta property=\"article:modified_time\" content=\"2023-09-21T08:11:31+00:00\" \/>\n<meta property=\"og:image\" content=\"https:\/\/interzero.hr\/wp-content\/uploads\/sites\/11\/2022\/10\/bussiness.jpg\" \/>\n\t<meta property=\"og:image:width\" content=\"874\" \/>\n\t<meta property=\"og:image:height\" content=\"580\" \/>\n\t<meta property=\"og:image:type\" content=\"image\/jpeg\" \/>\n<meta name=\"twitter:card\" content=\"summary_large_image\" \/>\n<meta name=\"twitter:label1\" content=\"Est. reading time\" \/>\n\t<meta name=\"twitter:data1\" content=\"1 minute\" \/>\n<script type=\"application\/ld+json\" class=\"yoast-schema-graph\">{\"@context\":\"https:\/\/schema.org\",\"@graph\":[{\"@type\":\"WebPage\",\"@id\":\"https:\/\/interzero.hr\/en\/legal-regulations\/institutions\/\",\"url\":\"https:\/\/interzero.hr\/en\/legal-regulations\/institutions\/\",\"name\":\"Institutions - Interzero HR\",\"isPartOf\":{\"@id\":\"https:\/\/interzero.hr\/en\/#website\"},\"primaryImageOfPage\":{\"@id\":\"https:\/\/interzero.hr\/en\/legal-regulations\/institutions\/#primaryimage\"},\"image\":{\"@id\":\"https:\/\/interzero.hr\/en\/legal-regulations\/institutions\/#primaryimage\"},\"thumbnailUrl\":\"https:\/\/interzero.hr\/wp-content\/uploads\/sites\/11\/2022\/10\/bussiness.jpg\",\"datePublished\":\"2023-01-31T10:08:18+00:00\",\"dateModified\":\"2023-09-21T08:11:31+00:00\",\"breadcrumb\":{\"@id\":\"https:\/\/interzero.hr\/en\/legal-regulations\/institutions\/#breadcrumb\"},\"inLanguage\":\"en-US\",\"potentialAction\":[{\"@type\":\"ReadAction\",\"target\":[\"https:\/\/interzero.hr\/en\/legal-regulations\/institutions\/\"]}]},{\"@type\":\"ImageObject\",\"inLanguage\":\"en-US\",\"@id\":\"https:\/\/interzero.hr\/en\/legal-regulations\/institutions\/#primaryimage\",\"url\":\"https:\/\/interzero.hr\/wp-content\/uploads\/sites\/11\/2022\/10\/bussiness.jpg\",\"contentUrl\":\"https:\/\/interzero.hr\/wp-content\/uploads\/sites\/11\/2022\/10\/bussiness.jpg\",\"width\":874,\"height\":580,\"caption\":\"Skyscrapers in Hong Kong\"},{\"@type\":\"BreadcrumbList\",\"@id\":\"https:\/\/interzero.hr\/en\/legal-regulations\/institutions\/#breadcrumb\",\"itemListElement\":[{\"@type\":\"ListItem\",\"position\":1,\"name\":\"Home\",\"item\":\"https:\/\/interzero.hr\/en\/interzero-croatia\/\"},{\"@type\":\"ListItem\",\"position\":2,\"name\":\"Legal regulations\",\"item\":\"https:\/\/interzero.hr\/en\/legal-regulations\/\"},{\"@type\":\"ListItem\",\"position\":3,\"name\":\"Institutions\"}]},{\"@type\":\"WebSite\",\"@id\":\"https:\/\/interzero.hr\/en\/#website\",\"url\":\"https:\/\/interzero.hr\/en\/\",\"name\":\"Interzero HR\",\"description\":\"Interzero - Va\u0161 jak partner za usluge za\u0161tite okoli\u0161a\",\"publisher\":{\"@id\":\"https:\/\/interzero.hr\/en\/#organization\"},\"potentialAction\":[{\"@type\":\"SearchAction\",\"target\":{\"@type\":\"EntryPoint\",\"urlTemplate\":\"https:\/\/interzero.hr\/en\/?s={search_term_string}\"},\"query-input\":{\"@type\":\"PropertyValueSpecification\",\"valueRequired\":true,\"valueName\":\"search_term_string\"}}],\"inLanguage\":\"en-US\"},{\"@type\":\"Organization\",\"@id\":\"https:\/\/interzero.hr\/en\/#organization\",\"name\":\"Interzero Hrvatska\",\"alternateName\":\"Interzero Croatia\",\"url\":\"https:\/\/interzero.hr\/en\/\",\"logo\":{\"@type\":\"ImageObject\",\"inLanguage\":\"en-US\",\"@id\":\"https:\/\/interzero.hr\/en\/#\/schema\/logo\/image\/\",\"url\":\"https:\/\/interzero.hr\/wp-content\/uploads\/sites\/11\/2022\/10\/IZ-Logo-BG.png\",\"contentUrl\":\"https:\/\/interzero.hr\/wp-content\/uploads\/sites\/11\/2022\/10\/IZ-Logo-BG.png\",\"width\":585,\"height\":365,\"caption\":\"Interzero Hrvatska\"},\"image\":{\"@id\":\"https:\/\/interzero.hr\/en\/#\/schema\/logo\/image\/\"},\"sameAs\":[\"https:\/\/www.facebook.com\/interzero.hr\",\"https:\/\/www.linkedin.com\/company\/interzero-hrvatska\/\"]}]}<\/script>\n<!-- \/ Yoast SEO plugin. -->","yoast_head_json":{"title":"Institutions - Interzero HR","robots":{"index":"index","follow":"follow","max-snippet":"max-snippet:-1","max-image-preview":"max-image-preview:large","max-video-preview":"max-video-preview:-1"},"canonical":"https:\/\/interzero.hr\/en\/legal-regulations\/institutions\/","og_locale":"en_US","og_type":"article","og_title":"Institutions - Interzero HR","og_description":"[vc_row][vc_column column_width_percent=&#8221;100&#8243; align_horizontal=&#8221;align_center&#8221; gutter_size=&#8221;3&#8243; overlay_alpha=&#8221;50&#8243; shift_x=&#8221;0&#8243; shift_y=&#8221;0&#8243; shift_y_down=&#8221;0&#8243; z_index=&#8221;0&#8243; medium_width=&#8221;0&#8243; mobile_width=&#8221;0&#8243; width=&#8221;1\/1&#8243; uncode_shortcode_id=&#8221;214488&#8243;][vc_custom_heading uncode_shortcode_id=&#8221;133226&#8243;] Institutions for environmental protection [\/vc_custom_heading][\/vc_column][\/vc_row][vc_row][vc_column width=&#8221;1\/1&#8243;][vc_column_text [&hellip;]","og_url":"https:\/\/interzero.hr\/en\/legal-regulations\/institutions\/","og_site_name":"Interzero HR","article_publisher":"https:\/\/www.facebook.com\/interzero.hr","article_modified_time":"2023-09-21T08:11:31+00:00","og_image":[{"width":874,"height":580,"url":"https:\/\/interzero.hr\/wp-content\/uploads\/sites\/11\/2022\/10\/bussiness.jpg","type":"image\/jpeg"}],"twitter_card":"summary_large_image","twitter_misc":{"Est. reading time":"1 minute"},"schema":{"@context":"https:\/\/schema.org","@graph":[{"@type":"WebPage","@id":"https:\/\/interzero.hr\/en\/legal-regulations\/institutions\/","url":"https:\/\/interzero.hr\/en\/legal-regulations\/institutions\/","name":"Institutions - Interzero HR","isPartOf":{"@id":"https:\/\/interzero.hr\/en\/#website"},"primaryImageOfPage":{"@id":"https:\/\/interzero.hr\/en\/legal-regulations\/institutions\/#primaryimage"},"image":{"@id":"https:\/\/interzero.hr\/en\/legal-regulations\/institutions\/#primaryimage"},"thumbnailUrl":"https:\/\/interzero.hr\/wp-content\/uploads\/sites\/11\/2022\/10\/bussiness.jpg","datePublished":"2023-01-31T10:08:18+00:00","dateModified":"2023-09-21T08:11:31+00:00","breadcrumb":{"@id":"https:\/\/interzero.hr\/en\/legal-regulations\/institutions\/#breadcrumb"},"inLanguage":"en-US","potentialAction":[{"@type":"ReadAction","target":["https:\/\/interzero.hr\/en\/legal-regulations\/institutions\/"]}]},{"@type":"ImageObject","inLanguage":"en-US","@id":"https:\/\/interzero.hr\/en\/legal-regulations\/institutions\/#primaryimage","url":"https:\/\/interzero.hr\/wp-content\/uploads\/sites\/11\/2022\/10\/bussiness.jpg","contentUrl":"https:\/\/interzero.hr\/wp-content\/uploads\/sites\/11\/2022\/10\/bussiness.jpg","width":874,"height":580,"caption":"Skyscrapers in Hong Kong"},{"@type":"BreadcrumbList","@id":"https:\/\/interzero.hr\/en\/legal-regulations\/institutions\/#breadcrumb","itemListElement":[{"@type":"ListItem","position":1,"name":"Home","item":"https:\/\/interzero.hr\/en\/interzero-croatia\/"},{"@type":"ListItem","position":2,"name":"Legal regulations","item":"https:\/\/interzero.hr\/en\/legal-regulations\/"},{"@type":"ListItem","position":3,"name":"Institutions"}]},{"@type":"WebSite","@id":"https:\/\/interzero.hr\/en\/#website","url":"https:\/\/interzero.hr\/en\/","name":"Interzero HR","description":"Interzero - Va\u0161 jak partner za usluge za\u0161tite okoli\u0161a","publisher":{"@id":"https:\/\/interzero.hr\/en\/#organization"},"potentialAction":[{"@type":"SearchAction","target":{"@type":"EntryPoint","urlTemplate":"https:\/\/interzero.hr\/en\/?s={search_term_string}"},"query-input":{"@type":"PropertyValueSpecification","valueRequired":true,"valueName":"search_term_string"}}],"inLanguage":"en-US"},{"@type":"Organization","@id":"https:\/\/interzero.hr\/en\/#organization","name":"Interzero Hrvatska","alternateName":"Interzero Croatia","url":"https:\/\/interzero.hr\/en\/","logo":{"@type":"ImageObject","inLanguage":"en-US","@id":"https:\/\/interzero.hr\/en\/#\/schema\/logo\/image\/","url":"https:\/\/interzero.hr\/wp-content\/uploads\/sites\/11\/2022\/10\/IZ-Logo-BG.png","contentUrl":"https:\/\/interzero.hr\/wp-content\/uploads\/sites\/11\/2022\/10\/IZ-Logo-BG.png","width":585,"height":365,"caption":"Interzero Hrvatska"},"image":{"@id":"https:\/\/interzero.hr\/en\/#\/schema\/logo\/image\/"},"sameAs":["https:\/\/www.facebook.com\/interzero.hr","https:\/\/www.linkedin.com\/company\/interzero-hrvatska\/"]}]}},"_links":{"self":[{"href":"https:\/\/interzero.hr\/en\/wp-json\/wp\/v2\/pages\/6764","targetHints":{"allow":["GET"]}}],"collection":[{"href":"https:\/\/interzero.hr\/en\/wp-json\/wp\/v2\/pages"}],"about":[{"href":"https:\/\/interzero.hr\/en\/wp-json\/wp\/v2\/types\/page"}],"author":[{"embeddable":true,"href":"https:\/\/interzero.hr\/en\/wp-json\/wp\/v2\/users\/16"}],"replies":[{"embeddable":true,"href":"https:\/\/interzero.hr\/en\/wp-json\/wp\/v2\/comments?post=6764"}],"version-history":[{"count":6,"href":"https:\/\/interzero.hr\/en\/wp-json\/wp\/v2\/pages\/6764\/revisions"}],"predecessor-version":[{"id":6864,"href":"https:\/\/interzero.hr\/en\/wp-json\/wp\/v2\/pages\/6764\/revisions\/6864"}],"up":[{"embeddable":true,"href":"https:\/\/interzero.hr\/en\/wp-json\/wp\/v2\/pages\/6758"}],"wp:featuredmedia":[{"embeddable":true,"href":"https:\/\/interzero.hr\/en\/wp-json\/wp\/v2\/media\/5714"}],"wp:attachment":[{"href":"https:\/\/interzero.hr\/en\/wp-json\/wp\/v2\/media?parent=6764"}],"wp:term":[{"taxonomy":"wf_page_folders","embeddable":true,"href":"https:\/\/interzero.hr\/en\/wp-json\/wp\/v2\/wf_page_folders?post=6764"}],"curies":[{"name":"wp","href":"https:\/\/api.w.org\/{rel}","templated":true}]}}