{"id":6793,"date":"2023-01-31T11:05:54","date_gmt":"2023-01-31T10:05:54","guid":{"rendered":"https:\/\/interzero.hr\/services\/trading-in-raw-materials\/trade-in-raw-materials\/"},"modified":"2023-09-29T10:37:50","modified_gmt":"2023-09-29T08:37:50","slug":"trade-in-raw-materials","status":"publish","type":"page","link":"https:\/\/interzero.hr\/en\/services\/trading-in-raw-materials\/trade-in-raw-materials\/","title":{"rendered":"Trade in raw materials"},"content":{"rendered":"<div class=\"wpb-content-wrapper\"><p>[vc_row][vc_column column_width_percent=&#8221;100&#8243; align_horizontal=&#8221;align_center&#8221; gutter_size=&#8221;3&#8243; overlay_alpha=&#8221;50&#8243; shift_x=&#8221;0&#8243; shift_y=&#8221;0&#8243; shift_y_down=&#8221;0&#8243; z_index=&#8221;0&#8243; medium_width=&#8221;0&#8243; mobile_width=&#8221;0&#8243; width=&#8221;1\/1&#8243; uncode_shortcode_id=&#8221;108666&#8243;][vc_custom_heading uncode_shortcode_id=&#8221;820382&#8243;]<\/p>\n<h1><strong>Trade in raw materials<\/strong><\/h1>\n<p>[\/vc_custom_heading][vc_column_text uncode_shortcode_id=&#8221;302642&#8243;]<\/p>\n<h2>Interzero <span class=\"jCAhz ChMk0b\"><span class=\"ryNqvb\">buys recycled materials throughout the Republic of Croatia, processes them and supplies the industry with high-quality recycled raw materials for new products<\/span><\/span> , thereby making its contribution to the circular economy.<\/h2>\n<p>[\/vc_column_text][\/vc_column][\/vc_row][vc_row][vc_column width=&#8221;1\/2&#8243;][vc_column_text uncode_shortcode_id=&#8221;134028&#8243;]<\/p>\n<div class=\"col-xs-12\">\n<div id=\"c2996\" class=\"frame frame-default frame-type-textmedia frame-layout-110\">\n<div class=\"ce-textpic ce-right ce-intext\">\n<div class=\"ce-bodytext\">\n<h3 class=\"align-center\"><b>Buying, selling, recycling: the engine of sustainable development<\/b><\/h3>\n<\/div>\n<\/div>\n<\/div>\n<\/div>\n<div class=\"col-xs-12\">\n<div id=\"c1277\" class=\"frame frame-default frame-type-textmedia frame-layout-110\">\n<div class=\"ce-textpic ce-right ce-intext\">\n<div class=\"ce-bodytext\">\n<p>By buying, selling and recycling recyclable materials, Interzero invests in resource conservation and enables a circular economy. We process used materials in our own facilities or at our partners, and then deliver sorted and recycled resources to industry. As an authorized waste management company, Interzero meets the highest standards in the field of material recycling.<\/p>\n<p><b>The most common raw materials that we buy, sell and recycle are: paper and cardboard, different types of plastic polymers, metals (non-ferrous and black).<\/b><\/p>\n<h3><\/h3>\n<\/div>\n<\/div>\n<\/div>\n<\/div>\n<p>[\/vc_column_text][\/vc_column][vc_column width=&#8221;1\/2&#8243;][vc_single_image media=&#8221;7459&#8243; media_width_percent=&#8221;100&#8243; uncode_shortcode_id=&#8221;129910&#8243;][\/vc_column][\/vc_row][vc_row][vc_column column_width_percent=&#8221;100&#8243; align_horizontal=&#8221;align_center&#8221; gutter_size=&#8221;3&#8243; overlay_alpha=&#8221;50&#8243; shift_x=&#8221;0&#8243; shift_y=&#8221;0&#8243; shift_y_down=&#8221;0&#8243; z_index=&#8221;0&#8243; medium_width=&#8221;0&#8243; mobile_width=&#8221;0&#8243; width=&#8221;1\/1&#8243; uncode_shortcode_id=&#8221;229818&#8243;][vc_custom_heading uncode_shortcode_id=&#8221;107005&#8243;]<\/p>\n<h2 style=\"text-align: center\"><strong>We close the loops<\/strong><\/h2>\n<p>[\/vc_custom_heading][\/vc_column][\/vc_row][vc_row][vc_column width=&#8221;1\/2&#8243;][vc_single_image media=&#8221;4993&#8243; media_width_percent=&#8221;100&#8243; uncode_shortcode_id=&#8221;155013&#8243;][vc_single_image media=&#8221;3321&#8243; media_width_percent=&#8221;100&#8243; uncode_shortcode_id=&#8221;166928&#8243;][\/vc_column][vc_column width=&#8221;1\/2&#8243;][vc_column_text uncode_shortcode_id=&#8221;118209&#8243;]<span class=\"jCAhz ChMk0b\"><span class=\"ryNqvb\">We close the cycles of waste raw materials and thereby protect natural resources and reduce greenhouse gas emissions.<\/span><\/span> <span class=\"jCAhz ChMk0b\"><span class=\"ryNqvb\">Based on professional knowledge, many years of experience and a wide network of waste streams, we can help you in the procurement of any raw material.<\/span><\/span> <span class=\"jCAhz ChMk0b\"><span class=\"ryNqvb\">Together we create a network that suits you, from which you can get recycled plastic or other raw materials you need.<\/span><\/span><\/p>\n<p><span class=\"jCAhz ChMk0b\"><span class=\"ryNqvb\">In recycling facilities in Germany, a wide range of fractions and polyolefins can be processed into sorted recyclates.<\/span><\/span> <span class=\"jCAhz ChMk0b\"><span class=\"ryNqvb\">As raw material, we use materials from household recycling collections, mainly polyethylene (PE) and polypropylene (PP) packaging.<\/span><\/span> <span class=\"jCAhz ChMk0b\"><span class=\"ryNqvb\">We use it for the production of various products: Granulat Recythen is suitable, for example, for the production of cable drums, garden furniture and drainage and protection pipes for cables.<\/span><\/span> <span class=\"jCAhz ChMk0b\"><span class=\"ryNqvb\">Procyclen is an award-winning, flexible compound.<\/span><\/span> <span class=\"jCAhz ChMk0b\"><span class=\"ryNqvb\">Thanks to special formulations, it can be precisely adapted to customer requirements in terms of flowability, durability, UV and heat or color resistance.<\/span><\/span> <span class=\"jCAhz ChMk0b\"><span class=\"ryNqvb\">The following applies: Similar to a new crude oil-based material, Procyclen meets the high demands for new product or packaging properties \u2013 and can also be processed by injection or extrusion processes, which differentiates us from the competition.<\/span><\/span><\/p>\n<p><span class=\"jCAhz ChMk0b\"><span class=\"ryNqvb\">Read about an example of a successful circular solution designed by Interzero together with its partners for the Donat brand <a href=\"https:\/\/interzero.hr\/en\/services\/solutions-for-the-circular-economy\/\">here.<\/a><\/span><\/span>[\/vc_column_text][\/vc_column][\/vc_row][vc_row row_height_percent=&#8221;0&#8243; back_color=&#8221;color-870240&#8243; overlay_alpha=&#8221;50&#8243; gutter_size=&#8221;3&#8243; column_width_percent=&#8221;100&#8243; shift_y=&#8221;0&#8243; z_index=&#8221;0&#8243; uncode_shortcode_id=&#8221;173905&#8243; back_color_type=&#8221;uncode-palette&#8221;][vc_column column_width_percent=&#8221;100&#8243; align_horizontal=&#8221;align_center&#8221; gutter_size=&#8221;3&#8243; overlay_alpha=&#8221;50&#8243; shift_x=&#8221;0&#8243; shift_y=&#8221;0&#8243; shift_y_down=&#8221;0&#8243; z_index=&#8221;0&#8243; medium_width=&#8221;0&#8243; mobile_width=&#8221;0&#8243; width=&#8221;1\/1&#8243; uncode_shortcode_id=&#8221;152781&#8243;][vc_column_text uncode_shortcode_id=&#8221;802768&#8243;]<\/p>\n<h2><strong>Contact us and learn more about how waste raw materials can help you with better environmental impact and greater competitiveness.<\/strong><\/h2>\n<p>[\/vc_column_text][\/vc_column][\/vc_row][vc_row][vc_column width=&#8221;1\/1&#8243;][\/vc_column][\/vc_row][vc_row][vc_column width=&#8221;1\/1&#8243;][uncode_block id=&#8221;4510&#8243;][\/vc_column][\/vc_row]<\/p>\n<\/div>","protected":false},"excerpt":{"rendered":"<p>[vc_row][vc_column column_width_percent=&#8221;100&#8243; align_horizontal=&#8221;align_center&#8221; gutter_size=&#8221;3&#8243; overlay_alpha=&#8221;50&#8243; shift_x=&#8221;0&#8243; shift_y=&#8221;0&#8243; shift_y_down=&#8221;0&#8243; z_index=&#8221;0&#8243; medium_width=&#8221;0&#8243; mobile_width=&#8221;0&#8243; width=&#8221;1\/1&#8243; uncode_shortcode_id=&#8221;108666&#8243;][vc_custom_heading uncode_shortcode_id=&#8221;820382&#8243;] Trade in raw materials [\/vc_custom_heading][vc_column_text uncode_shortcode_id=&#8221;302642&#8243;] [&hellip;]<\/p>\n","protected":false},"author":16,"featured_media":5769,"parent":6725,"menu_order":0,"comment_status":"closed","ping_status":"closed","template":"","meta":{"_acf_changed":false,"inline_featured_image":false,"footnotes":""},"wf_page_folders":[72],"class_list":["post-6793","page","type-page","status-publish","has-post-thumbnail","hentry","page_category-croatia-en"],"acf":[],"yoast_head":"<!-- This site is optimized with the Yoast SEO plugin v26.4 - https:\/\/yoast.com\/wordpress\/plugins\/seo\/ -->\n<title>Trade in raw materials - Interzero HR<\/title>\n<meta name=\"robots\" content=\"index, follow, max-snippet:-1, max-image-preview:large, max-video-preview:-1\" \/>\n<link rel=\"canonical\" href=\"https:\/\/interzero.hr\/en\/services\/trading-in-raw-materials\/trade-in-raw-materials\/\" \/>\n<meta property=\"og:locale\" content=\"en_US\" \/>\n<meta property=\"og:type\" content=\"article\" \/>\n<meta property=\"og:title\" content=\"Trade in raw materials - Interzero HR\" \/>\n<meta property=\"og:description\" content=\"[vc_row][vc_column column_width_percent=&#8221;100&#8243; align_horizontal=&#8221;align_center&#8221; gutter_size=&#8221;3&#8243; overlay_alpha=&#8221;50&#8243; shift_x=&#8221;0&#8243; shift_y=&#8221;0&#8243; shift_y_down=&#8221;0&#8243; z_index=&#8221;0&#8243; medium_width=&#8221;0&#8243; mobile_width=&#8221;0&#8243; width=&#8221;1\/1&#8243; uncode_shortcode_id=&#8221;108666&#8243;][vc_custom_heading uncode_shortcode_id=&#8221;820382&#8243;] Trade in raw materials [\/vc_custom_heading][vc_column_text uncode_shortcode_id=&#8221;302642&#8243;] [&hellip;]\" \/>\n<meta property=\"og:url\" content=\"https:\/\/interzero.hr\/en\/services\/trading-in-raw-materials\/trade-in-raw-materials\/\" \/>\n<meta property=\"og:site_name\" content=\"Interzero HR\" \/>\n<meta property=\"article:publisher\" content=\"https:\/\/www.facebook.com\/interzero.hr\" \/>\n<meta property=\"article:modified_time\" content=\"2023-09-29T08:37:50+00:00\" \/>\n<meta property=\"og:image\" content=\"https:\/\/interzero.hr\/wp-content\/uploads\/sites\/11\/2022\/11\/Header_Recycling-Recycling-Kunststoffe.jpg\" \/>\n\t<meta property=\"og:image:width\" content=\"1920\" \/>\n\t<meta property=\"og:image:height\" content=\"500\" \/>\n\t<meta property=\"og:image:type\" content=\"image\/jpeg\" \/>\n<meta name=\"twitter:card\" content=\"summary_large_image\" \/>\n<meta name=\"twitter:label1\" content=\"Est. reading time\" \/>\n\t<meta name=\"twitter:data1\" content=\"2 minutes\" \/>\n<script type=\"application\/ld+json\" class=\"yoast-schema-graph\">{\"@context\":\"https:\/\/schema.org\",\"@graph\":[{\"@type\":\"WebPage\",\"@id\":\"https:\/\/interzero.hr\/en\/services\/trading-in-raw-materials\/trade-in-raw-materials\/\",\"url\":\"https:\/\/interzero.hr\/en\/services\/trading-in-raw-materials\/trade-in-raw-materials\/\",\"name\":\"Trade in raw materials - Interzero HR\",\"isPartOf\":{\"@id\":\"https:\/\/interzero.hr\/en\/#website\"},\"primaryImageOfPage\":{\"@id\":\"https:\/\/interzero.hr\/en\/services\/trading-in-raw-materials\/trade-in-raw-materials\/#primaryimage\"},\"image\":{\"@id\":\"https:\/\/interzero.hr\/en\/services\/trading-in-raw-materials\/trade-in-raw-materials\/#primaryimage\"},\"thumbnailUrl\":\"https:\/\/interzero.hr\/wp-content\/uploads\/sites\/11\/2022\/11\/Header_Recycling-Recycling-Kunststoffe.jpg\",\"datePublished\":\"2023-01-31T10:05:54+00:00\",\"dateModified\":\"2023-09-29T08:37:50+00:00\",\"breadcrumb\":{\"@id\":\"https:\/\/interzero.hr\/en\/services\/trading-in-raw-materials\/trade-in-raw-materials\/#breadcrumb\"},\"inLanguage\":\"en-US\",\"potentialAction\":[{\"@type\":\"ReadAction\",\"target\":[\"https:\/\/interzero.hr\/en\/services\/trading-in-raw-materials\/trade-in-raw-materials\/\"]}]},{\"@type\":\"ImageObject\",\"inLanguage\":\"en-US\",\"@id\":\"https:\/\/interzero.hr\/en\/services\/trading-in-raw-materials\/trade-in-raw-materials\/#primaryimage\",\"url\":\"https:\/\/interzero.hr\/wp-content\/uploads\/sites\/11\/2022\/11\/Header_Recycling-Recycling-Kunststoffe.jpg\",\"contentUrl\":\"https:\/\/interzero.hr\/wp-content\/uploads\/sites\/11\/2022\/11\/Header_Recycling-Recycling-Kunststoffe.jpg\",\"width\":1920,\"height\":500},{\"@type\":\"BreadcrumbList\",\"@id\":\"https:\/\/interzero.hr\/en\/services\/trading-in-raw-materials\/trade-in-raw-materials\/#breadcrumb\",\"itemListElement\":[{\"@type\":\"ListItem\",\"position\":1,\"name\":\"Home\",\"item\":\"https:\/\/interzero.hr\/en\/interzero-croatia\/\"},{\"@type\":\"ListItem\",\"position\":2,\"name\":\"Services\",\"item\":\"https:\/\/interzero.hr\/en\/services\/\"},{\"@type\":\"ListItem\",\"position\":3,\"name\":\"Trading in raw materials\",\"item\":\"https:\/\/interzero.hr\/en\/services\/trading-in-raw-materials\/\"},{\"@type\":\"ListItem\",\"position\":4,\"name\":\"Trade in raw materials\"}]},{\"@type\":\"WebSite\",\"@id\":\"https:\/\/interzero.hr\/en\/#website\",\"url\":\"https:\/\/interzero.hr\/en\/\",\"name\":\"Interzero HR\",\"description\":\"Interzero - Va\u0161 jak partner za usluge za\u0161tite okoli\u0161a\",\"publisher\":{\"@id\":\"https:\/\/interzero.hr\/en\/#organization\"},\"potentialAction\":[{\"@type\":\"SearchAction\",\"target\":{\"@type\":\"EntryPoint\",\"urlTemplate\":\"https:\/\/interzero.hr\/en\/?s={search_term_string}\"},\"query-input\":{\"@type\":\"PropertyValueSpecification\",\"valueRequired\":true,\"valueName\":\"search_term_string\"}}],\"inLanguage\":\"en-US\"},{\"@type\":\"Organization\",\"@id\":\"https:\/\/interzero.hr\/en\/#organization\",\"name\":\"Interzero Hrvatska\",\"alternateName\":\"Interzero Croatia\",\"url\":\"https:\/\/interzero.hr\/en\/\",\"logo\":{\"@type\":\"ImageObject\",\"inLanguage\":\"en-US\",\"@id\":\"https:\/\/interzero.hr\/en\/#\/schema\/logo\/image\/\",\"url\":\"https:\/\/interzero.hr\/wp-content\/uploads\/sites\/11\/2022\/10\/IZ-Logo-BG.png\",\"contentUrl\":\"https:\/\/interzero.hr\/wp-content\/uploads\/sites\/11\/2022\/10\/IZ-Logo-BG.png\",\"width\":585,\"height\":365,\"caption\":\"Interzero Hrvatska\"},\"image\":{\"@id\":\"https:\/\/interzero.hr\/en\/#\/schema\/logo\/image\/\"},\"sameAs\":[\"https:\/\/www.facebook.com\/interzero.hr\",\"https:\/\/www.linkedin.com\/company\/interzero-hrvatska\/\"]}]}<\/script>\n<!-- \/ Yoast SEO plugin. -->","yoast_head_json":{"title":"Trade in raw materials - Interzero HR","robots":{"index":"index","follow":"follow","max-snippet":"max-snippet:-1","max-image-preview":"max-image-preview:large","max-video-preview":"max-video-preview:-1"},"canonical":"https:\/\/interzero.hr\/en\/services\/trading-in-raw-materials\/trade-in-raw-materials\/","og_locale":"en_US","og_type":"article","og_title":"Trade in raw materials - Interzero HR","og_description":"[vc_row][vc_column column_width_percent=&#8221;100&#8243; align_horizontal=&#8221;align_center&#8221; gutter_size=&#8221;3&#8243; overlay_alpha=&#8221;50&#8243; shift_x=&#8221;0&#8243; shift_y=&#8221;0&#8243; shift_y_down=&#8221;0&#8243; z_index=&#8221;0&#8243; medium_width=&#8221;0&#8243; mobile_width=&#8221;0&#8243; width=&#8221;1\/1&#8243; uncode_shortcode_id=&#8221;108666&#8243;][vc_custom_heading uncode_shortcode_id=&#8221;820382&#8243;] Trade in raw materials [\/vc_custom_heading][vc_column_text uncode_shortcode_id=&#8221;302642&#8243;] [&hellip;]","og_url":"https:\/\/interzero.hr\/en\/services\/trading-in-raw-materials\/trade-in-raw-materials\/","og_site_name":"Interzero HR","article_publisher":"https:\/\/www.facebook.com\/interzero.hr","article_modified_time":"2023-09-29T08:37:50+00:00","og_image":[{"width":1920,"height":500,"url":"https:\/\/interzero.hr\/wp-content\/uploads\/sites\/11\/2022\/11\/Header_Recycling-Recycling-Kunststoffe.jpg","type":"image\/jpeg"}],"twitter_card":"summary_large_image","twitter_misc":{"Est. reading time":"2 minutes"},"schema":{"@context":"https:\/\/schema.org","@graph":[{"@type":"WebPage","@id":"https:\/\/interzero.hr\/en\/services\/trading-in-raw-materials\/trade-in-raw-materials\/","url":"https:\/\/interzero.hr\/en\/services\/trading-in-raw-materials\/trade-in-raw-materials\/","name":"Trade in raw materials - Interzero HR","isPartOf":{"@id":"https:\/\/interzero.hr\/en\/#website"},"primaryImageOfPage":{"@id":"https:\/\/interzero.hr\/en\/services\/trading-in-raw-materials\/trade-in-raw-materials\/#primaryimage"},"image":{"@id":"https:\/\/interzero.hr\/en\/services\/trading-in-raw-materials\/trade-in-raw-materials\/#primaryimage"},"thumbnailUrl":"https:\/\/interzero.hr\/wp-content\/uploads\/sites\/11\/2022\/11\/Header_Recycling-Recycling-Kunststoffe.jpg","datePublished":"2023-01-31T10:05:54+00:00","dateModified":"2023-09-29T08:37:50+00:00","breadcrumb":{"@id":"https:\/\/interzero.hr\/en\/services\/trading-in-raw-materials\/trade-in-raw-materials\/#breadcrumb"},"inLanguage":"en-US","potentialAction":[{"@type":"ReadAction","target":["https:\/\/interzero.hr\/en\/services\/trading-in-raw-materials\/trade-in-raw-materials\/"]}]},{"@type":"ImageObject","inLanguage":"en-US","@id":"https:\/\/interzero.hr\/en\/services\/trading-in-raw-materials\/trade-in-raw-materials\/#primaryimage","url":"https:\/\/interzero.hr\/wp-content\/uploads\/sites\/11\/2022\/11\/Header_Recycling-Recycling-Kunststoffe.jpg","contentUrl":"https:\/\/interzero.hr\/wp-content\/uploads\/sites\/11\/2022\/11\/Header_Recycling-Recycling-Kunststoffe.jpg","width":1920,"height":500},{"@type":"BreadcrumbList","@id":"https:\/\/interzero.hr\/en\/services\/trading-in-raw-materials\/trade-in-raw-materials\/#breadcrumb","itemListElement":[{"@type":"ListItem","position":1,"name":"Home","item":"https:\/\/interzero.hr\/en\/interzero-croatia\/"},{"@type":"ListItem","position":2,"name":"Services","item":"https:\/\/interzero.hr\/en\/services\/"},{"@type":"ListItem","position":3,"name":"Trading in raw materials","item":"https:\/\/interzero.hr\/en\/services\/trading-in-raw-materials\/"},{"@type":"ListItem","position":4,"name":"Trade in raw materials"}]},{"@type":"WebSite","@id":"https:\/\/interzero.hr\/en\/#website","url":"https:\/\/interzero.hr\/en\/","name":"Interzero HR","description":"Interzero - Va\u0161 jak partner za usluge za\u0161tite okoli\u0161a","publisher":{"@id":"https:\/\/interzero.hr\/en\/#organization"},"potentialAction":[{"@type":"SearchAction","target":{"@type":"EntryPoint","urlTemplate":"https:\/\/interzero.hr\/en\/?s={search_term_string}"},"query-input":{"@type":"PropertyValueSpecification","valueRequired":true,"valueName":"search_term_string"}}],"inLanguage":"en-US"},{"@type":"Organization","@id":"https:\/\/interzero.hr\/en\/#organization","name":"Interzero Hrvatska","alternateName":"Interzero Croatia","url":"https:\/\/interzero.hr\/en\/","logo":{"@type":"ImageObject","inLanguage":"en-US","@id":"https:\/\/interzero.hr\/en\/#\/schema\/logo\/image\/","url":"https:\/\/interzero.hr\/wp-content\/uploads\/sites\/11\/2022\/10\/IZ-Logo-BG.png","contentUrl":"https:\/\/interzero.hr\/wp-content\/uploads\/sites\/11\/2022\/10\/IZ-Logo-BG.png","width":585,"height":365,"caption":"Interzero Hrvatska"},"image":{"@id":"https:\/\/interzero.hr\/en\/#\/schema\/logo\/image\/"},"sameAs":["https:\/\/www.facebook.com\/interzero.hr","https:\/\/www.linkedin.com\/company\/interzero-hrvatska\/"]}]}},"_links":{"self":[{"href":"https:\/\/interzero.hr\/en\/wp-json\/wp\/v2\/pages\/6793","targetHints":{"allow":["GET"]}}],"collection":[{"href":"https:\/\/interzero.hr\/en\/wp-json\/wp\/v2\/pages"}],"about":[{"href":"https:\/\/interzero.hr\/en\/wp-json\/wp\/v2\/types\/page"}],"author":[{"embeddable":true,"href":"https:\/\/interzero.hr\/en\/wp-json\/wp\/v2\/users\/16"}],"replies":[{"embeddable":true,"href":"https:\/\/interzero.hr\/en\/wp-json\/wp\/v2\/comments?post=6793"}],"version-history":[{"count":2,"href":"https:\/\/interzero.hr\/en\/wp-json\/wp\/v2\/pages\/6793\/revisions"}],"predecessor-version":[{"id":7461,"href":"https:\/\/interzero.hr\/en\/wp-json\/wp\/v2\/pages\/6793\/revisions\/7461"}],"up":[{"embeddable":true,"href":"https:\/\/interzero.hr\/en\/wp-json\/wp\/v2\/pages\/6725"}],"wp:featuredmedia":[{"embeddable":true,"href":"https:\/\/interzero.hr\/en\/wp-json\/wp\/v2\/media\/5769"}],"wp:attachment":[{"href":"https:\/\/interzero.hr\/en\/wp-json\/wp\/v2\/media?parent=6793"}],"wp:term":[{"taxonomy":"wf_page_folders","embeddable":true,"href":"https:\/\/interzero.hr\/en\/wp-json\/wp\/v2\/wf_page_folders?post=6793"}],"curies":[{"name":"wp","href":"https:\/\/api.w.org\/{rel}","templated":true}]}}