{"id":6809,"date":"2023-01-31T11:08:36","date_gmt":"2023-01-31T10:08:36","guid":{"rendered":"https:\/\/interzero.hr\/legal-regulations\/regulations\/"},"modified":"2025-05-06T14:50:35","modified_gmt":"2025-05-06T12:50:35","slug":"regulations","status":"publish","type":"page","link":"https:\/\/interzero.hr\/en\/legal-regulations\/regulations\/","title":{"rendered":"Regulations"},"content":{"rendered":"<div class=\"wpb-content-wrapper\"><p>[vc_row][vc_column column_width_percent=&#8221;100&#8243; align_horizontal=&#8221;align_center&#8221; gutter_size=&#8221;3&#8243; overlay_alpha=&#8221;50&#8243; shift_x=&#8221;0&#8243; shift_y=&#8221;0&#8243; shift_y_down=&#8221;0&#8243; z_index=&#8221;0&#8243; medium_width=&#8221;0&#8243; mobile_width=&#8221;0&#8243; width=&#8221;1\/1&#8243; uncode_shortcode_id=&#8221;199923&#8243;][vc_custom_heading uncode_shortcode_id=&#8221;199729&#8243;]<\/p>\n<h1><strong>Regulations<\/strong><\/h1>\n<p>[\/vc_custom_heading][vc_column_text uncode_shortcode_id=&#8221;109702&#8243;]<\/p>\n<h3>We have collected all relevant laws, ordinances, decrees and decisions in one place for you. If you need help interpreting the regulations, feel free to contact us.<\/h3>\n<p>[\/vc_column_text][\/vc_column][\/vc_row][vc_row][vc_column width=&#8221;1\/1&#8243;][vc_column_text uncode_shortcode_id=&#8221;226238&#8243;]<strong>LAWS<\/strong><\/p>\n<ul>\n<li><strong>Environmental Protection Act<\/strong><br \/>\nOfficial Gazette <a href=\"https:\/\/narodne-novine.nn.hr\/clanci\/sluzbeni\/2013_06_80_1659.html\">80\/13<\/a>,\u00a0<a href=\"https:\/\/narodne-novine.nn.hr\/clanci\/sluzbeni\/2013_12_153_3221.html\">153\/13<\/a>,\u00a0<a href=\"https:\/\/narodne-novine.nn.hr\/clanci\/sluzbeni\/2015_07_78_1498.html\">78\/15<\/a>,\u00a0<a href=\"https:\/\/narodne-novine.nn.hr\/clanci\/sluzbeni\/2018_02_12_264.html\">12\/18<\/a>,\u00a0<a href=\"https:\/\/narodne-novine.nn.hr\/clanci\/sluzbeni\/2018_12_118_2345.html\">118\/18<\/a><\/li>\n<li><b>Ordinance on waste management<\/b><br \/>\nNational Gazette <a href=\"https:\/\/narodne-novine.nn.hr\/clanci\/sluzbeni\/2021_07_84_1554.html\">84\/21<\/a>,<a href=\"https:\/\/narodne-novine.nn.hr\/clanci\/sluzbeni\/2023_11_142_1953.html\">142\/23<\/a><\/li>\n<\/ul>\n<p>&nbsp;<\/p>\n<p><strong>RULES<\/strong><\/p>\n<ul>\n<li><strong>Ordinance on waste management<\/strong><\/li>\n<\/ul>\n<p>Official Gazette <a href=\"https:\/\/narodne-novine.nn.hr\/clanci\/sluzbeni\/2022_09_106_1552.html\">106\/22<\/a>, <a href=\"https:\/\/narodne-novine.nn.hr\/clanci\/sluzbeni\/2024_12_138_2277.html\">138\/24<\/a><\/p>\n<ul>\n<li><b>Ordinance on packaging and waste packaging<\/b><br \/>\nOfficial Gazette <a href=\"https:\/\/narodne-novine.nn.hr\/clanci\/sluzbeni\/2015_08_88_1735.html\" target=\"_blank\" rel=\"noopener noreferrer\">88\/15<\/a> , <a href=\"https:\/\/narodne-novine.nn.hr\/clanci\/sluzbeni\/2016_08_78_1795.html\" target=\"_blank\" rel=\"noopener noreferrer\">78\/16<\/a> , <a href=\"https:\/\/narodne-novine.nn.hr\/clanci\/sluzbeni\/2017_11_116_2685.html\" target=\"_blank\" rel=\"noopener noreferrer\">116\/17<\/a> , <a href=\"https:\/\/narodne-novine.nn.hr\/clanci\/sluzbeni\/2020_02_14_253.html\" target=\"_blank\" rel=\"noopener noreferrer\">14\/20<\/a> , <a href=\"https:\/\/narodne-novine.nn.hr\/clanci\/sluzbeni\/2020_12_144_2773.html\" target=\"_blank\" rel=\"noopener noreferrer\">144\/20<\/a><\/li>\n<li><b>Ordinance on batteries and accumulators and waste batteries and accumulators<\/b><br \/>\nNational Gazette <a href=\"https:\/\/narodne-novine.nn.hr\/clanci\/sluzbeni\/2015_10_111_2147.html\" target=\"_blank\" rel=\"noopener noreferrer\">111\/15<\/a><\/li>\n<li><strong>Ordinance on medical waste management<\/strong><br \/>\nOfficial Gazette <a href=\"https:\/\/narodne-novine.nn.hr\/clanci\/sluzbeni\/2015_05_50_989.html\" target=\"_blank\" rel=\"noopener noreferrer\">50\/15<\/a> , <a href=\"https:\/\/narodne-novine.nn.hr\/clanci\/sluzbeni\/2019_06_56_1066.html\" target=\"_blank\" rel=\"noopener noreferrer\">56\/19<\/a><\/li>\n<li><strong>Ordinance on the management of waste tires<\/strong><br \/>\nNational Gazette <a href=\"https:\/\/narodne-novine.nn.hr\/clanci\/sluzbeni\/2016_12_113_2493.html\" target=\"_blank\" rel=\"noopener noreferrer\">113\/16<\/a><\/li>\n<li><strong>Ordinance on the management of waste textiles and waste footwear<\/strong><br \/>\nNational Gazette <a href=\"https:\/\/narodne-novine.nn.hr\/clanci\/sluzbeni\/2015_09_99_1933.html\" target=\"_blank\" rel=\"noopener noreferrer\">99\/15<\/a><\/li>\n<li><strong>Ordinance\u00a0on waste oil management<\/strong><br \/>\nOfficial Gazette <a href=\"https:\/\/narodne-novine.nn.hr\/clanci\/sluzbeni\/2006_11_124_2762.html\" target=\"_blank\" rel=\"noopener noreferrer\">124\/06<\/a> , <a href=\"https:\/\/narodne-novine.nn.hr\/clanci\/sluzbeni\/2008_10_121_3482.html\" target=\"_blank\" rel=\"noopener noreferrer\">121\/08<\/a> , <a href=\"https:\/\/narodne-novine.nn.hr\/clanci\/sluzbeni\/2009_03_31_682.html\" target=\"_blank\" rel=\"noopener noreferrer\">31\/09<\/a> , <a href=\"https:\/\/narodne-novine.nn.hr\/clanci\/sluzbeni\/2009_12_156_3896.html\" target=\"_blank\" rel=\"noopener noreferrer\">156\/09<\/a> , <a href=\"https:\/\/narodne-novine.nn.hr\/clanci\/sluzbeni\/2011_08_91_1946.html\" target=\"_blank\" rel=\"noopener noreferrer\">91\/11<\/a> , <a href=\"https:\/\/narodne-novine.nn.hr\/clanci\/sluzbeni\/2012_04_45_1127.html\" target=\"_blank\" rel=\"noopener noreferrer\">45\/12<\/a> , <a href=\"https:\/\/narodne-novine.nn.hr\/clanci\/sluzbeni\/2013_07_86_1933.html\" target=\"_blank\" rel=\"noopener noreferrer\">86\/13<\/a><\/li>\n<li><strong>Ordinance on waste vehicle management<\/strong><br \/>\nOfficial Gazette <a href=\"https:\/\/narodne-novine.nn.hr\/clanci\/sluzbeni\/2015_11_125_2384.html\" target=\"_blank\" rel=\"noopener noreferrer\">125\/15<\/a> , <a href=\"https:\/\/narodne-novine.nn.hr\/clanci\/sluzbeni\/2016_10_90_1914.html\" target=\"_blank\" rel=\"noopener noreferrer\">90\/16<\/a> , <a href=\"https:\/\/narodne-novine.nn.hr\/clanci\/sluzbeni\/2018_07_60_1257.html\" target=\"_blank\" rel=\"noopener noreferrer\">60\/18<\/a> , <a href=\"https:\/\/narodne-novine.nn.hr\/clanci\/sluzbeni\/2018_08_72_1488.html\" target=\"_blank\" rel=\"noopener noreferrer\">72\/18<\/a> , <a href=\"https:\/\/narodne-novine.nn.hr\/clanci\/sluzbeni\/2020_07_81_1519.html\" target=\"_blank\" rel=\"noopener noreferrer\">81\/20<\/a><\/li>\n<li><strong>Ordinance on waste electrical and electronic equipment management<\/strong><br \/>\nOfficial Gazette <a href=\"https:\/\/narodne-novine.nn.hr\/clanci\/sluzbeni\/2014_04_42_782.html\" target=\"_blank\" rel=\"noopener noreferrer\">42\/14<\/a> , <a href=\"https:\/\/narodne-novine.nn.hr\/clanci\/sluzbeni\/2014_04_48_941.html\" target=\"_blank\" rel=\"noopener noreferrer\">48\/14<\/a> , <a href=\"https:\/\/narodne-novine.nn.hr\/clanci\/sluzbeni\/2014_09_107_2078.html\" target=\"_blank\" rel=\"noopener noreferrer\">107\/14<\/a> , <a href=\"https:\/\/narodne-novine.nn.hr\/clanci\/sluzbeni\/2014_11_139_2625.html\" target=\"_blank\" rel=\"noopener noreferrer\">139\/14<\/a> , <a href=\"https:\/\/narodne-novine.nn.hr\/clanci\/sluzbeni\/2019_01_11_230.html\" target=\"_blank\" rel=\"noopener noreferrer\">11\/19<\/a> , <a href=\"https:\/\/narodne-novine.nn.hr\/clanci\/sluzbeni\/2020_01_7_157.html\" target=\"_blank\" rel=\"noopener noreferrer\">07\/20<\/a><\/li>\n<li><strong>Ordinance on waste management from titanium dioxide production<\/strong><br \/>\nNational Gazette <a href=\"https:\/\/narodne-novine.nn.hr\/clanci\/sluzbeni\/2014_10_117_2216.html\" target=\"_blank\" rel=\"noopener noreferrer\">117\/14<\/a><\/li>\n<li><strong>Ordinance on waste management from the mining industry<\/strong><br \/>\nNarodne novine <a href=\"https:\/\/narodne-novine.nn.hr\/clanci\/sluzbeni\/2019_03_22_456.html\" target=\"_blank\" rel=\"noopener noreferrer\">22\/19<\/a><\/li>\n<li><strong>Ordinance on management of polychlorinated biphenyls and polychlorinated terphenyls<\/strong><br \/>\nNational Gazette <a href=\"https:\/\/narodne-novine.nn.hr\/clanci\/sluzbeni\/2014_08_103_2001.html\" target=\"_blank\" rel=\"noopener noreferrer\">103\/14<\/a><\/li>\n<li><strong>Ordinance on construction waste containing asbestos<\/strong><br \/>\nNational Gazette <a href=\"https:\/\/narodne-novine.nn.hr\/clanci\/sluzbeni\/2016_07_69_1650.html\" target=\"_blank\" rel=\"noopener noreferrer\">69\/16<\/a><\/li>\n<li><strong>Ordinance on the catalog of waste<\/strong><br \/>\nNational Gazette <a href=\"https:\/\/narodne-novine.nn.hr\/clanci\/sluzbeni\/2015_08_90_1757.html\" target=\"_blank\" rel=\"noopener noreferrer\">90\/15<\/a><\/li>\n<li><strong>Ordinance on by-products and abolition of waste status<\/strong><br \/>\nNational Gazette <a href=\"https:\/\/narodne-novine.nn.hr\/clanci\/sluzbeni\/2014_10_117_2217.html\" target=\"_blank\" rel=\"noopener noreferrer\">117\/14<\/a><\/li>\n<li><strong>Ordinance on the register of environmental pollution<\/strong><br \/>\nNational Gazette <a href=\"https:\/\/narodne-novine.nn.hr\/clanci\/sluzbeni\/2022_01_3_31.html\" target=\"_blank\" rel=\"noopener noreferrer\">03\/22<\/a><\/li>\n<li><strong>Ordinance on thermal treatment of waste<\/strong><br \/>\nNational Gazette <a href=\"https:\/\/narodne-novine.nn.hr\/clanci\/sluzbeni\/2016_08_75_1755.html\" target=\"_blank\" rel=\"noopener noreferrer\">75\/16<\/a><\/li>\n<li><strong>Ordinance on the conditions for issuing consent to legal entities for the performance of professional environmental protection work<\/strong><br \/>\nNational Gazette <a href=\"https:\/\/narodne-novine.nn.hr\/clanci\/sluzbeni\/2010_05_57_1364.html\" target=\"_blank\" rel=\"noopener noreferrer\">57\/10<\/a><\/li>\n<li><strong>Ordinance on disposal of radioactive waste and used sources<\/strong><br \/>\nNarodne novine <a href=\"https:\/\/narodne-novine.nn.hr\/clanci\/sluzbeni\/2018_02_12_271.html\" target=\"_blank\" rel=\"noopener noreferrer\">12\/18<\/a><\/li>\n<\/ul>\n<p>&nbsp;<\/p>\n<p><strong>REGULATIONS<\/strong><\/p>\n<ul>\n<li><strong>Regulation on waste management fee and refundable fee<\/strong><\/li>\n<\/ul>\n<p>Official Gazette <a href=\"https:\/\/narodne-novine.nn.hr\/clanci\/sluzbeni\/2024_11_137_2258.html\">137\/24<\/a><\/p>\n<ul>\n<li><strong>Regulation on municipal waste management <\/strong><br \/>\nOfficial Gazette <a href=\"https:\/\/narodne-novine.nn.hr\/clanci\/sluzbeni\/2017_05_50_1138.html\" target=\"_blank\" rel=\"noopener noreferrer\">50\/17<\/a> , <a href=\"https:\/\/narodne-novine.nn.hr\/clanci\/sluzbeni\/2019_09_84_1721.html\" target=\"_blank\" rel=\"noopener noreferrer\">84\/19<\/a><\/li>\n<li><strong>Regulation on the management of waste batteries and accumulators <\/strong><br \/>\nOfficial Gazette <a href=\"https:\/\/narodne-novine.nn.hr\/clanci\/sluzbeni\/2015_10_105_2051.html\" target=\"_blank\" rel=\"noopener noreferrer\">105\/15<\/a> , <a href=\"https:\/\/narodne-novine.nn.hr\/clanci\/sluzbeni\/2020_05_57_1142.html\" target=\"_blank\" rel=\"noopener noreferrer\">57\/20<\/a><\/li>\n<li><strong>Regulation on waste vehicle management<\/strong><br \/>\nNational Gazette <a href=\"https:\/\/narodne-novine.nn.hr\/clanci\/sluzbeni\/2015_10_112_2161.html\" target=\"_blank\" rel=\"noopener noreferrer\">112\/15<\/a><\/li>\n<li><strong>Regulation on waste packaging management<\/strong><br \/>\nOfficial Gazette <a href=\"https:\/\/narodne-novine.nn.hr\/clanci\/sluzbeni\/2015_09_97_1872.html\" target=\"_blank\" rel=\"noopener noreferrer\">97\/15<\/a> , <a href=\"https:\/\/narodne-novine.nn.hr\/clanci\/sluzbeni\/2020_01_7_93.html\" target=\"_blank\" rel=\"noopener noreferrer\">07\/20<\/a> , <a href=\"https:\/\/narodne-novine.nn.hr\/clanci\/sluzbeni\/2020_12_140_2703.html\" target=\"_blank\" rel=\"noopener noreferrer\">140\/20<\/a><\/li>\n<li><strong>Regulation on the supervision of cross-border transport of waste <\/strong><br \/>\nOfficial Gazette <a href=\"https:\/\/narodne-novine.nn.hr\/clanci\/sluzbeni\/2006_06_69_1651.html\" target=\"_blank\" rel=\"noopener noreferrer\">69\/06<\/a> , <a href=\"https:\/\/narodne-novine.nn.hr\/clanci\/sluzbeni\/2007_02_17_671.html\" target=\"_blank\" rel=\"noopener noreferrer\">17\/07<\/a> , <a href=\"https:\/\/narodne-novine.nn.hr\/clanci\/sluzbeni\/2009_03_39_880.html\" target=\"_blank\" rel=\"noopener noreferrer\">39\/09<\/a><\/li>\n<li><strong>Regulation on liability for environmental damage<\/strong><br \/>\nOfficial Gazette <a href=\"https:\/\/narodne-novine.nn.hr\/clanci\/sluzbeni\/2017_04_31_692.html\" target=\"_blank\" rel=\"noopener noreferrer\">31\/17<\/a> , <a href=\"https:\/\/narodne-novine.nn.hr\/clanci\/sluzbeni\/2020_04_50_1017.html\" target=\"_blank\" rel=\"noopener noreferrer\">50\/20<\/a><\/li>\n<\/ul>\n<p>&nbsp;<\/p>\n<p><strong>DECISIONS<\/strong><\/p>\n<ul>\n<li><strong>Decision on adoption of the Plan and prevention of food waste in the Republic of Croatia 2019-2022<\/strong><br \/>\nNational Gazette <a href=\"https:\/\/narodne-novine.nn.hr\/clanci\/sluzbeni\/2019_06_61_1169.html\" target=\"_blank\" rel=\"noopener noreferrer\">61\/19<\/a><\/li>\n<li><strong>Decision on changes to the regulations in waste vehicle and waste tire management systems <\/strong><br \/>\nOfficial Gazette <a href=\"https:\/\/narodne-novine.nn.hr\/clanci\/sluzbeni\/2015_04_40_829.html\" target=\"_blank\" rel=\"noopener noreferrer\">40\/15<\/a> , <a href=\"https:\/\/narodne-novine.nn.hr\/clanci\/sluzbeni\/2020_05_57_1150.html\" target=\"_blank\" rel=\"noopener noreferrer\">57\/20<\/a><\/li>\n<li><strong>Decision on changing the fee in the waste oil management system<\/strong><br \/>\nOfficial Gazette <a href=\"https:\/\/narodne-novine.nn.hr\/clanci\/sluzbeni\/2015_09_95_1831.html\" target=\"_blank\" rel=\"noopener noreferrer\">95\/15<\/a> , <a href=\"https:\/\/narodne-novine.nn.hr\/clanci\/sluzbeni\/2020_05_57_1149.html\" target=\"_blank\" rel=\"noopener noreferrer\">57\/20<\/a><\/li>\n<\/ul>\n<p>[\/vc_column_text][\/vc_column][\/vc_row][vc_row][vc_column width=&#8221;1\/1&#8243;][uncode_block id=&#8221;4510&#8243;][\/vc_column][\/vc_row]<\/p>\n<\/div>","protected":false},"excerpt":{"rendered":"<p>[vc_row][vc_column column_width_percent=&#8221;100&#8243; align_horizontal=&#8221;align_center&#8221; gutter_size=&#8221;3&#8243; overlay_alpha=&#8221;50&#8243; shift_x=&#8221;0&#8243; shift_y=&#8221;0&#8243; shift_y_down=&#8221;0&#8243; z_index=&#8221;0&#8243; medium_width=&#8221;0&#8243; mobile_width=&#8221;0&#8243; width=&#8221;1\/1&#8243; uncode_shortcode_id=&#8221;199923&#8243;][vc_custom_heading uncode_shortcode_id=&#8221;199729&#8243;] Regulations [\/vc_custom_heading][vc_column_text uncode_shortcode_id=&#8221;109702&#8243;] We have collected [&hellip;]<\/p>\n","protected":false},"author":16,"featured_media":6170,"parent":6758,"menu_order":1,"comment_status":"closed","ping_status":"closed","template":"","meta":{"_acf_changed":false,"inline_featured_image":false,"footnotes":""},"wf_page_folders":[72],"class_list":["post-6809","page","type-page","status-publish","has-post-thumbnail","hentry","page_category-croatia-en"],"acf":[],"yoast_head":"<!-- This site is optimized with the Yoast SEO plugin v26.4 - https:\/\/yoast.com\/wordpress\/plugins\/seo\/ -->\n<title>Regulations - Interzero HR<\/title>\n<meta name=\"robots\" content=\"index, follow, max-snippet:-1, max-image-preview:large, max-video-preview:-1\" \/>\n<link rel=\"canonical\" href=\"https:\/\/interzero.hr\/en\/legal-regulations\/regulations\/\" \/>\n<meta property=\"og:locale\" content=\"en_US\" \/>\n<meta property=\"og:type\" content=\"article\" \/>\n<meta property=\"og:title\" content=\"Regulations - Interzero HR\" \/>\n<meta property=\"og:description\" content=\"[vc_row][vc_column column_width_percent=&#8221;100&#8243; align_horizontal=&#8221;align_center&#8221; gutter_size=&#8221;3&#8243; overlay_alpha=&#8221;50&#8243; shift_x=&#8221;0&#8243; shift_y=&#8221;0&#8243; shift_y_down=&#8221;0&#8243; z_index=&#8221;0&#8243; medium_width=&#8221;0&#8243; mobile_width=&#8221;0&#8243; width=&#8221;1\/1&#8243; uncode_shortcode_id=&#8221;199923&#8243;][vc_custom_heading uncode_shortcode_id=&#8221;199729&#8243;] Regulations [\/vc_custom_heading][vc_column_text uncode_shortcode_id=&#8221;109702&#8243;] We have collected [&hellip;]\" \/>\n<meta property=\"og:url\" content=\"https:\/\/interzero.hr\/en\/legal-regulations\/regulations\/\" \/>\n<meta property=\"og:site_name\" content=\"Interzero HR\" \/>\n<meta property=\"article:publisher\" content=\"https:\/\/www.facebook.com\/interzero.hr\" \/>\n<meta property=\"article:modified_time\" content=\"2025-05-06T12:50:35+00:00\" \/>\n<meta property=\"og:image\" content=\"https:\/\/interzero.hr\/wp-content\/uploads\/sites\/11\/2023\/02\/Predinspekcijski-pregledi.png\" \/>\n\t<meta property=\"og:image:width\" content=\"1920\" \/>\n\t<meta property=\"og:image:height\" content=\"500\" \/>\n\t<meta property=\"og:image:type\" content=\"image\/png\" \/>\n<meta name=\"twitter:card\" content=\"summary_large_image\" \/>\n<meta name=\"twitter:label1\" content=\"Est. reading time\" \/>\n\t<meta name=\"twitter:data1\" content=\"3 minutes\" \/>\n<script type=\"application\/ld+json\" class=\"yoast-schema-graph\">{\"@context\":\"https:\/\/schema.org\",\"@graph\":[{\"@type\":\"WebPage\",\"@id\":\"https:\/\/interzero.hr\/en\/legal-regulations\/regulations\/\",\"url\":\"https:\/\/interzero.hr\/en\/legal-regulations\/regulations\/\",\"name\":\"Regulations - Interzero HR\",\"isPartOf\":{\"@id\":\"https:\/\/interzero.hr\/en\/#website\"},\"primaryImageOfPage\":{\"@id\":\"https:\/\/interzero.hr\/en\/legal-regulations\/regulations\/#primaryimage\"},\"image\":{\"@id\":\"https:\/\/interzero.hr\/en\/legal-regulations\/regulations\/#primaryimage\"},\"thumbnailUrl\":\"https:\/\/interzero.hr\/wp-content\/uploads\/sites\/11\/2023\/02\/Predinspekcijski-pregledi.png\",\"datePublished\":\"2023-01-31T10:08:36+00:00\",\"dateModified\":\"2025-05-06T12:50:35+00:00\",\"breadcrumb\":{\"@id\":\"https:\/\/interzero.hr\/en\/legal-regulations\/regulations\/#breadcrumb\"},\"inLanguage\":\"en-US\",\"potentialAction\":[{\"@type\":\"ReadAction\",\"target\":[\"https:\/\/interzero.hr\/en\/legal-regulations\/regulations\/\"]}]},{\"@type\":\"ImageObject\",\"inLanguage\":\"en-US\",\"@id\":\"https:\/\/interzero.hr\/en\/legal-regulations\/regulations\/#primaryimage\",\"url\":\"https:\/\/interzero.hr\/wp-content\/uploads\/sites\/11\/2023\/02\/Predinspekcijski-pregledi.png\",\"contentUrl\":\"https:\/\/interzero.hr\/wp-content\/uploads\/sites\/11\/2023\/02\/Predinspekcijski-pregledi.png\",\"width\":1920,\"height\":500},{\"@type\":\"BreadcrumbList\",\"@id\":\"https:\/\/interzero.hr\/en\/legal-regulations\/regulations\/#breadcrumb\",\"itemListElement\":[{\"@type\":\"ListItem\",\"position\":1,\"name\":\"Home\",\"item\":\"https:\/\/interzero.hr\/en\/interzero-croatia\/\"},{\"@type\":\"ListItem\",\"position\":2,\"name\":\"Legal regulations\",\"item\":\"https:\/\/interzero.hr\/en\/legal-regulations\/\"},{\"@type\":\"ListItem\",\"position\":3,\"name\":\"Regulations\"}]},{\"@type\":\"WebSite\",\"@id\":\"https:\/\/interzero.hr\/en\/#website\",\"url\":\"https:\/\/interzero.hr\/en\/\",\"name\":\"Interzero HR\",\"description\":\"Interzero - Va\u0161 jak partner za usluge za\u0161tite okoli\u0161a\",\"publisher\":{\"@id\":\"https:\/\/interzero.hr\/en\/#organization\"},\"potentialAction\":[{\"@type\":\"SearchAction\",\"target\":{\"@type\":\"EntryPoint\",\"urlTemplate\":\"https:\/\/interzero.hr\/en\/?s={search_term_string}\"},\"query-input\":{\"@type\":\"PropertyValueSpecification\",\"valueRequired\":true,\"valueName\":\"search_term_string\"}}],\"inLanguage\":\"en-US\"},{\"@type\":\"Organization\",\"@id\":\"https:\/\/interzero.hr\/en\/#organization\",\"name\":\"Interzero Hrvatska\",\"alternateName\":\"Interzero Croatia\",\"url\":\"https:\/\/interzero.hr\/en\/\",\"logo\":{\"@type\":\"ImageObject\",\"inLanguage\":\"en-US\",\"@id\":\"https:\/\/interzero.hr\/en\/#\/schema\/logo\/image\/\",\"url\":\"https:\/\/interzero.hr\/wp-content\/uploads\/sites\/11\/2022\/10\/IZ-Logo-BG.png\",\"contentUrl\":\"https:\/\/interzero.hr\/wp-content\/uploads\/sites\/11\/2022\/10\/IZ-Logo-BG.png\",\"width\":585,\"height\":365,\"caption\":\"Interzero Hrvatska\"},\"image\":{\"@id\":\"https:\/\/interzero.hr\/en\/#\/schema\/logo\/image\/\"},\"sameAs\":[\"https:\/\/www.facebook.com\/interzero.hr\",\"https:\/\/www.linkedin.com\/company\/interzero-hrvatska\/\"]}]}<\/script>\n<!-- \/ Yoast SEO plugin. -->","yoast_head_json":{"title":"Regulations - Interzero HR","robots":{"index":"index","follow":"follow","max-snippet":"max-snippet:-1","max-image-preview":"max-image-preview:large","max-video-preview":"max-video-preview:-1"},"canonical":"https:\/\/interzero.hr\/en\/legal-regulations\/regulations\/","og_locale":"en_US","og_type":"article","og_title":"Regulations - Interzero HR","og_description":"[vc_row][vc_column column_width_percent=&#8221;100&#8243; align_horizontal=&#8221;align_center&#8221; gutter_size=&#8221;3&#8243; overlay_alpha=&#8221;50&#8243; shift_x=&#8221;0&#8243; shift_y=&#8221;0&#8243; shift_y_down=&#8221;0&#8243; z_index=&#8221;0&#8243; medium_width=&#8221;0&#8243; mobile_width=&#8221;0&#8243; width=&#8221;1\/1&#8243; uncode_shortcode_id=&#8221;199923&#8243;][vc_custom_heading uncode_shortcode_id=&#8221;199729&#8243;] Regulations [\/vc_custom_heading][vc_column_text uncode_shortcode_id=&#8221;109702&#8243;] We have collected [&hellip;]","og_url":"https:\/\/interzero.hr\/en\/legal-regulations\/regulations\/","og_site_name":"Interzero HR","article_publisher":"https:\/\/www.facebook.com\/interzero.hr","article_modified_time":"2025-05-06T12:50:35+00:00","og_image":[{"width":1920,"height":500,"url":"https:\/\/interzero.hr\/wp-content\/uploads\/sites\/11\/2023\/02\/Predinspekcijski-pregledi.png","type":"image\/png"}],"twitter_card":"summary_large_image","twitter_misc":{"Est. reading time":"3 minutes"},"schema":{"@context":"https:\/\/schema.org","@graph":[{"@type":"WebPage","@id":"https:\/\/interzero.hr\/en\/legal-regulations\/regulations\/","url":"https:\/\/interzero.hr\/en\/legal-regulations\/regulations\/","name":"Regulations - Interzero HR","isPartOf":{"@id":"https:\/\/interzero.hr\/en\/#website"},"primaryImageOfPage":{"@id":"https:\/\/interzero.hr\/en\/legal-regulations\/regulations\/#primaryimage"},"image":{"@id":"https:\/\/interzero.hr\/en\/legal-regulations\/regulations\/#primaryimage"},"thumbnailUrl":"https:\/\/interzero.hr\/wp-content\/uploads\/sites\/11\/2023\/02\/Predinspekcijski-pregledi.png","datePublished":"2023-01-31T10:08:36+00:00","dateModified":"2025-05-06T12:50:35+00:00","breadcrumb":{"@id":"https:\/\/interzero.hr\/en\/legal-regulations\/regulations\/#breadcrumb"},"inLanguage":"en-US","potentialAction":[{"@type":"ReadAction","target":["https:\/\/interzero.hr\/en\/legal-regulations\/regulations\/"]}]},{"@type":"ImageObject","inLanguage":"en-US","@id":"https:\/\/interzero.hr\/en\/legal-regulations\/regulations\/#primaryimage","url":"https:\/\/interzero.hr\/wp-content\/uploads\/sites\/11\/2023\/02\/Predinspekcijski-pregledi.png","contentUrl":"https:\/\/interzero.hr\/wp-content\/uploads\/sites\/11\/2023\/02\/Predinspekcijski-pregledi.png","width":1920,"height":500},{"@type":"BreadcrumbList","@id":"https:\/\/interzero.hr\/en\/legal-regulations\/regulations\/#breadcrumb","itemListElement":[{"@type":"ListItem","position":1,"name":"Home","item":"https:\/\/interzero.hr\/en\/interzero-croatia\/"},{"@type":"ListItem","position":2,"name":"Legal regulations","item":"https:\/\/interzero.hr\/en\/legal-regulations\/"},{"@type":"ListItem","position":3,"name":"Regulations"}]},{"@type":"WebSite","@id":"https:\/\/interzero.hr\/en\/#website","url":"https:\/\/interzero.hr\/en\/","name":"Interzero HR","description":"Interzero - Va\u0161 jak partner za usluge za\u0161tite okoli\u0161a","publisher":{"@id":"https:\/\/interzero.hr\/en\/#organization"},"potentialAction":[{"@type":"SearchAction","target":{"@type":"EntryPoint","urlTemplate":"https:\/\/interzero.hr\/en\/?s={search_term_string}"},"query-input":{"@type":"PropertyValueSpecification","valueRequired":true,"valueName":"search_term_string"}}],"inLanguage":"en-US"},{"@type":"Organization","@id":"https:\/\/interzero.hr\/en\/#organization","name":"Interzero Hrvatska","alternateName":"Interzero Croatia","url":"https:\/\/interzero.hr\/en\/","logo":{"@type":"ImageObject","inLanguage":"en-US","@id":"https:\/\/interzero.hr\/en\/#\/schema\/logo\/image\/","url":"https:\/\/interzero.hr\/wp-content\/uploads\/sites\/11\/2022\/10\/IZ-Logo-BG.png","contentUrl":"https:\/\/interzero.hr\/wp-content\/uploads\/sites\/11\/2022\/10\/IZ-Logo-BG.png","width":585,"height":365,"caption":"Interzero Hrvatska"},"image":{"@id":"https:\/\/interzero.hr\/en\/#\/schema\/logo\/image\/"},"sameAs":["https:\/\/www.facebook.com\/interzero.hr","https:\/\/www.linkedin.com\/company\/interzero-hrvatska\/"]}]}},"_links":{"self":[{"href":"https:\/\/interzero.hr\/en\/wp-json\/wp\/v2\/pages\/6809","targetHints":{"allow":["GET"]}}],"collection":[{"href":"https:\/\/interzero.hr\/en\/wp-json\/wp\/v2\/pages"}],"about":[{"href":"https:\/\/interzero.hr\/en\/wp-json\/wp\/v2\/types\/page"}],"author":[{"embeddable":true,"href":"https:\/\/interzero.hr\/en\/wp-json\/wp\/v2\/users\/16"}],"replies":[{"embeddable":true,"href":"https:\/\/interzero.hr\/en\/wp-json\/wp\/v2\/comments?post=6809"}],"version-history":[{"count":7,"href":"https:\/\/interzero.hr\/en\/wp-json\/wp\/v2\/pages\/6809\/revisions"}],"predecessor-version":[{"id":9528,"href":"https:\/\/interzero.hr\/en\/wp-json\/wp\/v2\/pages\/6809\/revisions\/9528"}],"up":[{"embeddable":true,"href":"https:\/\/interzero.hr\/en\/wp-json\/wp\/v2\/pages\/6758"}],"wp:featuredmedia":[{"embeddable":true,"href":"https:\/\/interzero.hr\/en\/wp-json\/wp\/v2\/media\/6170"}],"wp:attachment":[{"href":"https:\/\/interzero.hr\/en\/wp-json\/wp\/v2\/media?parent=6809"}],"wp:term":[{"taxonomy":"wf_page_folders","embeddable":true,"href":"https:\/\/interzero.hr\/en\/wp-json\/wp\/v2\/wf_page_folders?post=6809"}],"curies":[{"name":"wp","href":"https:\/\/api.w.org\/{rel}","templated":true}]}}