{"id":6840,"date":"2023-01-19T11:55:00","date_gmt":"2023-01-19T10:55:00","guid":{"rendered":"https:\/\/interzero.hr\/sustainability-2\/studies-and-certificates\/"},"modified":"2025-10-10T14:12:25","modified_gmt":"2025-10-10T12:12:25","slug":"studies-and-certificates","status":"publish","type":"page","link":"https:\/\/interzero.hr\/en\/sustainability-2\/studies-and-certificates\/","title":{"rendered":"Studies and certificates"},"content":{"rendered":"<div class=\"wpb-content-wrapper\"><p>[vc_row][vc_column width=&#8221;1\/1&#8243;][vc_custom_heading heading_semantic=&#8221;h1&#8243; uncode_shortcode_id=&#8221;750523&#8243;]<\/p>\n<h1 style=\"text-align: center\"><strong>Resources SAVED by recycling: Recycling is creating value<\/strong><\/h1>\n<p>[\/vc_custom_heading][\/vc_column][\/vc_row][vc_row][vc_column width=&#8221;1\/1&#8243;][vc_custom_heading uncode_shortcode_id=&#8221;206655&#8243;]<\/p>\n<h2>Through our work, together with our customers, we contribute to the preservation of valuable resources and climate protection. The renowned Fraunhofer Institute for Environmental, Safety and Energy Technology UMSICHT supports the positive ecological effects of this obligation in regular studies.<\/h2>\n<p>[\/vc_custom_heading][\/vc_column][\/vc_row][vc_row][vc_column width=&#8221;1\/2&#8243;][vc_column_text uncode_shortcode_id=&#8221;601835&#8243;]In its annual study \u201cresources SAVED by recycling\u201d, the Fraunhofer Institute UMSICHT calculates the extent to which the environment has been helped by Interzero\u2019s recycling services.<\/p>\n<p>In 2024 alone, this study showed that\u00a0<strong>1.9 million tonnes of resources were handled by closed-loop systems<\/strong>\u00a0run by Interzero\u2019s companies such as Interzero in Germany, Austria, Poland; Italy and Slovenia, saving around\u00a0<strong>8.09 million tonnes of primary raw materials<\/strong>.<\/p>\n<p>This corresponds to the weight of over four million SUVs. At the same time, Interzero&#8217;s recycling activities avoided a total of\u00a0<strong>1.04 million tonnes of greenhouse gas emissions<\/strong>. This equals the CO2 emissions from around 3.2 million single car journeys between Interzero&#8217;s locations in Warsaw and Valencia.**[\/vc_column_text][\/vc_column][vc_column width=&#8221;1\/2&#8243;][vc_single_image media=&#8221;9951&#8243; media_width_percent=&#8221;100&#8243; media_ratio=&#8221;three-two&#8221; uncode_shortcode_id=&#8221;103654&#8243;][\/vc_column][\/vc_row][vc_section][\/vc_section][vc_row row_height_percent=&#8221;0&#8243; override_padding=&#8221;yes&#8221; h_padding=&#8221;2&#8243; top_padding=&#8221;2&#8243; bottom_padding=&#8221;3&#8243; overlay_alpha=&#8221;50&#8243; gutter_size=&#8221;3&#8243; column_width_percent=&#8221;100&#8243; shift_y=&#8221;0&#8243; z_index=&#8221;0&#8243; uncode_shortcode_id=&#8221;746971&#8243;][vc_column width=&#8221;1\/1&#8243;][vc_single_image media=&#8221;9956&#8243; media_width_percent=&#8221;100&#8243; uncode_shortcode_id=&#8221;149061&#8243;][\/vc_column][\/vc_row][vc_row row_height_percent=&#8221;0&#8243; override_padding=&#8221;yes&#8221; h_padding=&#8221;2&#8243; top_padding=&#8221;3&#8243; bottom_padding=&#8221;3&#8243; back_color=&#8221;color-263416&#8243; overlay_alpha=&#8221;50&#8243; gutter_size=&#8221;3&#8243; column_width_percent=&#8221;100&#8243; shift_y=&#8221;0&#8243; z_index=&#8221;0&#8243; uncode_shortcode_id=&#8221;198210&#8243; back_color_type=&#8221;uncode-palette&#8221;][vc_column column_width_percent=&#8221;100&#8243; align_horizontal=&#8221;align_center&#8221; gutter_size=&#8221;3&#8243; style=&#8221;dark&#8221; overlay_alpha=&#8221;50&#8243; shift_x=&#8221;0&#8243; shift_y=&#8221;0&#8243; shift_y_down=&#8221;0&#8243; z_index=&#8221;0&#8243; medium_width=&#8221;0&#8243; mobile_width=&#8221;0&#8243; width=&#8221;1\/1&#8243; uncode_shortcode_id=&#8221;144568&#8243;][vc_single_image media=&#8221;5784&#8243; media_width_percent=&#8221;20&#8243; alignment=&#8221;center&#8221; shape=&#8221;img-round&#8221; uncode_shortcode_id=&#8221;177389&#8243;][vc_column_text text_color=&#8221;color-xsdn&#8221; uncode_shortcode_id=&#8221;184368&#8243; text_color_type=&#8221;uncode-palette&#8221;]<\/p>\n<h2>\u201cNow in its fifteenth year, this study makes the environmental benefits of recycling tangible and understandable. Looking to the future, this will be increasingly important to raise awareness of climate action and the sustainable handling of our raw materials among businesses and consumers,\u201d<\/h2>\n<p><strong>Dr.-ing. Markus Hiebel<\/strong><br \/>\nHead of the Sustainability and Resource Management Department of the Fraunhofer Institute UMSICHT[\/vc_column_text][\/vc_column][\/vc_row][vc_row row_height_percent=&#8221;0&#8243; override_padding=&#8221;yes&#8221; h_padding=&#8221;2&#8243; top_padding=&#8221;3&#8243; bottom_padding=&#8221;2&#8243; overlay_alpha=&#8221;50&#8243; gutter_size=&#8221;3&#8243; column_width_percent=&#8221;100&#8243; shift_y=&#8221;0&#8243; z_index=&#8221;0&#8243; uncode_shortcode_id=&#8221;106823&#8243;][vc_column width=&#8221;1\/3&#8243;][uncode_counter value=&#8221;8.085.617&#8243; counter_color=&#8221;&#8221; font=&#8221;font-212005&#8243; text=&#8221;In 2024, Interzero conserved around 8.09 million tonnes of primary resources by recycling 1.9 million tonnes of raw materials.&#8221; uncode_shortcode_id=&#8221;869682&#8243;][\/vc_column][vc_column width=&#8221;1\/3&#8243;][uncode_counter value=&#8221;1.041.974&#8243; counter_color=&#8221;&#8221; font=&#8221;font-212005&#8243; text=&#8221;The recycling activities of Interzero reduced greenhouse gas emissions by more than 1.04 million tonnes in the past year.&#8221; uncode_shortcode_id=&#8221;100300&#8243;][\/vc_column][vc_column width=&#8221;1\/3&#8243;][uncode_counter value=&#8221;731.596&#8243; counter_color=&#8221;&#8221; font=&#8221;font-212005&#8243; text=&#8221;Recycling of electrical appliances saved more than 730,000 tonnes of primary resources.&#8221; uncode_shortcode_id=&#8221;146181&#8243;][\/vc_column][\/vc_row][vc_row][vc_column width=&#8221;1\/3&#8243;][uncode_counter value=&#8221;192.662&#8243; counter_color=&#8221;&#8221; font=&#8221;font-212005&#8243; text=&#8221;The company processed more than 190,000 tonnes of paper, paperboard and cardboard, thus avoided round about 58,000 tonnes of greenhouse gas emissions.&#8221; uncode_shortcode_id=&#8221;119980&#8243;][\/vc_column][vc_column width=&#8221;1\/3&#8243;][uncode_counter value=&#8221;217.047&#8243; counter_color=&#8221;&#8221; font=&#8221;font-212005&#8243; text=&#8221;A total of more than 215,000 tonnes of used glass was recycled, which reduced the use of primary raw material by nearly 670,000 tonnes.&#8221; uncode_shortcode_id=&#8221;118048&#8243;][\/vc_column][vc_column width=&#8221;1\/3&#8243;][uncode_counter value=&#8221;968.559&#8243; counter_color=&#8221;&#8221; font=&#8221;font-212005&#8243; text=&#8221;The company recycled around 1 million tonnes of plastic, thereby conserving around 4 million tonnes of primary raw materials.&#8221; uncode_shortcode_id=&#8221;208505&#8243;][\/vc_column][\/vc_row][vc_row][vc_column column_width_percent=&#8221;100&#8243; align_horizontal=&#8221;align_center&#8221; gutter_size=&#8221;3&#8243; overlay_alpha=&#8221;50&#8243; shift_x=&#8221;0&#8243; shift_y=&#8221;0&#8243; shift_y_down=&#8221;0&#8243; z_index=&#8221;0&#8243; medium_width=&#8221;0&#8243; mobile_width=&#8221;0&#8243; width=&#8221;1\/1&#8243; uncode_shortcode_id=&#8221;379000&#8243;][vc_custom_heading uncode_shortcode_id=&#8221;485119&#8243;]<strong>&#8220;resources SAVED&#8221; &#8211; Certificates for our clients and partners<\/strong>[\/vc_custom_heading][\/vc_column][\/vc_row][vc_row row_height_percent=&#8221;0&#8243; override_padding=&#8221;yes&#8221; h_padding=&#8221;2&#8243; top_padding=&#8221;2&#8243; bottom_padding=&#8221;3&#8243; overlay_alpha=&#8221;50&#8243; gutter_size=&#8221;3&#8243; column_width_percent=&#8221;100&#8243; shift_y=&#8221;0&#8243; z_index=&#8221;0&#8243; uncode_shortcode_id=&#8221;164368&#8243;][vc_column width=&#8221;1\/2&#8243;][vc_single_image media=&#8221;9947&#8243; media_width_percent=&#8221;100&#8243; media_ratio=&#8221;three-two&#8221; uncode_shortcode_id=&#8221;189464&#8243; media_link=&#8221;url:https%3A%2F%2Finterzero.hr%2Fwp-content%2Fuploads%2Fsites%2F11%2F2025%2F10%2FInterzero_2025_leaflet_resources_SAVED_EN_-1.pdf&#8221;][\/vc_column][vc_column width=&#8221;1\/2&#8243;][vc_custom_heading uncode_shortcode_id=&#8221;160620&#8243;]<\/p>\n<h2>Brochure on the study &#8220;Resources SAVED by recycling&#8221; 2024<\/h2>\n<p>[\/vc_custom_heading][vc_button button_color=&#8221;color-263416&#8243; border_width=&#8221;0&#8243; uncode_shortcode_id=&#8221;195758&#8243; button_color_type=&#8221;uncode-palette&#8221; el_class=&#8221;blank&#8221; link=&#8221;url:https%3A%2F%2Finterzero.hr%2Fwp-content%2Fuploads%2Fsites%2F11%2F2025%2F10%2FInterzero_2025_leaflet_resources_SAVED_EN_-1.pdf&#8221;]Download now[\/vc_button][\/vc_column][\/vc_row][vc_row][vc_column width=&#8221;1\/1&#8243;][uncode_block id=&#8221;4510&#8243;][\/vc_column][\/vc_row]<\/p>\n<\/div>","protected":false},"excerpt":{"rendered":"<p>[vc_row][vc_column width=&#8221;1\/1&#8243;][vc_custom_heading heading_semantic=&#8221;h1&#8243; uncode_shortcode_id=&#8221;750523&#8243;] Resources SAVED by recycling: Recycling is creating value [\/vc_custom_heading][\/vc_column][\/vc_row][vc_row][vc_column width=&#8221;1\/1&#8243;][vc_custom_heading uncode_shortcode_id=&#8221;206655&#8243;] Through our work, together with [&hellip;]<\/p>\n","protected":false},"author":84,"featured_media":9949,"parent":6827,"menu_order":0,"comment_status":"closed","ping_status":"closed","template":"","meta":{"_acf_changed":false,"inline_featured_image":false,"footnotes":""},"wf_page_folders":[72],"class_list":["post-6840","page","type-page","status-publish","has-post-thumbnail","hentry","page_category-croatia-en"],"acf":[],"yoast_head":"<!-- This site is optimized with the Yoast SEO plugin v26.4 - https:\/\/yoast.com\/wordpress\/plugins\/seo\/ -->\n<title>Studies and certificates - Interzero HR<\/title>\n<meta name=\"description\" content=\"Through our work, together with our customers, we contribute to the preservation of valuable resources and climate protection. This is evidenced by the Resources saved by recycling certificate.\" \/>\n<meta name=\"robots\" content=\"index, follow, max-snippet:-1, max-image-preview:large, max-video-preview:-1\" \/>\n<link rel=\"canonical\" href=\"https:\/\/interzero.hr\/en\/sustainability-2\/studies-and-certificates\/\" \/>\n<meta property=\"og:locale\" content=\"en_US\" \/>\n<meta property=\"og:type\" content=\"article\" \/>\n<meta property=\"og:title\" content=\"Studies and certificates - Interzero HR\" \/>\n<meta property=\"og:description\" content=\"Through our work, together with our customers, we contribute to the preservation of valuable resources and climate protection. This is evidenced by the Resources saved by recycling certificate.\" \/>\n<meta property=\"og:url\" content=\"https:\/\/interzero.hr\/en\/sustainability-2\/studies-and-certificates\/\" \/>\n<meta property=\"og:site_name\" content=\"Interzero HR\" \/>\n<meta property=\"article:publisher\" content=\"https:\/\/www.facebook.com\/interzero.hr\" \/>\n<meta property=\"article:modified_time\" content=\"2025-10-10T12:12:25+00:00\" \/>\n<meta property=\"og:image\" content=\"https:\/\/interzero.hr\/wp-content\/uploads\/sites\/11\/2025\/10\/rS-KV-2025_Website-Unterseite-Header.webp\" \/>\n\t<meta property=\"og:image:width\" content=\"1870\" \/>\n\t<meta property=\"og:image:height\" content=\"455\" \/>\n\t<meta property=\"og:image:type\" content=\"image\/webp\" \/>\n<meta name=\"twitter:card\" content=\"summary_large_image\" \/>\n<meta name=\"twitter:label1\" content=\"Est. reading time\" \/>\n\t<meta name=\"twitter:data1\" content=\"3 minutes\" \/>\n<script type=\"application\/ld+json\" class=\"yoast-schema-graph\">{\"@context\":\"https:\/\/schema.org\",\"@graph\":[{\"@type\":\"WebPage\",\"@id\":\"https:\/\/interzero.hr\/en\/sustainability-2\/studies-and-certificates\/\",\"url\":\"https:\/\/interzero.hr\/en\/sustainability-2\/studies-and-certificates\/\",\"name\":\"Studies and certificates - Interzero HR\",\"isPartOf\":{\"@id\":\"https:\/\/interzero.hr\/en\/#website\"},\"primaryImageOfPage\":{\"@id\":\"https:\/\/interzero.hr\/en\/sustainability-2\/studies-and-certificates\/#primaryimage\"},\"image\":{\"@id\":\"https:\/\/interzero.hr\/en\/sustainability-2\/studies-and-certificates\/#primaryimage\"},\"thumbnailUrl\":\"https:\/\/interzero.hr\/wp-content\/uploads\/sites\/11\/2025\/10\/rS-KV-2025_Website-Unterseite-Header.webp\",\"datePublished\":\"2023-01-19T10:55:00+00:00\",\"dateModified\":\"2025-10-10T12:12:25+00:00\",\"description\":\"Through our work, together with our customers, we contribute to the preservation of valuable resources and climate protection. This is evidenced by the Resources saved by recycling certificate.\",\"breadcrumb\":{\"@id\":\"https:\/\/interzero.hr\/en\/sustainability-2\/studies-and-certificates\/#breadcrumb\"},\"inLanguage\":\"en-US\",\"potentialAction\":[{\"@type\":\"ReadAction\",\"target\":[\"https:\/\/interzero.hr\/en\/sustainability-2\/studies-and-certificates\/\"]}]},{\"@type\":\"ImageObject\",\"inLanguage\":\"en-US\",\"@id\":\"https:\/\/interzero.hr\/en\/sustainability-2\/studies-and-certificates\/#primaryimage\",\"url\":\"https:\/\/interzero.hr\/wp-content\/uploads\/sites\/11\/2025\/10\/rS-KV-2025_Website-Unterseite-Header.webp\",\"contentUrl\":\"https:\/\/interzero.hr\/wp-content\/uploads\/sites\/11\/2025\/10\/rS-KV-2025_Website-Unterseite-Header.webp\",\"width\":1870,\"height\":455},{\"@type\":\"BreadcrumbList\",\"@id\":\"https:\/\/interzero.hr\/en\/sustainability-2\/studies-and-certificates\/#breadcrumb\",\"itemListElement\":[{\"@type\":\"ListItem\",\"position\":1,\"name\":\"Home\",\"item\":\"https:\/\/interzero.hr\/en\/interzero-croatia\/\"},{\"@type\":\"ListItem\",\"position\":2,\"name\":\"Sustainability\",\"item\":\"https:\/\/interzero.hr\/en\/sustainability-2\/\"},{\"@type\":\"ListItem\",\"position\":3,\"name\":\"Studies and certificates\"}]},{\"@type\":\"WebSite\",\"@id\":\"https:\/\/interzero.hr\/en\/#website\",\"url\":\"https:\/\/interzero.hr\/en\/\",\"name\":\"Interzero HR\",\"description\":\"Interzero - Va\u0161 jak partner za usluge za\u0161tite okoli\u0161a\",\"publisher\":{\"@id\":\"https:\/\/interzero.hr\/en\/#organization\"},\"potentialAction\":[{\"@type\":\"SearchAction\",\"target\":{\"@type\":\"EntryPoint\",\"urlTemplate\":\"https:\/\/interzero.hr\/en\/?s={search_term_string}\"},\"query-input\":{\"@type\":\"PropertyValueSpecification\",\"valueRequired\":true,\"valueName\":\"search_term_string\"}}],\"inLanguage\":\"en-US\"},{\"@type\":\"Organization\",\"@id\":\"https:\/\/interzero.hr\/en\/#organization\",\"name\":\"Interzero Hrvatska\",\"alternateName\":\"Interzero Croatia\",\"url\":\"https:\/\/interzero.hr\/en\/\",\"logo\":{\"@type\":\"ImageObject\",\"inLanguage\":\"en-US\",\"@id\":\"https:\/\/interzero.hr\/en\/#\/schema\/logo\/image\/\",\"url\":\"https:\/\/interzero.hr\/wp-content\/uploads\/sites\/11\/2022\/10\/IZ-Logo-BG.png\",\"contentUrl\":\"https:\/\/interzero.hr\/wp-content\/uploads\/sites\/11\/2022\/10\/IZ-Logo-BG.png\",\"width\":585,\"height\":365,\"caption\":\"Interzero Hrvatska\"},\"image\":{\"@id\":\"https:\/\/interzero.hr\/en\/#\/schema\/logo\/image\/\"},\"sameAs\":[\"https:\/\/www.facebook.com\/interzero.hr\",\"https:\/\/www.linkedin.com\/company\/interzero-hrvatska\/\"]}]}<\/script>\n<!-- \/ Yoast SEO plugin. -->","yoast_head_json":{"title":"Studies and certificates - Interzero HR","description":"Through our work, together with our customers, we contribute to the preservation of valuable resources and climate protection. This is evidenced by the Resources saved by recycling certificate.","robots":{"index":"index","follow":"follow","max-snippet":"max-snippet:-1","max-image-preview":"max-image-preview:large","max-video-preview":"max-video-preview:-1"},"canonical":"https:\/\/interzero.hr\/en\/sustainability-2\/studies-and-certificates\/","og_locale":"en_US","og_type":"article","og_title":"Studies and certificates - Interzero HR","og_description":"Through our work, together with our customers, we contribute to the preservation of valuable resources and climate protection. This is evidenced by the Resources saved by recycling certificate.","og_url":"https:\/\/interzero.hr\/en\/sustainability-2\/studies-and-certificates\/","og_site_name":"Interzero HR","article_publisher":"https:\/\/www.facebook.com\/interzero.hr","article_modified_time":"2025-10-10T12:12:25+00:00","og_image":[{"width":1870,"height":455,"url":"https:\/\/interzero.hr\/wp-content\/uploads\/sites\/11\/2025\/10\/rS-KV-2025_Website-Unterseite-Header.webp","type":"image\/webp"}],"twitter_card":"summary_large_image","twitter_misc":{"Est. reading time":"3 minutes"},"schema":{"@context":"https:\/\/schema.org","@graph":[{"@type":"WebPage","@id":"https:\/\/interzero.hr\/en\/sustainability-2\/studies-and-certificates\/","url":"https:\/\/interzero.hr\/en\/sustainability-2\/studies-and-certificates\/","name":"Studies and certificates - Interzero HR","isPartOf":{"@id":"https:\/\/interzero.hr\/en\/#website"},"primaryImageOfPage":{"@id":"https:\/\/interzero.hr\/en\/sustainability-2\/studies-and-certificates\/#primaryimage"},"image":{"@id":"https:\/\/interzero.hr\/en\/sustainability-2\/studies-and-certificates\/#primaryimage"},"thumbnailUrl":"https:\/\/interzero.hr\/wp-content\/uploads\/sites\/11\/2025\/10\/rS-KV-2025_Website-Unterseite-Header.webp","datePublished":"2023-01-19T10:55:00+00:00","dateModified":"2025-10-10T12:12:25+00:00","description":"Through our work, together with our customers, we contribute to the preservation of valuable resources and climate protection. This is evidenced by the Resources saved by recycling certificate.","breadcrumb":{"@id":"https:\/\/interzero.hr\/en\/sustainability-2\/studies-and-certificates\/#breadcrumb"},"inLanguage":"en-US","potentialAction":[{"@type":"ReadAction","target":["https:\/\/interzero.hr\/en\/sustainability-2\/studies-and-certificates\/"]}]},{"@type":"ImageObject","inLanguage":"en-US","@id":"https:\/\/interzero.hr\/en\/sustainability-2\/studies-and-certificates\/#primaryimage","url":"https:\/\/interzero.hr\/wp-content\/uploads\/sites\/11\/2025\/10\/rS-KV-2025_Website-Unterseite-Header.webp","contentUrl":"https:\/\/interzero.hr\/wp-content\/uploads\/sites\/11\/2025\/10\/rS-KV-2025_Website-Unterseite-Header.webp","width":1870,"height":455},{"@type":"BreadcrumbList","@id":"https:\/\/interzero.hr\/en\/sustainability-2\/studies-and-certificates\/#breadcrumb","itemListElement":[{"@type":"ListItem","position":1,"name":"Home","item":"https:\/\/interzero.hr\/en\/interzero-croatia\/"},{"@type":"ListItem","position":2,"name":"Sustainability","item":"https:\/\/interzero.hr\/en\/sustainability-2\/"},{"@type":"ListItem","position":3,"name":"Studies and certificates"}]},{"@type":"WebSite","@id":"https:\/\/interzero.hr\/en\/#website","url":"https:\/\/interzero.hr\/en\/","name":"Interzero HR","description":"Interzero - Va\u0161 jak partner za usluge za\u0161tite okoli\u0161a","publisher":{"@id":"https:\/\/interzero.hr\/en\/#organization"},"potentialAction":[{"@type":"SearchAction","target":{"@type":"EntryPoint","urlTemplate":"https:\/\/interzero.hr\/en\/?s={search_term_string}"},"query-input":{"@type":"PropertyValueSpecification","valueRequired":true,"valueName":"search_term_string"}}],"inLanguage":"en-US"},{"@type":"Organization","@id":"https:\/\/interzero.hr\/en\/#organization","name":"Interzero Hrvatska","alternateName":"Interzero Croatia","url":"https:\/\/interzero.hr\/en\/","logo":{"@type":"ImageObject","inLanguage":"en-US","@id":"https:\/\/interzero.hr\/en\/#\/schema\/logo\/image\/","url":"https:\/\/interzero.hr\/wp-content\/uploads\/sites\/11\/2022\/10\/IZ-Logo-BG.png","contentUrl":"https:\/\/interzero.hr\/wp-content\/uploads\/sites\/11\/2022\/10\/IZ-Logo-BG.png","width":585,"height":365,"caption":"Interzero Hrvatska"},"image":{"@id":"https:\/\/interzero.hr\/en\/#\/schema\/logo\/image\/"},"sameAs":["https:\/\/www.facebook.com\/interzero.hr","https:\/\/www.linkedin.com\/company\/interzero-hrvatska\/"]}]}},"_links":{"self":[{"href":"https:\/\/interzero.hr\/en\/wp-json\/wp\/v2\/pages\/6840","targetHints":{"allow":["GET"]}}],"collection":[{"href":"https:\/\/interzero.hr\/en\/wp-json\/wp\/v2\/pages"}],"about":[{"href":"https:\/\/interzero.hr\/en\/wp-json\/wp\/v2\/types\/page"}],"author":[{"embeddable":true,"href":"https:\/\/interzero.hr\/en\/wp-json\/wp\/v2\/users\/84"}],"replies":[{"embeddable":true,"href":"https:\/\/interzero.hr\/en\/wp-json\/wp\/v2\/comments?post=6840"}],"version-history":[{"count":37,"href":"https:\/\/interzero.hr\/en\/wp-json\/wp\/v2\/pages\/6840\/revisions"}],"predecessor-version":[{"id":9959,"href":"https:\/\/interzero.hr\/en\/wp-json\/wp\/v2\/pages\/6840\/revisions\/9959"}],"up":[{"embeddable":true,"href":"https:\/\/interzero.hr\/en\/wp-json\/wp\/v2\/pages\/6827"}],"wp:featuredmedia":[{"embeddable":true,"href":"https:\/\/interzero.hr\/en\/wp-json\/wp\/v2\/media\/9949"}],"wp:attachment":[{"href":"https:\/\/interzero.hr\/en\/wp-json\/wp\/v2\/media?parent=6840"}],"wp:term":[{"taxonomy":"wf_page_folders","embeddable":true,"href":"https:\/\/interzero.hr\/en\/wp-json\/wp\/v2\/wf_page_folders?post=6840"}],"curies":[{"name":"wp","href":"https:\/\/api.w.org\/{rel}","templated":true}]}}