{"id":6862,"date":"2023-02-03T13:37:08","date_gmt":"2023-02-03T12:37:08","guid":{"rendered":"https:\/\/interzero.hr\/services\/trading-in-raw-materials\/sorting-of-raw-materials\/"},"modified":"2023-10-02T16:14:27","modified_gmt":"2023-10-02T14:14:27","slug":"sorting-of-raw-materials","status":"publish","type":"page","link":"https:\/\/interzero.hr\/en\/services\/trading-in-raw-materials\/sorting-of-raw-materials\/","title":{"rendered":"Sorting of raw materials"},"content":{"rendered":"<div class=\"wpb-content-wrapper\"><p>[vc_row][vc_column column_width_percent=&#8221;100&#8243; align_horizontal=&#8221;align_center&#8221; gutter_size=&#8221;3&#8243; overlay_alpha=&#8221;50&#8243; shift_x=&#8221;0&#8243; shift_y=&#8221;0&#8243; shift_y_down=&#8221;0&#8243; z_index=&#8221;0&#8243; medium_width=&#8221;0&#8243; mobile_width=&#8221;0&#8243; width=&#8221;1\/1&#8243; uncode_shortcode_id=&#8221;108666&#8243;][vc_custom_heading uncode_shortcode_id=&#8221;385834&#8243;]<\/p>\n<h1><strong>Sorting of raw materials<\/strong><\/h1>\n<p>[\/vc_custom_heading][vc_column_text uncode_shortcode_id=&#8221;202209&#8243;]<\/p>\n<h2>By quickly separating the waste into different bins, the possibilities for later sorting and obtaining raw materials of the highest quality increase.<\/h2>\n<p>[\/vc_column_text][\/vc_column][\/vc_row][vc_row][vc_column width=&#8221;1\/1&#8243;][vc_column_text uncode_shortcode_id=&#8221;207746&#8243;]<\/p>\n<div class=\"col-xs-12\">\n<div id=\"c2996\" class=\"frame frame-default frame-type-textmedia frame-layout-110\">\n<div class=\"ce-textpic ce-right ce-intext\">\n<div class=\"ce-bodytext\">\n<h2><b>Collection of mixed plastics for sorting<\/b><\/h2>\n<div class=\"ce-textpic ce-right ce-intext\">\n<div class=\"ce-bodytext\">\n<p><b><\/b>Whether in bulk or baled, in your warehouse or delivered to us, we take the following raw materials for sorting and put together an individual offer for you:<\/p>\n<ul>\n<li>mixed household plastic (yellow bin) baled \/ bulk<\/li>\n<li>PET bottles for sorting (transparent \/ colorful \/ chemistry)<\/li>\n<li>mixed HDPE &#8211; PP &#8211; PET &#8211; PS<\/li>\n<li>mixed hard plastic<\/li>\n<\/ul>\n<\/div>\n<\/div>\n<\/div>\n<\/div>\n<\/div>\n<\/div>\n<div class=\"col-xs-12\">\n<div id=\"c1277\" class=\"frame frame-default frame-type-textmedia frame-layout-110\">\n<div class=\"ce-textpic ce-right ce-intext\">\n<div class=\"ce-bodytext\">\n<h3><\/h3>\n<\/div>\n<\/div>\n<\/div>\n<\/div>\n<p>[\/vc_column_text][\/vc_column][\/vc_row][vc_row row_height_percent=&#8221;0&#8243; back_color=&#8221;color-870240&#8243; overlay_alpha=&#8221;50&#8243; gutter_size=&#8221;3&#8243; column_width_percent=&#8221;100&#8243; shift_y=&#8221;0&#8243; z_index=&#8221;0&#8243; uncode_shortcode_id=&#8221;173905&#8243; back_color_type=&#8221;uncode-palette&#8221;][vc_column column_width_percent=&#8221;100&#8243; align_horizontal=&#8221;align_center&#8221; gutter_size=&#8221;3&#8243; overlay_alpha=&#8221;50&#8243; shift_x=&#8221;0&#8243; shift_y=&#8221;0&#8243; shift_y_down=&#8221;0&#8243; z_index=&#8221;0&#8243; medium_width=&#8221;0&#8243; mobile_width=&#8221;0&#8243; width=&#8221;1\/1&#8243; uncode_shortcode_id=&#8221;152781&#8243;][vc_column_text uncode_shortcode_id=&#8221;348777&#8243;]<\/p>\n<h2><strong>Contact us for more information regarding the sorting of waste raw materials or for an individual offer!<\/strong><\/h2>\n<p>[\/vc_column_text][\/vc_column][\/vc_row][vc_row][vc_column width=&#8221;1\/1&#8243;][\/vc_column][\/vc_row][vc_row][vc_column width=&#8221;1\/1&#8243;][uncode_block id=&#8221;4510&#8243;][\/vc_column][\/vc_row]<\/p>\n<\/div>","protected":false},"excerpt":{"rendered":"<p>[vc_row][vc_column column_width_percent=&#8221;100&#8243; align_horizontal=&#8221;align_center&#8221; gutter_size=&#8221;3&#8243; overlay_alpha=&#8221;50&#8243; shift_x=&#8221;0&#8243; shift_y=&#8221;0&#8243; shift_y_down=&#8221;0&#8243; z_index=&#8221;0&#8243; medium_width=&#8221;0&#8243; mobile_width=&#8221;0&#8243; width=&#8221;1\/1&#8243; uncode_shortcode_id=&#8221;108666&#8243;][vc_custom_heading uncode_shortcode_id=&#8221;385834&#8243;] Sorting of raw materials [\/vc_custom_heading][vc_column_text uncode_shortcode_id=&#8221;202209&#8243;] [&hellip;]<\/p>\n","protected":false},"author":84,"featured_media":5681,"parent":6725,"menu_order":0,"comment_status":"closed","ping_status":"closed","template":"","meta":{"_acf_changed":false,"inline_featured_image":false,"footnotes":""},"wf_page_folders":[72],"class_list":["post-6862","page","type-page","status-publish","has-post-thumbnail","hentry","page_category-croatia-en"],"acf":[],"yoast_head":"<!-- This site is optimized with the Yoast SEO plugin v26.4 - https:\/\/yoast.com\/wordpress\/plugins\/seo\/ -->\n<title>Sorting of raw materials - Interzero HR<\/title>\n<meta name=\"description\" content=\"Whether in bulk or baled, in your warehouse or delivered to us, we take different raw materials for sorting.\" \/>\n<meta name=\"robots\" content=\"index, follow, max-snippet:-1, max-image-preview:large, max-video-preview:-1\" \/>\n<link rel=\"canonical\" href=\"https:\/\/interzero.hr\/en\/services\/trading-in-raw-materials\/sorting-of-raw-materials\/\" \/>\n<meta property=\"og:locale\" content=\"en_US\" \/>\n<meta property=\"og:type\" content=\"article\" \/>\n<meta property=\"og:title\" content=\"Sorting of raw materials - Interzero HR\" \/>\n<meta property=\"og:description\" content=\"Whether in bulk or baled, in your warehouse or delivered to us, we take different raw materials for sorting.\" \/>\n<meta property=\"og:url\" content=\"https:\/\/interzero.hr\/en\/services\/trading-in-raw-materials\/sorting-of-raw-materials\/\" \/>\n<meta property=\"og:site_name\" content=\"Interzero HR\" \/>\n<meta property=\"article:publisher\" content=\"https:\/\/www.facebook.com\/interzero.hr\" \/>\n<meta property=\"article:modified_time\" content=\"2023-10-02T14:14:27+00:00\" \/>\n<meta property=\"og:image\" content=\"https:\/\/interzero.hr\/wp-content\/uploads\/sites\/11\/2022\/10\/header-sortiraje.jpg\" \/>\n\t<meta property=\"og:image:width\" content=\"1352\" \/>\n\t<meta property=\"og:image:height\" content=\"555\" \/>\n\t<meta property=\"og:image:type\" content=\"image\/jpeg\" \/>\n<meta name=\"twitter:card\" content=\"summary_large_image\" \/>\n<meta name=\"twitter:label1\" content=\"Est. reading time\" \/>\n\t<meta name=\"twitter:data1\" content=\"1 minute\" \/>\n<script type=\"application\/ld+json\" class=\"yoast-schema-graph\">{\"@context\":\"https:\/\/schema.org\",\"@graph\":[{\"@type\":\"WebPage\",\"@id\":\"https:\/\/interzero.hr\/en\/services\/trading-in-raw-materials\/sorting-of-raw-materials\/\",\"url\":\"https:\/\/interzero.hr\/en\/services\/trading-in-raw-materials\/sorting-of-raw-materials\/\",\"name\":\"Sorting of raw materials - Interzero HR\",\"isPartOf\":{\"@id\":\"https:\/\/interzero.hr\/en\/#website\"},\"primaryImageOfPage\":{\"@id\":\"https:\/\/interzero.hr\/en\/services\/trading-in-raw-materials\/sorting-of-raw-materials\/#primaryimage\"},\"image\":{\"@id\":\"https:\/\/interzero.hr\/en\/services\/trading-in-raw-materials\/sorting-of-raw-materials\/#primaryimage\"},\"thumbnailUrl\":\"https:\/\/interzero.hr\/wp-content\/uploads\/sites\/11\/2022\/10\/header-sortiraje.jpg\",\"datePublished\":\"2023-02-03T12:37:08+00:00\",\"dateModified\":\"2023-10-02T14:14:27+00:00\",\"description\":\"Whether in bulk or baled, in your warehouse or delivered to us, we take different raw materials for sorting.\",\"breadcrumb\":{\"@id\":\"https:\/\/interzero.hr\/en\/services\/trading-in-raw-materials\/sorting-of-raw-materials\/#breadcrumb\"},\"inLanguage\":\"en-US\",\"potentialAction\":[{\"@type\":\"ReadAction\",\"target\":[\"https:\/\/interzero.hr\/en\/services\/trading-in-raw-materials\/sorting-of-raw-materials\/\"]}]},{\"@type\":\"ImageObject\",\"inLanguage\":\"en-US\",\"@id\":\"https:\/\/interzero.hr\/en\/services\/trading-in-raw-materials\/sorting-of-raw-materials\/#primaryimage\",\"url\":\"https:\/\/interzero.hr\/wp-content\/uploads\/sites\/11\/2022\/10\/header-sortiraje.jpg\",\"contentUrl\":\"https:\/\/interzero.hr\/wp-content\/uploads\/sites\/11\/2022\/10\/header-sortiraje.jpg\",\"width\":1352,\"height\":555,\"caption\":\"Cute boy holding different garbage. Recycling concept.\"},{\"@type\":\"BreadcrumbList\",\"@id\":\"https:\/\/interzero.hr\/en\/services\/trading-in-raw-materials\/sorting-of-raw-materials\/#breadcrumb\",\"itemListElement\":[{\"@type\":\"ListItem\",\"position\":1,\"name\":\"Home\",\"item\":\"https:\/\/interzero.hr\/en\/interzero-croatia\/\"},{\"@type\":\"ListItem\",\"position\":2,\"name\":\"Services\",\"item\":\"https:\/\/interzero.hr\/en\/services\/\"},{\"@type\":\"ListItem\",\"position\":3,\"name\":\"Trading in raw materials\",\"item\":\"https:\/\/interzero.hr\/en\/services\/trading-in-raw-materials\/\"},{\"@type\":\"ListItem\",\"position\":4,\"name\":\"Sorting of raw materials\"}]},{\"@type\":\"WebSite\",\"@id\":\"https:\/\/interzero.hr\/en\/#website\",\"url\":\"https:\/\/interzero.hr\/en\/\",\"name\":\"Interzero HR\",\"description\":\"Interzero - Va\u0161 jak partner za usluge za\u0161tite okoli\u0161a\",\"publisher\":{\"@id\":\"https:\/\/interzero.hr\/en\/#organization\"},\"potentialAction\":[{\"@type\":\"SearchAction\",\"target\":{\"@type\":\"EntryPoint\",\"urlTemplate\":\"https:\/\/interzero.hr\/en\/?s={search_term_string}\"},\"query-input\":{\"@type\":\"PropertyValueSpecification\",\"valueRequired\":true,\"valueName\":\"search_term_string\"}}],\"inLanguage\":\"en-US\"},{\"@type\":\"Organization\",\"@id\":\"https:\/\/interzero.hr\/en\/#organization\",\"name\":\"Interzero Hrvatska\",\"alternateName\":\"Interzero Croatia\",\"url\":\"https:\/\/interzero.hr\/en\/\",\"logo\":{\"@type\":\"ImageObject\",\"inLanguage\":\"en-US\",\"@id\":\"https:\/\/interzero.hr\/en\/#\/schema\/logo\/image\/\",\"url\":\"https:\/\/interzero.hr\/wp-content\/uploads\/sites\/11\/2022\/10\/IZ-Logo-BG.png\",\"contentUrl\":\"https:\/\/interzero.hr\/wp-content\/uploads\/sites\/11\/2022\/10\/IZ-Logo-BG.png\",\"width\":585,\"height\":365,\"caption\":\"Interzero Hrvatska\"},\"image\":{\"@id\":\"https:\/\/interzero.hr\/en\/#\/schema\/logo\/image\/\"},\"sameAs\":[\"https:\/\/www.facebook.com\/interzero.hr\",\"https:\/\/www.linkedin.com\/company\/interzero-hrvatska\/\"]}]}<\/script>\n<!-- \/ Yoast SEO plugin. -->","yoast_head_json":{"title":"Sorting of raw materials - Interzero HR","description":"Whether in bulk or baled, in your warehouse or delivered to us, we take different raw materials for sorting.","robots":{"index":"index","follow":"follow","max-snippet":"max-snippet:-1","max-image-preview":"max-image-preview:large","max-video-preview":"max-video-preview:-1"},"canonical":"https:\/\/interzero.hr\/en\/services\/trading-in-raw-materials\/sorting-of-raw-materials\/","og_locale":"en_US","og_type":"article","og_title":"Sorting of raw materials - Interzero HR","og_description":"Whether in bulk or baled, in your warehouse or delivered to us, we take different raw materials for sorting.","og_url":"https:\/\/interzero.hr\/en\/services\/trading-in-raw-materials\/sorting-of-raw-materials\/","og_site_name":"Interzero HR","article_publisher":"https:\/\/www.facebook.com\/interzero.hr","article_modified_time":"2023-10-02T14:14:27+00:00","og_image":[{"width":1352,"height":555,"url":"https:\/\/interzero.hr\/wp-content\/uploads\/sites\/11\/2022\/10\/header-sortiraje.jpg","type":"image\/jpeg"}],"twitter_card":"summary_large_image","twitter_misc":{"Est. reading time":"1 minute"},"schema":{"@context":"https:\/\/schema.org","@graph":[{"@type":"WebPage","@id":"https:\/\/interzero.hr\/en\/services\/trading-in-raw-materials\/sorting-of-raw-materials\/","url":"https:\/\/interzero.hr\/en\/services\/trading-in-raw-materials\/sorting-of-raw-materials\/","name":"Sorting of raw materials - Interzero HR","isPartOf":{"@id":"https:\/\/interzero.hr\/en\/#website"},"primaryImageOfPage":{"@id":"https:\/\/interzero.hr\/en\/services\/trading-in-raw-materials\/sorting-of-raw-materials\/#primaryimage"},"image":{"@id":"https:\/\/interzero.hr\/en\/services\/trading-in-raw-materials\/sorting-of-raw-materials\/#primaryimage"},"thumbnailUrl":"https:\/\/interzero.hr\/wp-content\/uploads\/sites\/11\/2022\/10\/header-sortiraje.jpg","datePublished":"2023-02-03T12:37:08+00:00","dateModified":"2023-10-02T14:14:27+00:00","description":"Whether in bulk or baled, in your warehouse or delivered to us, we take different raw materials for sorting.","breadcrumb":{"@id":"https:\/\/interzero.hr\/en\/services\/trading-in-raw-materials\/sorting-of-raw-materials\/#breadcrumb"},"inLanguage":"en-US","potentialAction":[{"@type":"ReadAction","target":["https:\/\/interzero.hr\/en\/services\/trading-in-raw-materials\/sorting-of-raw-materials\/"]}]},{"@type":"ImageObject","inLanguage":"en-US","@id":"https:\/\/interzero.hr\/en\/services\/trading-in-raw-materials\/sorting-of-raw-materials\/#primaryimage","url":"https:\/\/interzero.hr\/wp-content\/uploads\/sites\/11\/2022\/10\/header-sortiraje.jpg","contentUrl":"https:\/\/interzero.hr\/wp-content\/uploads\/sites\/11\/2022\/10\/header-sortiraje.jpg","width":1352,"height":555,"caption":"Cute boy holding different garbage. Recycling concept."},{"@type":"BreadcrumbList","@id":"https:\/\/interzero.hr\/en\/services\/trading-in-raw-materials\/sorting-of-raw-materials\/#breadcrumb","itemListElement":[{"@type":"ListItem","position":1,"name":"Home","item":"https:\/\/interzero.hr\/en\/interzero-croatia\/"},{"@type":"ListItem","position":2,"name":"Services","item":"https:\/\/interzero.hr\/en\/services\/"},{"@type":"ListItem","position":3,"name":"Trading in raw materials","item":"https:\/\/interzero.hr\/en\/services\/trading-in-raw-materials\/"},{"@type":"ListItem","position":4,"name":"Sorting of raw materials"}]},{"@type":"WebSite","@id":"https:\/\/interzero.hr\/en\/#website","url":"https:\/\/interzero.hr\/en\/","name":"Interzero HR","description":"Interzero - Va\u0161 jak partner za usluge za\u0161tite okoli\u0161a","publisher":{"@id":"https:\/\/interzero.hr\/en\/#organization"},"potentialAction":[{"@type":"SearchAction","target":{"@type":"EntryPoint","urlTemplate":"https:\/\/interzero.hr\/en\/?s={search_term_string}"},"query-input":{"@type":"PropertyValueSpecification","valueRequired":true,"valueName":"search_term_string"}}],"inLanguage":"en-US"},{"@type":"Organization","@id":"https:\/\/interzero.hr\/en\/#organization","name":"Interzero Hrvatska","alternateName":"Interzero Croatia","url":"https:\/\/interzero.hr\/en\/","logo":{"@type":"ImageObject","inLanguage":"en-US","@id":"https:\/\/interzero.hr\/en\/#\/schema\/logo\/image\/","url":"https:\/\/interzero.hr\/wp-content\/uploads\/sites\/11\/2022\/10\/IZ-Logo-BG.png","contentUrl":"https:\/\/interzero.hr\/wp-content\/uploads\/sites\/11\/2022\/10\/IZ-Logo-BG.png","width":585,"height":365,"caption":"Interzero Hrvatska"},"image":{"@id":"https:\/\/interzero.hr\/en\/#\/schema\/logo\/image\/"},"sameAs":["https:\/\/www.facebook.com\/interzero.hr","https:\/\/www.linkedin.com\/company\/interzero-hrvatska\/"]}]}},"_links":{"self":[{"href":"https:\/\/interzero.hr\/en\/wp-json\/wp\/v2\/pages\/6862","targetHints":{"allow":["GET"]}}],"collection":[{"href":"https:\/\/interzero.hr\/en\/wp-json\/wp\/v2\/pages"}],"about":[{"href":"https:\/\/interzero.hr\/en\/wp-json\/wp\/v2\/types\/page"}],"author":[{"embeddable":true,"href":"https:\/\/interzero.hr\/en\/wp-json\/wp\/v2\/users\/84"}],"replies":[{"embeddable":true,"href":"https:\/\/interzero.hr\/en\/wp-json\/wp\/v2\/comments?post=6862"}],"version-history":[{"count":8,"href":"https:\/\/interzero.hr\/en\/wp-json\/wp\/v2\/pages\/6862\/revisions"}],"predecessor-version":[{"id":7764,"href":"https:\/\/interzero.hr\/en\/wp-json\/wp\/v2\/pages\/6862\/revisions\/7764"}],"up":[{"embeddable":true,"href":"https:\/\/interzero.hr\/en\/wp-json\/wp\/v2\/pages\/6725"}],"wp:featuredmedia":[{"embeddable":true,"href":"https:\/\/interzero.hr\/en\/wp-json\/wp\/v2\/media\/5681"}],"wp:attachment":[{"href":"https:\/\/interzero.hr\/en\/wp-json\/wp\/v2\/media?parent=6862"}],"wp:term":[{"taxonomy":"wf_page_folders","embeddable":true,"href":"https:\/\/interzero.hr\/en\/wp-json\/wp\/v2\/wf_page_folders?post=6862"}],"curies":[{"name":"wp","href":"https:\/\/api.w.org\/{rel}","templated":true}]}}